{"id":2027,"date":"2022-03-26T12:47:27","date_gmt":"2022-03-26T09:47:27","guid":{"rendered":"https:\/\/uniapplygermany.com\/?page_id=2027"},"modified":"2024-11-21T14:49:21","modified_gmt":"2024-11-21T11:49:21","slug":"zweitstudium","status":"publish","type":"page","link":"https:\/\/uniapplygermany.com\/es\/estudiar\/universidad\/zweitstudium\/","title":{"rendered":"segundo grado"},"content":{"rendered":"<div class=\"wp-block-group alignwide\"><div class=\"wp-block-group__inner-container is-layout-flow wp-block-group-is-layout-flow\">\n<h3 class=\"wp-block-heading\">Zweitstudium<\/h3>\n\n\n\n<h4 class=\"wp-block-heading\">\u00bfCu\u00e1ndo un programa de estudios es una segunda ense\u00f1anza superior?<\/h4>\n\n\n\n<ul class=\"wp-block-list\"><li>Cursar un programa de licenciatura tras finalizar una primera licenciatura en Alemania<\/li><li>Cursar un m\u00e1ster tras finalizar un m\u00e1ster en Alemania<\/li><\/ul>\n\n\n\n<h4 class=\"wp-block-heading\">Cuando el plan de estudios <strong>NO<\/strong> \u00bfes un segundo grado?<\/h4>\n\n\n\n<ul class=\"wp-block-list\"><li>Cambio de orientaci\u00f3n de los estudios antes de obtener el t\u00edtulo<\/li><li>M\u00e1ster tras la finalizaci\u00f3n con \u00e9xito de un programa de licenciatura<\/li><li>M\u00faltiples titulaciones. Si un estudiante est\u00e1 matriculado en m\u00e1s de un programa al mismo tiempo, se denomina estudio simult\u00e1neo o multigrado.<\/li><\/ul>\n\n\n\n<h4 class=\"wp-block-heading\">Coste de una segunda ense\u00f1anza superior<\/h4>\n\n\n\n<p class=\"wp-block-paragraph\">En los estados federados de Baden-Wurtemberg, Renania-Palatinado y Sajonia-Anhalt se cobra una tasa de 500-650 euros por una segunda titulaci\u00f3n universitaria.<\/p>\n\n\n\n<div class=\"wp-block-buttons is-content-justification-center is-layout-flex wp-container-core-buttons-is-layout-fe48e5de wp-block-buttons-is-layout-flex\">\n<div class=\"wp-block-button\"><a class=\"wp-block-button__link has-background wp-element-button\" href=\"https:\/\/uniapplygermany.com\/es\/servicio\/\" style=\"border-radius:100px;background-color:#a9c85c;\">Ir a los servicios UniApply<\/a><\/div>\n<\/div>\n\n\n\n<p class=\"wp-block-paragraph\"><\/p>\n<\/div><\/div>","protected":false},"excerpt":{"rendered":"<p>Zweitstudium \u00bfCu\u00e1ndo un programa de estudios es una segunda titulaci\u00f3n universitaria? Estudios de licenciatura despu\u00e9s de haber cursado estudios de licenciatura en Alemania Estudios de m\u00e1ster despu\u00e9s de haber cursado estudios de m\u00e1ster en Alemania \u00bfCu\u00e1ndo NO es un estudio una segunda titulaci\u00f3n? Cambio de direcci\u00f3n de los estudios antes de la graduaci\u00f3n T\u00edtulo de m\u00e1ster tras la finalizaci\u00f3n con \u00e9xito de un programa de licenciatura Programas multigrado. Si un estudiante cursa simult\u00e1neamente ... <a href=\"https:\/\/uniapplygermany.com\/es\/estudiar\/universidad\/zweitstudium\/\" class=\"more-link\">Seguir leyendo <span class=\"screen-reader-text\">segundo grado<\/span><\/a><\/p>","protected":false},"author":189993925,"featured_media":0,"parent":746,"menu_order":0,"comment_status":"closed","ping_status":"closed","template":"","meta":{"_coblocks_attr":"","_coblocks_dimensions":"","_coblocks_responsive_height":"","_coblocks_accordion_ie_support":"","_crdt_document":"","content-type":"","advanced_seo_description":"","jetpack_seo_html_title":"","jetpack_seo_noindex":false,"jetpack_post_was_ever_published":false,"footnotes":""},"tags":[16903984,731541588,731541630,731541610,189930090,731541563],"class_list":["post-2027","page","type-page","status-publish","hentry","tag-16903984","tag-731541588","tag-731541630","tag-731541610","tag-189930090","tag-zweitstudium--"],"jetpack_likes_enabled":false,"jetpack_sharing_enabled":false,"jetpack_shortlink":"https:\/\/wp.me\/Pcd2VE-wH","jetpack-related-posts":[],"_links":{"self":[{"href":"https:\/\/uniapplygermany.com\/es\/wp-json\/wp\/v2\/pages\/2027","targetHints":{"allow":["GET"]}}],"collection":[{"href":"https:\/\/uniapplygermany.com\/es\/wp-json\/wp\/v2\/pages"}],"about":[{"href":"https:\/\/uniapplygermany.com\/es\/wp-json\/wp\/v2\/types\/page"}],"author":[{"embeddable":true,"href":"https:\/\/uniapplygermany.com\/es\/wp-json\/wp\/v2\/users\/189993925"}],"replies":[{"embeddable":true,"href":"https:\/\/uniapplygermany.com\/es\/wp-json\/wp\/v2\/comments?post=2027"}],"version-history":[{"count":9,"href":"https:\/\/uniapplygermany.com\/es\/wp-json\/wp\/v2\/pages\/2027\/revisions"}],"predecessor-version":[{"id":2406,"href":"https:\/\/uniapplygermany.com\/es\/wp-json\/wp\/v2\/pages\/2027\/revisions\/2406"}],"up":[{"embeddable":true,"href":"https:\/\/uniapplygermany.com\/es\/wp-json\/wp\/v2\/pages\/746"}],"wp:attachment":[{"href":"https:\/\/uniapplygermany.com\/es\/wp-json\/wp\/v2\/media?parent=2027"}],"wp:term":[{"taxonomy":"post_tag","embeddable":true,"href":"https:\/\/uniapplygermany.com\/es\/wp-json\/wp\/v2\/tags?post=2027"}],"curies":[{"name":"wp","href":"https:\/\/api.w.org\/{rel}","templated":true}]}}