{"id":2661,"date":"2022-09-28T20:18:35","date_gmt":"2022-09-28T17:18:35","guid":{"rendered":"https:\/\/uniapplygermany.com\/?page_id=2661"},"modified":"2025-06-23T18:02:49","modified_gmt":"2025-06-23T15:02:49","slug":"linea-directa","status":"publish","type":"page","link":"https:\/\/uniapplygermany.com\/es\/servicio\/linea-directa\/","title":{"rendered":"l\u00ednea directa"},"content":{"rendered":"<h4 class=\"wp-block-heading\">\u00bfQu\u00e9 incluye este servicio?<\/h4>\n\n\n\n<p class=\"wp-block-paragraph\">Apoyo durante <strong>tres meses<\/strong> despu\u00e9s de trasladarse a Alemania sobre cuestiones como:<\/p>\n\n\n\n<ul class=\"wp-block-list\">\n<li>desbloqueo de la cuenta blockchain<\/li>\n\n\n\n<li>activaci\u00f3n del seguro<\/li>\n\n\n\n<li>asesoramiento en materia de vivienda<\/li>\n\n\n\n<li>Empadronamiento en el lugar de residencia (o reempadronamiento al trasladarse a otra ciudad)<\/li>\n\n\n\n<li>Consejos para solicitar un permiso de residencia de estudiante<\/li>\n\n\n\n<li>apertura de cuenta bancaria<\/li>\n\n\n\n<li>peque\u00f1os problemas dom\u00e9sticos<\/li>\n<\/ul>\n\n\n\n<h4 class=\"wp-block-heading\">\u00bfCu\u00e1nto cuesta el servicio?<\/h4>\n\n\n\n<p class=\"wp-block-paragraph\">350 \u20ac<\/p>\n\n\n\n<h4 class=\"wp-block-heading\">\u00bfQui\u00e9n puede beneficiarse de este servicio?<\/h4>\n\n\n\n<p class=\"wp-block-paragraph\">El servicio est\u00e1 disponible <strong>s\u00f3lo<\/strong> para los clientes que hayan utilizado los servicios de apoyo al visado, los servicios combinados \"st\u00fcdienkolleg\" y \"universidad\" y el apoyo al visado. <\/p>\n\n\n\n<h4 class=\"wp-block-heading\">\u00bfPara cu\u00e1nto tiempo est\u00e1 dise\u00f1ada la l\u00ednea directa?<\/h4>\n\n\n\n<p class=\"wp-block-paragraph\">La l\u00ednea directa est\u00e1 dise\u00f1ada para durar hasta tres meses.<\/p>\n\n\n\n<p class=\"wp-block-paragraph\"><strong>D\u00e9jenos sus datos y nos pondremos en contacto con usted.<\/strong><\/p>\n\n\n<div class=\"wp-block-jetpack-contact-form is-layout-flex wp-container-jetpack-contact-form-is-layout-7f6ac06e wp-block-jetpack-contact-form-is-layout-flex\"><a href=\"https:\/\/uniapplygermany.com\/es\/servicio\/linea-directa\/\" target=\"_blank\" rel=\"noopener noreferrer\">Env\u00eda un formulario.<\/a><\/div>","protected":false},"excerpt":{"rendered":"<p>\u0427\u0442\u043e \u0432\u043a\u043b\u044e\u0447\u0430\u0435\u0442 \u0432 \u0441\u0435\u0431\u044f \u044d\u0442\u0430 \u0443\u0441\u043b\u0443\u0433\u0430? \u041f\u043e\u0434\u0434\u0435\u0440\u0436\u043a\u0430 \u0432 \u0442\u0435\u0447\u0435\u043d\u0438\u0435 \u0442\u0440\u0435\u0445 \u043c\u0435\u0441\u044f\u0446\u0435\u0432 \u043f\u043e\u0441\u043b\u0435 \u043f\u0435\u0440\u0435\u0435\u0437\u0434\u0430 \u0432 \u0413\u0435\u0440\u043c\u0430\u043d\u0438\u044e \u043f\u043e \u0442\u0430\u043a\u0438\u043c \u0432\u043e\u043f\u0440\u043e\u0441\u0430\u043c \u043a\u0430\u043a: \u0421\u043a\u043e\u043b\u044c\u043a\u043e \u0441\u0442\u043e\u0438\u0442 \u0443\u0441\u043b\u0443\u0433\u0430? 350 \u20ac \u041a\u0442\u043e \u043c\u043e\u0436\u0435\u0442 \u0432\u043e\u0441\u043f\u043e\u043b\u044c\u0437\u043e\u0432\u0430\u0442\u044c\u0441\u044f \u044d\u0442\u043e\u0439 \u0443\u0441\u043b\u0443\u0433\u043e\u0439? \u0423\u0441\u043b\u0443\u0433\u0430 \u0434\u043e\u0441\u0442\u0443\u043f\u043d\u0430 \u0442\u043e\u043b\u044c\u043a\u043e \u0434\u043b\u044f \u043a\u043b\u0438\u0435\u043d\u0442\u043e\u0432, \u0432\u043e\u0441\u043f\u043e\u043b\u044c\u0437\u043e\u0432\u0430\u0432\u0448\u0438\u0445\u0441\u044f \u0443\u0441\u043b\u0443\u0433\u0430\u043c\u0438 \u0432\u0438\u0437\u043e\u0432\u043e\u0439 \u043f\u043e\u0434\u0434\u0435\u0440\u0436\u043a\u0438, \u043f\u0430\u043a\u0435\u0442\u043d\u044b\u043c\u0438 \u0443\u0441\u043b\u0443\u0433\u0430\u043c\u0438 &#171;\u0448\u0442\u0443\u0434\u0438\u0435\u043d\u043a\u043e\u043b\u043b\u0435\u0433&#187; \u0438 &#171;\u0443\u043d\u0438\u0432\u0435\u0440\u0441\u0438\u0442\u0435\u0442&#187; \u0438 \u0432\u0438\u0437\u043e\u0432\u043e\u0439 \u043f\u043e\u0434\u0434\u0435\u0440\u0436\u043a\u043e\u0439. \u041d\u0430 \u043a\u0430\u043a\u043e\u0439 \u0441\u0440\u043e\u043a \u0440\u0430\u0441\u0441\u0447\u0438\u0442\u0430\u043d\u0430 \u0433\u043e\u0440\u044f\u0447\u0430\u044f \u043b\u0438\u043d\u0438\u044f? \u0413\u043e\u0440\u044f\u0447\u0430\u044f \u043b\u0438\u043d\u0438\u044f \u0440\u0430\u0441\u0441\u0447\u0438\u0442\u0430\u043d\u0430 &hellip; <a href=\"https:\/\/uniapplygermany.com\/es\/servicio\/linea-directa\/\" class=\"more-link\">Seguir leyendo <span class=\"screen-reader-text\">l\u00ednea directa<\/span><\/a><\/p>","protected":false},"author":189993925,"featured_media":0,"parent":572,"menu_order":0,"comment_status":"closed","ping_status":"closed","template":"","meta":{"_coblocks_attr":"","_coblocks_dimensions":"","_coblocks_responsive_height":"","_coblocks_accordion_ie_support":"","_crdt_document":"","content-type":"","advanced_seo_description":"","jetpack_seo_html_title":"","jetpack_seo_noindex":false,"jetpack_post_was_ever_published":false,"footnotes":""},"tags":[],"class_list":["post-2661","page","type-page","status-publish","hentry"],"jetpack_likes_enabled":false,"jetpack_sharing_enabled":false,"jetpack_shortlink":"https:\/\/wp.me\/Pcd2VE-GV","jetpack-related-posts":[],"_links":{"self":[{"href":"https:\/\/uniapplygermany.com\/es\/wp-json\/wp\/v2\/pages\/2661","targetHints":{"allow":["GET"]}}],"collection":[{"href":"https:\/\/uniapplygermany.com\/es\/wp-json\/wp\/v2\/pages"}],"about":[{"href":"https:\/\/uniapplygermany.com\/es\/wp-json\/wp\/v2\/types\/page"}],"author":[{"embeddable":true,"href":"https:\/\/uniapplygermany.com\/es\/wp-json\/wp\/v2\/users\/189993925"}],"replies":[{"embeddable":true,"href":"https:\/\/uniapplygermany.com\/es\/wp-json\/wp\/v2\/comments?post=2661"}],"version-history":[{"count":16,"href":"https:\/\/uniapplygermany.com\/es\/wp-json\/wp\/v2\/pages\/2661\/revisions"}],"predecessor-version":[{"id":6163,"href":"https:\/\/uniapplygermany.com\/es\/wp-json\/wp\/v2\/pages\/2661\/revisions\/6163"}],"up":[{"embeddable":true,"href":"https:\/\/uniapplygermany.com\/es\/wp-json\/wp\/v2\/pages\/572"}],"wp:attachment":[{"href":"https:\/\/uniapplygermany.com\/es\/wp-json\/wp\/v2\/media?parent=2661"}],"wp:term":[{"taxonomy":"post_tag","embeddable":true,"href":"https:\/\/uniapplygermany.com\/es\/wp-json\/wp\/v2\/tags?post=2661"}],"curies":[{"name":"wp","href":"https:\/\/api.w.org\/{rel}","templated":true}]}}