{"id":4306,"date":"2023-12-19T18:44:25","date_gmt":"2023-12-19T15:44:25","guid":{"rendered":"https:\/\/uniapplygermany.com\/?page_id=4306"},"modified":"2026-01-25T20:25:59","modified_gmt":"2026-01-25T17:25:59","slug":"campo-de-futbol","status":"publish","type":"page","link":"https:\/\/uniapplygermany.com\/es\/idioma\/campamentos\/carlduisberg\/campo-de-futbol\/","title":{"rendered":"Campamento de f\u00fatbol"},"content":{"rendered":"<div class=\"wp-block-group alignwide\"><div class=\"wp-block-group__inner-container is-layout-constrained wp-block-group-is-layout-constrained\">\n<p class=\"alignwide is-style-error wp-block-paragraph\">Carl Duisberg Centren cerrar\u00e1 todas las escuelas a partir del 2 de febrero de 2026. La inscripci\u00f3n ya no es posible.<a href=\"https:\/\/uniapplygermany.com\/es\/idioma\/escuela-de-idiomas\/\"> Alternativas. <\/a><\/p>\n\n\n\n<p class=\"wp-block-paragraph\"><strong>Radolfzell<\/strong><\/p>\n\n\n\n<p class=\"wp-block-paragraph\">Los entrenamientos de f\u00fatbol con entrenadores experimentados tienen lugar todos los d\u00edas por la tarde durante 120 minutos en la sede del club FC 03 Radolfzell, en la pen\u00ednsula de Mettnau. <\/p>\n\n\n\n<p class=\"wp-block-paragraph\">Ya se trate de jugadores principiantes o avanzados, el plan de entrenamiento incluye no s\u00f3lo los fundamentos del control del bal\u00f3n, sino tambi\u00e9n el pase, el regate y, por supuesto, el saque de puerta. Adem\u00e1s, los alumnos reciben un uniforme de f\u00fatbol Carl Duisberg completo que incluye camiseta, pantal\u00f3n corto y polainas. <\/p>\n\n\n\n<ul class=\"wp-block-list\">\n<li>Edad: 11-14 a\u00f1os<\/li>\n\n\n\n<li>20 horas de alem\u00e1n a la semana<\/li>\n\n\n\n<li>Tama\u00f1o de la clase: 15 personas<\/li>\n<\/ul>\n\n\n\n<figure class=\"wp-block-gallery has-nested-images columns-default is-cropped wp-block-gallery-1 is-layout-flex wp-block-gallery-is-layout-flex\">\n<figure class=\"wp-block-image size-full\"><img data-recalc-dims=\"1\" loading=\"lazy\" decoding=\"async\" width=\"600\" height=\"400\" data-attachment-id=\"4309\" data-permalink=\"https:\/\/uniapplygermany.com\/es\/idioma\/campamentos\/carlduisberg\/campo-de-futbol\/camp_fussball_08_daf\/\" data-orig-file=\"https:\/\/i0.wp.com\/uniapplygermany.com\/wp-content\/uploads\/2023\/12\/camp_fussball_08_daf.jpg?fit=600%2C400&amp;ssl=1\" data-orig-size=\"600,400\" data-comments-opened=\"1\" data-image-meta=\"{&quot;aperture&quot;:&quot;0&quot;,&quot;credit&quot;:&quot;&quot;,&quot;camera&quot;:&quot;&quot;,&quot;caption&quot;:&quot;&quot;,&quot;created_timestamp&quot;:&quot;0&quot;,&quot;copyright&quot;:&quot;&quot;,&quot;focal_length&quot;:&quot;0&quot;,&quot;iso&quot;:&quot;0&quot;,&quot;shutter_speed&quot;:&quot;0&quot;,&quot;title&quot;:&quot;&quot;,&quot;orientation&quot;:&quot;0&quot;}\" data-image-title=\"camp_fussball_08_daf\" data-image-description=\"\" data-image-caption=\"\" data-large-file=\"https:\/\/i0.wp.com\/uniapplygermany.com\/wp-content\/uploads\/2023\/12\/camp_fussball_08_daf.jpg?fit=600%2C400&amp;ssl=1\" data-id=\"4309\" src=\"https:\/\/i0.wp.com\/uniapplygermany.com\/wp-content\/uploads\/2023\/12\/camp_fussball_08_daf.jpg?resize=600%2C400&#038;ssl=1\" alt=\"\" class=\"wp-image-4309\" srcset=\"https:\/\/i0.wp.com\/uniapplygermany.com\/wp-content\/uploads\/2023\/12\/camp_fussball_08_daf.jpg?w=600&amp;ssl=1 600w, https:\/\/i0.wp.com\/uniapplygermany.com\/wp-content\/uploads\/2023\/12\/camp_fussball_08_daf.jpg?resize=300%2C200&amp;ssl=1 300w\" sizes=\"auto, (max-width: 600px) 100vw, 600px\" \/><\/figure>\n\n\n\n<figure class=\"wp-block-image size-full\"><img data-recalc-dims=\"1\" loading=\"lazy\" decoding=\"async\" width=\"600\" height=\"400\" data-attachment-id=\"4310\" data-permalink=\"https:\/\/uniapplygermany.com\/es\/idioma\/campamentos\/carlduisberg\/campo-de-futbol\/camp_fussball_09_daf-1\/\" data-orig-file=\"https:\/\/i0.wp.com\/uniapplygermany.com\/wp-content\/uploads\/2023\/12\/camp_fussball_09_daf-1.jpg?fit=600%2C400&amp;ssl=1\" data-orig-size=\"600,400\" data-comments-opened=\"1\" data-image-meta=\"{&quot;aperture&quot;:&quot;0&quot;,&quot;credit&quot;:&quot;&quot;,&quot;camera&quot;:&quot;&quot;,&quot;caption&quot;:&quot;&quot;,&quot;created_timestamp&quot;:&quot;0&quot;,&quot;copyright&quot;:&quot;&quot;,&quot;focal_length&quot;:&quot;0&quot;,&quot;iso&quot;:&quot;0&quot;,&quot;shutter_speed&quot;:&quot;0&quot;,&quot;title&quot;:&quot;&quot;,&quot;orientation&quot;:&quot;0&quot;}\" data-image-title=\"camp_fussball_09_daf-1\" data-image-description=\"\" data-image-caption=\"\" data-large-file=\"https:\/\/i0.wp.com\/uniapplygermany.com\/wp-content\/uploads\/2023\/12\/camp_fussball_09_daf-1.jpg?fit=600%2C400&amp;ssl=1\" data-id=\"4310\" src=\"https:\/\/i0.wp.com\/uniapplygermany.com\/wp-content\/uploads\/2023\/12\/camp_fussball_09_daf-1.jpg?resize=600%2C400&#038;ssl=1\" alt=\"\" class=\"wp-image-4310\" srcset=\"https:\/\/i0.wp.com\/uniapplygermany.com\/wp-content\/uploads\/2023\/12\/camp_fussball_09_daf-1.jpg?w=600&amp;ssl=1 600w, https:\/\/i0.wp.com\/uniapplygermany.com\/wp-content\/uploads\/2023\/12\/camp_fussball_09_daf-1.jpg?resize=300%2C200&amp;ssl=1 300w\" sizes=\"auto, (max-width: 600px) 100vw, 600px\" \/><\/figure>\n\n\n\n<figure class=\"wp-block-image size-full\"><img data-recalc-dims=\"1\" loading=\"lazy\" decoding=\"async\" width=\"600\" height=\"400\" data-attachment-id=\"4299\" data-permalink=\"https:\/\/uniapplygermany.com\/es\/idioma\/campamentos\/carlduisberg\/camp_fussball_05_daf\/\" data-orig-file=\"https:\/\/i0.wp.com\/uniapplygermany.com\/wp-content\/uploads\/2023\/12\/camp_fussball_05_daf.jpg?fit=600%2C400&amp;ssl=1\" data-orig-size=\"600,400\" data-comments-opened=\"1\" data-image-meta=\"{&quot;aperture&quot;:&quot;0&quot;,&quot;credit&quot;:&quot;&quot;,&quot;camera&quot;:&quot;&quot;,&quot;caption&quot;:&quot;&quot;,&quot;created_timestamp&quot;:&quot;0&quot;,&quot;copyright&quot;:&quot;&quot;,&quot;focal_length&quot;:&quot;0&quot;,&quot;iso&quot;:&quot;0&quot;,&quot;shutter_speed&quot;:&quot;0&quot;,&quot;title&quot;:&quot;&quot;,&quot;orientation&quot;:&quot;0&quot;}\" data-image-title=\"camp_fussball_05_daf\" data-image-description=\"\" data-image-caption=\"\" data-large-file=\"https:\/\/i0.wp.com\/uniapplygermany.com\/wp-content\/uploads\/2023\/12\/camp_fussball_05_daf.jpg?fit=600%2C400&amp;ssl=1\" data-id=\"4299\" src=\"https:\/\/i0.wp.com\/uniapplygermany.com\/wp-content\/uploads\/2023\/12\/camp_fussball_05_daf.jpg?resize=600%2C400&#038;ssl=1\" alt=\"\" class=\"wp-image-4299\" srcset=\"https:\/\/i0.wp.com\/uniapplygermany.com\/wp-content\/uploads\/2023\/12\/camp_fussball_05_daf.jpg?w=600&amp;ssl=1 600w, https:\/\/i0.wp.com\/uniapplygermany.com\/wp-content\/uploads\/2023\/12\/camp_fussball_05_daf.jpg?resize=300%2C200&amp;ssl=1 300w\" sizes=\"auto, (max-width: 600px) 100vw, 600px\" \/><\/figure>\n<\/figure>\n\n\n\n<p class=\"wp-block-paragraph\"><strong>Coste<\/strong><\/p>\n\n\n\n<p class=\"wp-block-paragraph\">El precio del curso incluye clases, formaci\u00f3n, material de estudio, alojamiento, pensi\u00f3n completa, supervisi\u00f3n las 24 horas, un programa diario de actividades, excursiones semanales y seguro m\u00e9dico.<\/p>\n\n\n\n<p class=\"wp-block-paragraph\">El campamento de f\u00fatbol cuesta 750 euros por semana; si reserva una estancia m\u00e1s larga, el precio por semana se reduce. El campamento abre todos los a\u00f1os de julio a agosto.<\/p>\n\n\n\n<p class=\"wp-block-paragraph\"><strong>Inscripci\u00f3n<\/strong><\/p>\n\n\n\n<p class=\"wp-block-paragraph\">Al inscribirse en el campamento a trav\u00e9s de nosotros, usted <strong>omitir el margen de beneficio<\/strong>Recibir\u00e1s apoyo de calidad, comunicaci\u00f3n con la escuela y una persona de contacto en Alemania. Adem\u00e1s, recibir\u00e1s un descuento de 10% en los paquetes de asistencia \"St\u00fcdienkolleg\" y \"Universidad\".<\/p>\n\n\n\n<p class=\"wp-block-paragraph\"><strong>\u00bfAlguna pregunta?<\/strong><\/p>\n\n\n\n<p class=\"wp-block-paragraph\">P\u00f3ngase en contacto con nosotros en<a href=\"https:\/\/wa.me\/message\/FSIJPB6LJFHVB1\" target=\"_blank\" rel=\"noreferrer noopener\">WhatsApp<\/a> o <a href=\"http:\/\/t.me\/uniapply_de\" target=\"_blank\" rel=\"noreferrer noopener\">Telegram<\/a>.<\/p>\n<\/div><\/div>","protected":false},"excerpt":{"rendered":"<p>Carl Duisberg Centren cerrar\u00e1 todas las escuelas a partir del 2 de febrero de 2026. Ya no es posible matricularse. Alternativas. Radolfzell Los entrenamientos de f\u00fatbol con entrenadores experimentados tienen lugar diariamente por la tarde durante 120 minutos en el FC 03 Radolfzell en la pen\u00ednsula de Mettnau. Ya sea un jugador principiante o avanzado - el plan de entrenamiento incluye no ... <a href=\"https:\/\/uniapplygermany.com\/es\/idioma\/campamentos\/carlduisberg\/campo-de-futbol\/\" class=\"more-link\">Seguir leyendo <span class=\"screen-reader-text\">Campamento de f\u00fatbol<\/span><\/a><\/p>","protected":false},"author":189993925,"featured_media":0,"parent":4297,"menu_order":0,"comment_status":"closed","ping_status":"closed","template":"","meta":{"_coblocks_attr":"","_coblocks_dimensions":"","_coblocks_responsive_height":"","_coblocks_accordion_ie_support":"","_crdt_document":"","content-type":"","advanced_seo_description":"\u041f\u0440\u0438\u0432\u0435\u0434\u0438\u0442\u0435 \u0441\u0432\u043e\u0435\u0433\u043e \u0440\u0435\u0431\u0435\u043d\u043a\u0430 \u043d\u0430 \u0444\u0443\u0442\u0431\u043e\u043b\u044c\u043d\u044b\u0439 \u043b\u0435\u0442\u043d\u0438\u0439 \u043b\u0430\u0433\u0435\u0440\u044c \u043e\u0442 Carl Duisberg, \u0433\u0434\u0435 \u043e\u043d \u0441\u043c\u043e\u0436\u0435\u0442 \u0441\u043e\u0432\u0435\u0440\u0448\u0435\u043d\u0441\u0442\u0432\u043e\u0432\u0430\u0442\u044c \u0441\u0432\u043e\u0438 \u0444\u0443\u0442\u0431\u043e\u043b\u044c\u043d\u044b\u0435 \u043d\u0430\u0432\u044b\u043a\u0438 \u0438 \u043e\u0434\u043d\u043e\u0432\u0440\u0435\u043c\u0435\u043d\u043d\u043e \u043f\u043e\u0433\u0440\u0443\u0436\u0430\u0442\u044c\u0441\u044f \u0432 \u0438\u0437\u0443\u0447\u0435\u043d\u0438\u0435 \u044f\u0437\u044b\u043a\u0430. \u041d\u0430\u0448\u0438 \u043f\u0440\u043e\u0433\u0440\u0430\u043c\u043c\u044b \u043f\u0440\u0435\u0434\u043b\u0430\u0433\u0430\u044e\u0442 \u0443\u043d\u0438\u043a\u0430\u043b\u044c\u043d\u043e\u0435 \u0441\u043e\u0447\u0435\u0442\u0430\u043d\u0438\u0435 \u0442\u0440\u0435\u043d\u0438\u0440\u043e\u0432\u043e\u043a \u043f\u043e \u0444\u0443\u0442\u0431\u043e\u043b\u0443 \u0438 \u0443\u0440\u043e\u043a\u043e\u0432 \u044f\u0437\u044b\u043a\u0430, \u0447\u0442\u043e\u0431\u044b \u0441\u043e\u0437\u0434\u0430\u0442\u044c \u0437\u0430\u0445\u0432\u0430\u0442\u044b\u0432\u0430\u044e\u0449\u0438\u0439 \u0438 \u043e\u0431\u0440\u0430\u0437\u043e\u0432\u0430\u0442\u0435\u043b\u044c\u043d\u044b\u0439 \u043e\u043f\u044b\u0442 \u0434\u043b\u044f \u044e\u043d\u044b\u0445 \u0441\u043f\u043e\u0440\u0442\u0441\u043c\u0435\u043d\u043e\u0432. \u041f\u043e\u043b\u0443\u0447\u0438\u0442\u0435 \u0432\u043e\u0437\u043c\u043e\u0436\u043d\u043e\u0441\u0442\u044c \u043f\u043e\u0434\u043d\u044f\u0442\u044c \u0441\u0432\u043e\u0439 \u0443\u0440\u043e\u0432\u0435\u043d\u044c \u0438\u0433\u0440\u044b \u0438 \u044f\u0437\u044b\u043a\u043e\u0432\u044b\u0435 \u043d\u0430\u0432\u044b\u043a\u0438 \u0441 Carl Duisberg!","jetpack_seo_html_title":"\u0424\u0443\u0442\u0431\u043e\u043b\u044c\u043d\u044b\u0439 \u041b\u0430\u0433\u0435\u0440\u044c \u0441 \u0418\u0437\u0443\u0447\u0435\u043d\u0438\u0435\u043c \u042f\u0437\u044b\u043a\u0430: \u041d\u0435\u043e\u0442\u0440\u0430\u0437\u0438\u043c\u044b\u0439 \u041e\u043f\u044b\u0442 \u043e\u0442 Carl Duisberg \u0434\u043b\u044f \u042e\u043d\u044b\u0445 \u0424\u0443\u0442\u0431\u043e\u043b\u0438\u0441\u0442\u043e\u0432","jetpack_seo_noindex":false,"jetpack_post_was_ever_published":false,"footnotes":""},"tags":[],"class_list":["post-4306","page","type-page","status-publish","hentry"],"jetpack_likes_enabled":false,"jetpack_sharing_enabled":false,"jetpack_shortlink":"https:\/\/wp.me\/Pcd2VE-17s","jetpack-related-posts":[],"_links":{"self":[{"href":"https:\/\/uniapplygermany.com\/es\/wp-json\/wp\/v2\/pages\/4306","targetHints":{"allow":["GET"]}}],"collection":[{"href":"https:\/\/uniapplygermany.com\/es\/wp-json\/wp\/v2\/pages"}],"about":[{"href":"https:\/\/uniapplygermany.com\/es\/wp-json\/wp\/v2\/types\/page"}],"author":[{"embeddable":true,"href":"https:\/\/uniapplygermany.com\/es\/wp-json\/wp\/v2\/users\/189993925"}],"replies":[{"embeddable":true,"href":"https:\/\/uniapplygermany.com\/es\/wp-json\/wp\/v2\/comments?post=4306"}],"version-history":[{"count":6,"href":"https:\/\/uniapplygermany.com\/es\/wp-json\/wp\/v2\/pages\/4306\/revisions"}],"predecessor-version":[{"id":6890,"href":"https:\/\/uniapplygermany.com\/es\/wp-json\/wp\/v2\/pages\/4306\/revisions\/6890"}],"up":[{"embeddable":true,"href":"https:\/\/uniapplygermany.com\/es\/wp-json\/wp\/v2\/pages\/4297"}],"wp:attachment":[{"href":"https:\/\/uniapplygermany.com\/es\/wp-json\/wp\/v2\/media?parent=4306"}],"wp:term":[{"taxonomy":"post_tag","embeddable":true,"href":"https:\/\/uniapplygermany.com\/es\/wp-json\/wp\/v2\/tags?post=4306"}],"curies":[{"name":"wp","href":"https:\/\/api.w.org\/{rel}","templated":true}]}}