{"id":4787,"date":"2024-02-18T16:58:54","date_gmt":"2024-02-18T13:58:54","guid":{"rendered":"https:\/\/uniapplygermany.com\/?page_id=4787"},"modified":"2024-02-18T16:59:33","modified_gmt":"2024-02-18T13:59:33","slug":"humboldtinstitut","status":"publish","type":"page","link":"https:\/\/uniapplygermany.com\/es\/idioma\/escuela-de-idiomas\/humboldtinstitut\/","title":{"rendered":"Humboldt-Institut - Instituto Humboldt"},"content":{"rendered":"<div class=\"wp-block-group alignwide\"><div class=\"wp-block-group__inner-container is-layout-constrained wp-block-group-is-layout-constrained\">\n<p class=\"wp-block-paragraph\">El Humboldt-Institut ofrece cursos de alem\u00e1n para ni\u00f1os, adolescentes y adultos. El curso intensivo de alem\u00e1n del Humboldt-Institut es la soluci\u00f3n ideal para quienes desean aprender alem\u00e1n de forma r\u00e1pida y sencilla. Las clases reducidas y las clases intensivas garantizan un r\u00e1pido \u00e9xito en el aprendizaje. El Humboldt-Institut es el mayor centro de ex\u00e1menes TestDaF de Alemania.<\/p>\n\n\n\n<figure class=\"wp-block-gallery has-nested-images columns-default is-cropped wp-block-gallery-1 is-layout-flex wp-block-gallery-is-layout-flex\">\n<figure class=\"wp-block-image size-large\"><img data-recalc-dims=\"1\" loading=\"lazy\" decoding=\"async\" width=\"900\" height=\"506\" data-attachment-id=\"4185\" data-permalink=\"https:\/\/uniapplygermany.com\/es\/idioma\/campamentos\/lindenberg-raum_342-4641-16x9-1\/\" data-orig-file=\"https:\/\/i0.wp.com\/uniapplygermany.com\/wp-content\/uploads\/2023\/12\/Lindenberg-Raum_342-4641-16x9-1.jpg?fit=1920%2C1080&amp;ssl=1\" data-orig-size=\"1920,1080\" data-comments-opened=\"1\" data-image-meta=\"{&quot;aperture&quot;:&quot;0&quot;,&quot;credit&quot;:&quot;&quot;,&quot;camera&quot;:&quot;&quot;,&quot;caption&quot;:&quot;&quot;,&quot;created_timestamp&quot;:&quot;0&quot;,&quot;copyright&quot;:&quot;&quot;,&quot;focal_length&quot;:&quot;0&quot;,&quot;iso&quot;:&quot;0&quot;,&quot;shutter_speed&quot;:&quot;0&quot;,&quot;title&quot;:&quot;&quot;,&quot;orientation&quot;:&quot;1&quot;}\" data-image-title=\"Lindenberg-Raum_342-4641-16&amp;#215;9-1\" data-image-description=\"\" data-image-caption=\"\" data-large-file=\"https:\/\/i0.wp.com\/uniapplygermany.com\/wp-content\/uploads\/2023\/12\/Lindenberg-Raum_342-4641-16x9-1.jpg?fit=900%2C506&amp;ssl=1\" data-id=\"4185\" src=\"https:\/\/i0.wp.com\/uniapplygermany.com\/wp-content\/uploads\/2023\/12\/Lindenberg-Raum_342-4641-16x9-1.jpg?resize=900%2C506&#038;ssl=1\" alt=\"\" class=\"wp-image-4185\" srcset=\"https:\/\/i0.wp.com\/uniapplygermany.com\/wp-content\/uploads\/2023\/12\/Lindenberg-Raum_342-4641-16x9-1.jpg?resize=1024%2C576&amp;ssl=1 1024w, https:\/\/i0.wp.com\/uniapplygermany.com\/wp-content\/uploads\/2023\/12\/Lindenberg-Raum_342-4641-16x9-1.jpg?resize=300%2C169&amp;ssl=1 300w, https:\/\/i0.wp.com\/uniapplygermany.com\/wp-content\/uploads\/2023\/12\/Lindenberg-Raum_342-4641-16x9-1.jpg?resize=768%2C432&amp;ssl=1 768w, https:\/\/i0.wp.com\/uniapplygermany.com\/wp-content\/uploads\/2023\/12\/Lindenberg-Raum_342-4641-16x9-1.jpg?resize=1536%2C864&amp;ssl=1 1536w, https:\/\/i0.wp.com\/uniapplygermany.com\/wp-content\/uploads\/2023\/12\/Lindenberg-Raum_342-4641-16x9-1.jpg?resize=1200%2C675&amp;ssl=1 1200w, https:\/\/i0.wp.com\/uniapplygermany.com\/wp-content\/uploads\/2023\/12\/Lindenberg-Raum_342-4641-16x9-1.jpg?w=1920&amp;ssl=1 1920w, https:\/\/i0.wp.com\/uniapplygermany.com\/wp-content\/uploads\/2023\/12\/Lindenberg-Raum_342-4641-16x9-1.jpg?w=1800&amp;ssl=1 1800w\" sizes=\"auto, (max-width: 900px) 100vw, 900px\" \/><\/figure>\n\n\n\n<figure class=\"wp-block-image size-large\"><img data-recalc-dims=\"1\" loading=\"lazy\" decoding=\"async\" width=\"900\" height=\"506\" data-attachment-id=\"4184\" data-permalink=\"https:\/\/uniapplygermany.com\/es\/idioma\/campamentos\/lindenberg-indoor_pool-143402865-16x9-1\/\" data-orig-file=\"https:\/\/i0.wp.com\/uniapplygermany.com\/wp-content\/uploads\/2023\/12\/Lindenberg-Indoor_pool-143402865-16x9-1.jpg?fit=1920%2C1080&amp;ssl=1\" data-orig-size=\"1920,1080\" data-comments-opened=\"1\" data-image-meta=\"{&quot;aperture&quot;:&quot;2.2&quot;,&quot;credit&quot;:&quot;&quot;,&quot;camera&quot;:&quot;moto g 5G&quot;,&quot;caption&quot;:&quot;&quot;,&quot;created_timestamp&quot;:&quot;1666967644&quot;,&quot;copyright&quot;:&quot;&quot;,&quot;focal_length&quot;:&quot;1.373&quot;,&quot;iso&quot;:&quot;100&quot;,&quot;shutter_speed&quot;:&quot;0.0010152284263959&quot;,&quot;title&quot;:&quot;&quot;,&quot;orientation&quot;:&quot;1&quot;}\" data-image-title=\"Lindenberg-Indoor_pool-143402865-16&amp;#215;9-1\" data-image-description=\"\" data-image-caption=\"\" data-large-file=\"https:\/\/i0.wp.com\/uniapplygermany.com\/wp-content\/uploads\/2023\/12\/Lindenberg-Indoor_pool-143402865-16x9-1.jpg?fit=900%2C506&amp;ssl=1\" data-id=\"4184\" src=\"https:\/\/i0.wp.com\/uniapplygermany.com\/wp-content\/uploads\/2023\/12\/Lindenberg-Indoor_pool-143402865-16x9-1.jpg?resize=900%2C506&#038;ssl=1\" alt=\"\" class=\"wp-image-4184\" srcset=\"https:\/\/i0.wp.com\/uniapplygermany.com\/wp-content\/uploads\/2023\/12\/Lindenberg-Indoor_pool-143402865-16x9-1.jpg?resize=1024%2C576&amp;ssl=1 1024w, https:\/\/i0.wp.com\/uniapplygermany.com\/wp-content\/uploads\/2023\/12\/Lindenberg-Indoor_pool-143402865-16x9-1.jpg?resize=300%2C169&amp;ssl=1 300w, https:\/\/i0.wp.com\/uniapplygermany.com\/wp-content\/uploads\/2023\/12\/Lindenberg-Indoor_pool-143402865-16x9-1.jpg?resize=768%2C432&amp;ssl=1 768w, https:\/\/i0.wp.com\/uniapplygermany.com\/wp-content\/uploads\/2023\/12\/Lindenberg-Indoor_pool-143402865-16x9-1.jpg?resize=1536%2C864&amp;ssl=1 1536w, https:\/\/i0.wp.com\/uniapplygermany.com\/wp-content\/uploads\/2023\/12\/Lindenberg-Indoor_pool-143402865-16x9-1.jpg?resize=1200%2C675&amp;ssl=1 1200w, https:\/\/i0.wp.com\/uniapplygermany.com\/wp-content\/uploads\/2023\/12\/Lindenberg-Indoor_pool-143402865-16x9-1.jpg?w=1920&amp;ssl=1 1920w, https:\/\/i0.wp.com\/uniapplygermany.com\/wp-content\/uploads\/2023\/12\/Lindenberg-Indoor_pool-143402865-16x9-1.jpg?w=1800&amp;ssl=1 1800w\" sizes=\"auto, (max-width: 900px) 100vw, 900px\" \/><\/figure>\n\n\n\n<figure class=\"wp-block-image size-large\"><img data-recalc-dims=\"1\" loading=\"lazy\" decoding=\"async\" width=\"900\" height=\"506\" data-attachment-id=\"4183\" data-permalink=\"https:\/\/uniapplygermany.com\/es\/idioma\/campamentos\/lindenberg-billiards_in_the_leisure_area-2203-16x9-1\/\" data-orig-file=\"https:\/\/i0.wp.com\/uniapplygermany.com\/wp-content\/uploads\/2023\/12\/Lindenberg-Billiards_in_the_leisure_area-2203-16x9-1.jpg?fit=1920%2C1080&amp;ssl=1\" data-orig-size=\"1920,1080\" data-comments-opened=\"1\" data-image-meta=\"{&quot;aperture&quot;:&quot;4&quot;,&quot;credit&quot;:&quot;&quot;,&quot;camera&quot;:&quot;X-S10&quot;,&quot;caption&quot;:&quot;&quot;,&quot;created_timestamp&quot;:&quot;1664513785&quot;,&quot;copyright&quot;:&quot;&quot;,&quot;focal_length&quot;:&quot;20.2&quot;,&quot;iso&quot;:&quot;1000&quot;,&quot;shutter_speed&quot;:&quot;0.0083333333333333&quot;,&quot;title&quot;:&quot;&quot;,&quot;orientation&quot;:&quot;1&quot;}\" data-image-title=\"Lindenberg-Billiards_in_the_leisure_area-2203-16&amp;#215;9-1\" data-image-description=\"\" data-image-caption=\"\" data-large-file=\"https:\/\/i0.wp.com\/uniapplygermany.com\/wp-content\/uploads\/2023\/12\/Lindenberg-Billiards_in_the_leisure_area-2203-16x9-1.jpg?fit=900%2C506&amp;ssl=1\" data-id=\"4183\" src=\"https:\/\/i0.wp.com\/uniapplygermany.com\/wp-content\/uploads\/2023\/12\/Lindenberg-Billiards_in_the_leisure_area-2203-16x9-1.jpg?resize=900%2C506&#038;ssl=1\" alt=\"\" class=\"wp-image-4183\" srcset=\"https:\/\/i0.wp.com\/uniapplygermany.com\/wp-content\/uploads\/2023\/12\/Lindenberg-Billiards_in_the_leisure_area-2203-16x9-1.jpg?resize=1024%2C576&amp;ssl=1 1024w, https:\/\/i0.wp.com\/uniapplygermany.com\/wp-content\/uploads\/2023\/12\/Lindenberg-Billiards_in_the_leisure_area-2203-16x9-1.jpg?resize=300%2C169&amp;ssl=1 300w, https:\/\/i0.wp.com\/uniapplygermany.com\/wp-content\/uploads\/2023\/12\/Lindenberg-Billiards_in_the_leisure_area-2203-16x9-1.jpg?resize=768%2C432&amp;ssl=1 768w, https:\/\/i0.wp.com\/uniapplygermany.com\/wp-content\/uploads\/2023\/12\/Lindenberg-Billiards_in_the_leisure_area-2203-16x9-1.jpg?resize=1536%2C864&amp;ssl=1 1536w, https:\/\/i0.wp.com\/uniapplygermany.com\/wp-content\/uploads\/2023\/12\/Lindenberg-Billiards_in_the_leisure_area-2203-16x9-1.jpg?resize=1200%2C675&amp;ssl=1 1200w, https:\/\/i0.wp.com\/uniapplygermany.com\/wp-content\/uploads\/2023\/12\/Lindenberg-Billiards_in_the_leisure_area-2203-16x9-1.jpg?w=1920&amp;ssl=1 1920w, https:\/\/i0.wp.com\/uniapplygermany.com\/wp-content\/uploads\/2023\/12\/Lindenberg-Billiards_in_the_leisure_area-2203-16x9-1.jpg?w=1800&amp;ssl=1 1800w\" sizes=\"auto, (max-width: 900px) 100vw, 900px\" \/><\/figure>\n\n\n\n<figure class=\"wp-block-image size-large\"><img data-recalc-dims=\"1\" loading=\"lazy\" decoding=\"async\" width=\"900\" height=\"506\" data-attachment-id=\"4182\" data-permalink=\"https:\/\/uniapplygermany.com\/es\/idioma\/campamentos\/stadtpfarrkirche-st-peter-und-paul-vor-berge-in-lindenberg\/\" data-orig-file=\"https:\/\/i0.wp.com\/uniapplygermany.com\/wp-content\/uploads\/2023\/12\/Lindenberg-Aerial_view-Stadtansicht_CopyrightThomasGretler-16x9-1.jpg?fit=1920%2C1080&amp;ssl=1\" data-orig-size=\"1920,1080\" data-comments-opened=\"1\" data-image-meta=\"{&quot;aperture&quot;:&quot;5&quot;,&quot;credit&quot;:&quot;Thomas Gretler&quot;,&quot;camera&quot;:&quot;NIKON D800&quot;,&quot;caption&quot;:&quot;Stadtpfarrkirche St. Peter und Paul, Berge&quot;,&quot;created_timestamp&quot;:&quot;1371153791&quot;,&quot;copyright&quot;:&quot;(C) 2013 Thomas Gretler&quot;,&quot;focal_length&quot;:&quot;120&quot;,&quot;iso&quot;:&quot;200&quot;,&quot;shutter_speed&quot;:&quot;0.008&quot;,&quot;title&quot;:&quot;Stadtpfarrkirche St. Peter und Paul vor Berge in Lindenberg&quot;,&quot;orientation&quot;:&quot;1&quot;}\" data-image-title=\"Stadtpfarrkirche St. Peter und Paul vor Berge in Lindenberg\" data-image-description=\"\" data-image-caption=\"&lt;p&gt;Stadtpfarrkirche St. Peter und Paul, Berge&lt;\/p&gt;\" data-large-file=\"https:\/\/i0.wp.com\/uniapplygermany.com\/wp-content\/uploads\/2023\/12\/Lindenberg-Aerial_view-Stadtansicht_CopyrightThomasGretler-16x9-1.jpg?fit=900%2C506&amp;ssl=1\" data-id=\"4182\" src=\"https:\/\/i0.wp.com\/uniapplygermany.com\/wp-content\/uploads\/2023\/12\/Lindenberg-Aerial_view-Stadtansicht_CopyrightThomasGretler-16x9-1.jpg?resize=900%2C506&#038;ssl=1\" alt=\"\" class=\"wp-image-4182\" srcset=\"https:\/\/i0.wp.com\/uniapplygermany.com\/wp-content\/uploads\/2023\/12\/Lindenberg-Aerial_view-Stadtansicht_CopyrightThomasGretler-16x9-1.jpg?resize=1024%2C576&amp;ssl=1 1024w, https:\/\/i0.wp.com\/uniapplygermany.com\/wp-content\/uploads\/2023\/12\/Lindenberg-Aerial_view-Stadtansicht_CopyrightThomasGretler-16x9-1.jpg?resize=300%2C169&amp;ssl=1 300w, https:\/\/i0.wp.com\/uniapplygermany.com\/wp-content\/uploads\/2023\/12\/Lindenberg-Aerial_view-Stadtansicht_CopyrightThomasGretler-16x9-1.jpg?resize=768%2C432&amp;ssl=1 768w, https:\/\/i0.wp.com\/uniapplygermany.com\/wp-content\/uploads\/2023\/12\/Lindenberg-Aerial_view-Stadtansicht_CopyrightThomasGretler-16x9-1.jpg?resize=1536%2C864&amp;ssl=1 1536w, https:\/\/i0.wp.com\/uniapplygermany.com\/wp-content\/uploads\/2023\/12\/Lindenberg-Aerial_view-Stadtansicht_CopyrightThomasGretler-16x9-1.jpg?resize=1200%2C675&amp;ssl=1 1200w, https:\/\/i0.wp.com\/uniapplygermany.com\/wp-content\/uploads\/2023\/12\/Lindenberg-Aerial_view-Stadtansicht_CopyrightThomasGretler-16x9-1.jpg?w=1920&amp;ssl=1 1920w, https:\/\/i0.wp.com\/uniapplygermany.com\/wp-content\/uploads\/2023\/12\/Lindenberg-Aerial_view-Stadtansicht_CopyrightThomasGretler-16x9-1.jpg?w=1800&amp;ssl=1 1800w\" sizes=\"auto, (max-width: 900px) 100vw, 900px\" \/><\/figure>\n<\/figure>\n\n\n\n<ul class=\"wp-block-list\">\n<li>Campus en Lindenberg y Bad Schussenried para estudiantes menores de 18 a\u00f1os y en Berl\u00edn y Constanza para estudiantes adultos.<\/li>\n\n\n\n<li>Grupos reducidos de hasta 10 alumnos<\/li>\n\n\n\n<li>Un rico programa de tiempo libre<\/li>\n\n\n\n<li>Alojamiento en residencia y pensi\u00f3n completa<\/li>\n<\/ul>\n\n\n\n<p class=\"is-style-info wp-block-paragraph\">Para adultos, el Humboldt-Institut ofrece cursos intensivos de idiomas (30 horas semanales) <strong>con alojamiento y comida<\/strong> A partir de 940 euros por semana. Curso intensivo de idiomas desde 345\u20ac por semana.<\/p>\n\n\n\n<p class=\"is-style-info wp-block-paragraph\">Para menores de 18 a\u00f1os - curso intensivo <strong>con alojamiento, manutenci\u00f3n y supervisi\u00f3n las 24 horas del d\u00eda<\/strong> desde 1100\u20ac por semana.<\/p>\n\n\n\n<p class=\"wp-block-paragraph\">Necesita un visado nacional para participar en un curso de tres meses o m\u00e1s. Si reserva un curso de tres meses o m\u00e1s en el Humboldt-Institut, UniApply Germany le ayudar\u00e1 a obtener el visado.&nbsp;<strong>gratis<\/strong>.<\/p>\n\n\n\n<p class=\"wp-block-paragraph\">Rellene el formulario y nos pondremos en contacto con usted por correo electr\u00f3nico:<\/p>\n\n\n\n<div class=\"wp-block-leadin-hubspot-form-block\">\n\t\t\t\t\t\t<script>\n\t\t\t\t\t\t\twindow.hsFormsOnReady = window.hsFormsOnReady || [];\n\t\t\t\t\t\t\twindow.hsFormsOnReady.push(()=>{\n\t\t\t\t\t\t\t\thbspt.forms.create({\n\t\t\t\t\t\t\t\t\tportalId: 26801513,\n\t\t\t\t\t\t\t\t\tformId: \"e08955e9-eccb-4ea4-8e9d-8028a895aa5b\",\n\t\t\t\t\t\t\t\t\ttarget: \"#hbspt-form-1775844667000-6171474115\",\n\t\t\t\t\t\t\t\t\tregion: \"eu1\",\n\t\t\t\t\t\t\t\t\t\n\t\t\t\t\t\t\t})});\n\t\t\t\t\t\t<\/script>\n\t\t\t\t\t\t<div class=\"hbspt-form\" id=\"hbspt-form-1775844667000-6171474115\"><\/div><\/div>\n<\/div><\/div>","protected":false},"excerpt":{"rendered":"<p>El Humboldt-Institut ofrece cursos de alem\u00e1n para ni\u00f1os, adolescentes y adultos. El curso intensivo de alem\u00e1n del Humboldt-Institut es la soluci\u00f3n ideal para quienes desean aprender alem\u00e1n de forma r\u00e1pida y sencilla. Las clases reducidas y las clases intensivas garantizan un r\u00e1pido \u00e9xito en el aprendizaje. El Humboldt-Institut es el mayor centro de ex\u00e1menes TestDaF de Alemania. Para adultos, el Humboldt-Institut ofrece cursos intensivos de idiomas ... <a href=\"https:\/\/uniapplygermany.com\/es\/idioma\/escuela-de-idiomas\/humboldtinstitut\/\" class=\"more-link\">Seguir leyendo <span class=\"screen-reader-text\">Humboldt-Institut - Instituto Humboldt<\/span><\/a><\/p>","protected":false},"author":189993925,"featured_media":0,"parent":394,"menu_order":0,"comment_status":"closed","ping_status":"closed","template":"","meta":{"_coblocks_attr":"","_coblocks_dimensions":"","_coblocks_responsive_height":"","_coblocks_accordion_ie_support":"","_crdt_document":"","content-type":"","advanced_seo_description":"\u041f\u0440\u0438\u0441\u043e\u0435\u0434\u0438\u043d\u044f\u0439\u0442\u0435\u0441\u044c \u043a Humboldt Institute \u0438 \u043f\u043e\u0433\u0440\u0443\u0437\u0438\u0442\u0435\u0441\u044c \u0432 \u043c\u0438\u0440 \u044f\u0437\u044b\u043a\u043e\u0432\u043e\u0433\u043e \u043e\u0431\u0443\u0447\u0435\u043d\u0438\u044f \u0431\u0435\u0437 \u0433\u0440\u0430\u043d\u0438\u0446! \u041d\u0430\u0448\u0430 \u044f\u0437\u044b\u043a\u043e\u0432\u0430\u044f \u0448\u043a\u043e\u043b\u0430 \u043f\u0440\u0435\u0434\u043b\u0430\u0433\u0430\u0435\u0442 \u0432\u044b\u0441\u043e\u043a\u043e\u043a\u0430\u0447\u0435\u0441\u0442\u0432\u0435\u043d\u043d\u044b\u0435 \u043a\u0443\u0440\u0441\u044b, \u0430 \u0442\u0430\u043a\u0436\u0435 \u0446\u0435\u043d\u043d\u044b\u0435 \u0443\u0441\u043b\u0443\u0433\u0438 \u043f\u043e\u0434\u0434\u0435\u0440\u0436\u043a\u0438 \u043f\u0440\u0438 \u043f\u043e\u043b\u0443\u0447\u0435\u043d\u0438\u0438 \u043d\u0430\u0446\u0438\u043e\u043d\u0430\u043b\u044c\u043d\u043e\u0439 \u0432\u0438\u0437\u044b. \u041e\u0431\u0443\u0447\u0435\u043d\u0438\u0435 \u0432 Humboldt Institute - \u044d\u0442\u043e \u043d\u0435 \u0442\u043e\u043b\u044c\u043a\u043e \u044d\u0444\u0444\u0435\u043a\u0442\u0438\u0432\u043d\u043e\u0435 \u043e\u0441\u0432\u043e\u0435\u043d\u0438\u0435 \u043d\u043e\u0432\u044b\u0445 \u044f\u0437\u044b\u043a\u043e\u0432, \u043d\u043e \u0438 \u0432\u043e\u0437\u043c\u043e\u0436\u043d\u043e\u0441\u0442\u044c \u043d\u0430\u0441\u043b\u0430\u0434\u0438\u0442\u044c\u0441\u044f \u043f\u0440\u0435\u043a\u0440\u0430\u0441\u043d\u044b\u043c \u043e\u043f\u044b\u0442\u043e\u043c \u043a\u0443\u043b\u044c\u0442\u0443\u0440\u043d\u043e\u0433\u043e \u043e\u0431\u043c\u0435\u043d\u0430. \u041f\u043e\u0437\u0432\u043e\u043b\u044c\u0442\u0435 \u043d\u0430\u043c \u0441\u043e\u043f\u0440\u043e\u0432\u043e\u0436\u0434\u0430\u0442\u044c \u0432\u0430\u0441 \u043d\u0430 \u043f\u0443\u0442\u0438 \u043a \u044f\u0437\u044b\u043a\u043e\u0432\u043e\u0439 \u0433\u0430\u0440\u043c\u043e\u043d\u0438\u0438 \u0438 \u0443\u0441\u043f\u0435\u0445\u0443!","jetpack_seo_html_title":"\u0418\u0437\u0443\u0447\u0430\u0439\u0442\u0435 \u044f\u0437\u044b\u043a\u0438 \u0432 Humboldt Institute: \u0411\u0435\u0441\u043f\u043b\u0430\u0442\u043d\u0430\u044f \u041f\u043e\u0434\u0434\u0435\u0440\u0436\u043a\u0430 \u043f\u0440\u0438 \u041f\u043e\u043b\u0443\u0447\u0435\u043d\u0438\u0438 \u041d\u0430\u0446\u0438\u043e\u043d\u0430\u043b\u044c\u043d\u043e\u0439 \u0412\u0438\u0437\u044b","jetpack_seo_noindex":false,"jetpack_post_was_ever_published":false,"footnotes":""},"tags":[],"class_list":["post-4787","page","type-page","status-publish","hentry"],"jetpack_likes_enabled":false,"jetpack_sharing_enabled":false,"jetpack_shortlink":"https:\/\/wp.me\/Pcd2VE-1fd","jetpack-related-posts":[],"_links":{"self":[{"href":"https:\/\/uniapplygermany.com\/es\/wp-json\/wp\/v2\/pages\/4787","targetHints":{"allow":["GET"]}}],"collection":[{"href":"https:\/\/uniapplygermany.com\/es\/wp-json\/wp\/v2\/pages"}],"about":[{"href":"https:\/\/uniapplygermany.com\/es\/wp-json\/wp\/v2\/types\/page"}],"author":[{"embeddable":true,"href":"https:\/\/uniapplygermany.com\/es\/wp-json\/wp\/v2\/users\/189993925"}],"replies":[{"embeddable":true,"href":"https:\/\/uniapplygermany.com\/es\/wp-json\/wp\/v2\/comments?post=4787"}],"version-history":[{"count":5,"href":"https:\/\/uniapplygermany.com\/es\/wp-json\/wp\/v2\/pages\/4787\/revisions"}],"predecessor-version":[{"id":4792,"href":"https:\/\/uniapplygermany.com\/es\/wp-json\/wp\/v2\/pages\/4787\/revisions\/4792"}],"up":[{"embeddable":true,"href":"https:\/\/uniapplygermany.com\/es\/wp-json\/wp\/v2\/pages\/394"}],"wp:attachment":[{"href":"https:\/\/uniapplygermany.com\/es\/wp-json\/wp\/v2\/media?parent=4787"}],"wp:term":[{"taxonomy":"post_tag","embeddable":true,"href":"https:\/\/uniapplygermany.com\/es\/wp-json\/wp\/v2\/tags?post=4787"}],"curies":[{"name":"wp","href":"https:\/\/api.w.org\/{rel}","templated":true}]}}