{"id":4842,"date":"2024-02-26T16:41:29","date_gmt":"2024-02-26T13:41:29","guid":{"rendered":"https:\/\/uniapplygermany.com\/?page_id=4842"},"modified":"2025-10-22T11:59:40","modified_gmt":"2025-10-22T08:59:40","slug":"dvisa","status":"publish","type":"page","link":"https:\/\/uniapplygermany.com\/es\/servicio\/dvisa\/","title":{"rendered":"visado nacional"},"content":{"rendered":"<p class=\"wp-block-paragraph\"><strong>Visado nacional, obtenci\u00f3n y pr\u00f3rroga de permisos de residencia.<\/strong><\/p>\n\n\n\n<h4 class=\"wp-block-heading\">\u00bfCu\u00e1nto cuesta el servicio?<\/h4>\n\n\n\n<p class=\"wp-block-paragraph\">690\u20ac<\/p>\n\n\n\n<h4 class=\"wp-block-heading\">\u00bfQu\u00e9 incluye el servicio de adecuaci\u00f3n de programas?<\/h4>\n\n\n\n<ul class=\"wp-block-list\">\n<li>Asesoramiento inicial en l\u00ednea<\/li>\n\n\n\n<li>Charla con el comisario<\/li>\n\n\n\n<li>Elaborar una lista de los documentos necesarios&nbsp;<\/li>\n\n\n\n<li>Cita para una entrevista en el consulado <\/li>\n\n\n\n<li>Rellenar el formulario de solicitud de visado<\/li>\n\n\n\n<li>Contrataci\u00f3n de una cuenta bloqueada y de un seguro m\u00e9dico<\/li>\n\n\n\n<li>Biograf\u00eda y carta de motivaci\u00f3n<\/li>\n\n\n\n<li>Gu\u00eda de primeros pasos en Alemania y b\u00fasqueda de vivienda<\/li>\n<\/ul>\n\n\n\n<h4 class=\"wp-block-heading\">\u00bfPara qui\u00e9n es adecuado el servicio?<\/h4>\n\n\n\n<ul class=\"wp-block-list\">\n<li>Estudiantes que han recibido una invitaci\u00f3n para cursar un m\u00e1ster o una licenciatura<\/li>\n\n\n\n<li>A los estudiantes matriculados en un St\u00fcdienkolleg privado.<\/li>\n\n\n\n<li>A los estudiantes de cursos de idiomas<\/li>\n<\/ul>\n\n\n\n<p class=\"wp-block-paragraph\"><strong>D\u00e9janos tus datos y nos pondremos en contacto contigo por correo electr\u00f3nico.<\/strong><\/p>\n\n\n\n<div class=\"wp-block-leadin-hubspot-form-block\">\n\t\t\t\t\t\t<script>\n\t\t\t\t\t\t\twindow.hsFormsOnReady = window.hsFormsOnReady || [];\n\t\t\t\t\t\t\twindow.hsFormsOnReady.push(()=>{\n\t\t\t\t\t\t\t\thbspt.forms.create({\n\t\t\t\t\t\t\t\t\tportalId: 26801513,\n\t\t\t\t\t\t\t\t\tformId: \"fae04ba1-dbfa-4890-a950-8281101d773e\",\n\t\t\t\t\t\t\t\t\ttarget: \"#hbspt-form-1775356936000-5800019321\",\n\t\t\t\t\t\t\t\t\tregion: \"eu1\",\n\t\t\t\t\t\t\t\t\t\n\t\t\t\t\t\t\t})});\n\t\t\t\t\t\t<\/script>\n\t\t\t\t\t\t<div class=\"hbspt-form\" id=\"hbspt-form-1775356936000-5800019321\"><\/div><\/div>","protected":false},"excerpt":{"rendered":"<p>Visado nacional, obtenci\u00f3n y pr\u00f3rroga del permiso de residencia. \u00bfCu\u00e1nto cuesta el servicio? 690\u20ac \u00bfQu\u00e9 incluye el servicio de adecuaci\u00f3n de programas? \u00bfQui\u00e9n puede optar al servicio? D\u00e9jenos sus datos y nos pondremos en contacto con usted por correo electr\u00f3nico.<\/p>","protected":false},"author":189993925,"featured_media":0,"parent":572,"menu_order":0,"comment_status":"closed","ping_status":"closed","template":"","meta":{"_coblocks_attr":"","_coblocks_dimensions":"","_coblocks_responsive_height":"","_coblocks_accordion_ie_support":"","_crdt_document":"","content-type":"","advanced_seo_description":"\u041e\u0431\u0435\u0441\u043f\u0435\u0447\u044c\u0442\u0435 \u0431\u0435\u0437\u043e\u043f\u0430\u0441\u043d\u044b\u0439 \u0438 \u0433\u043b\u0430\u0434\u043a\u0438\u0439 \u043f\u0440\u043e\u0446\u0435\u0441\u0441 \u043f\u043e\u043b\u0443\u0447\u0435\u043d\u0438\u044f \u043d\u0430\u0446\u0438\u043e\u043d\u0430\u043b\u044c\u043d\u043e\u0439 \u0443\u0447\u0435\u0431\u043d\u043e\u0439 \u0432\u0438\u0437\u044b \u0434\u043b\u044f \u043e\u0431\u0443\u0447\u0435\u043d\u0438\u044f \u0432 \u0413\u0435\u0440\u043c\u0430\u043d\u0438\u0438. \u041d\u0430\u0448\u0438 \u044d\u043a\u0441\u043f\u0435\u0440\u0442\u044b \u043f\u043e \u0432\u0438\u0437\u043e\u0432\u044b\u043c \u0432\u043e\u043f\u0440\u043e\u0441\u0430\u043c \u043e\u0431\u0435\u0441\u043f\u0435\u0447\u0430\u0442 \u0432\u0430\u0441 \u0432\u0441\u0435\u0439 \u043d\u0435\u043e\u0431\u0445\u043e\u0434\u0438\u043c\u043e\u0439 \u0438\u043d\u0444\u043e\u0440\u043c\u0430\u0446\u0438\u0435\u0439, \u043f\u043e\u043c\u043e\u0433\u0443\u0442 \u0441 \u0437\u0430\u043f\u043e\u043b\u043d\u0435\u043d\u0438\u0435\u043c \u0434\u043e\u043a\u0443\u043c\u0435\u043d\u0442\u043e\u0432 \u0438 \u043f\u043e\u0434\u0433\u043e\u0442\u043e\u0432\u043a\u043e\u0439 \u043d\u0435\u043e\u0431\u0445\u043e\u0434\u0438\u043c\u044b\u0445 \u0434\u043e\u043a\u0443\u043c\u0435\u043d\u0442\u0430\u043b\u044c\u043d\u044b\u0445 \u043c\u0430\u0442\u0435\u0440\u0438\u0430\u043b\u043e\u0432. \u0423\u0437\u043d\u0430\u0439\u0442\u0435, \u043a\u0430\u043a \u043c\u044b \u043c\u043e\u0436\u0435\u043c \u043e\u0431\u043b\u0435\u0433\u0447\u0438\u0442\u044c \u0432\u0430\u043c \u043f\u0443\u0442\u044c \u043a \u0443\u0447\u0435\u0431\u0435 \u0432 \u0413\u0435\u0440\u043c\u0430\u043d\u0438\u0438 \u0443\u0436\u0435 \u0441\u0435\u0433\u043e\u0434\u043d\u044f!","jetpack_seo_html_title":"\u041f\u0440\u043e\u0444\u0435\u0441\u0441\u0438\u043e\u043d\u0430\u043b\u044c\u043d\u043e\u0435 \u043e\u0444\u043e\u0440\u043c\u043b\u0435\u043d\u0438\u0435 \u043d\u0430\u0446\u0438\u043e\u043d\u0430\u043b\u044c\u043d\u043e\u0439 \u0443\u0447\u0435\u0431\u043d\u043e\u0439 \u0432\u0438\u0437\u044b \u0432 \u0413\u0435\u0440\u043c\u0430\u043d\u0438\u044e | \u0412\u0438\u0437\u043e\u0432\u044b\u0435 \u0443\u0441\u043b\u0443\u0433\u0438","jetpack_seo_noindex":false,"jetpack_post_was_ever_published":false,"footnotes":""},"tags":[101370901,759733626,759733625,759733623,759733624],"class_list":["post-4842","page","type-page","status-publish","hentry","tag-101370901","tag-759733626","tag-759733625","tag-759733623","tag-759733624"],"jetpack_likes_enabled":false,"jetpack_sharing_enabled":false,"jetpack_shortlink":"https:\/\/wp.me\/Pcd2VE-1g6","jetpack-related-posts":[],"_links":{"self":[{"href":"https:\/\/uniapplygermany.com\/es\/wp-json\/wp\/v2\/pages\/4842","targetHints":{"allow":["GET"]}}],"collection":[{"href":"https:\/\/uniapplygermany.com\/es\/wp-json\/wp\/v2\/pages"}],"about":[{"href":"https:\/\/uniapplygermany.com\/es\/wp-json\/wp\/v2\/types\/page"}],"author":[{"embeddable":true,"href":"https:\/\/uniapplygermany.com\/es\/wp-json\/wp\/v2\/users\/189993925"}],"replies":[{"embeddable":true,"href":"https:\/\/uniapplygermany.com\/es\/wp-json\/wp\/v2\/comments?post=4842"}],"version-history":[{"count":6,"href":"https:\/\/uniapplygermany.com\/es\/wp-json\/wp\/v2\/pages\/4842\/revisions"}],"predecessor-version":[{"id":6481,"href":"https:\/\/uniapplygermany.com\/es\/wp-json\/wp\/v2\/pages\/4842\/revisions\/6481"}],"up":[{"embeddable":true,"href":"https:\/\/uniapplygermany.com\/es\/wp-json\/wp\/v2\/pages\/572"}],"wp:attachment":[{"href":"https:\/\/uniapplygermany.com\/es\/wp-json\/wp\/v2\/media?parent=4842"}],"wp:term":[{"taxonomy":"post_tag","embeddable":true,"href":"https:\/\/uniapplygermany.com\/es\/wp-json\/wp\/v2\/tags?post=4842"}],"curies":[{"name":"wp","href":"https:\/\/api.w.org\/{rel}","templated":true}]}}