{"id":5427,"date":"2024-11-19T18:01:54","date_gmt":"2024-11-19T15:01:54","guid":{"rendered":"https:\/\/uniapplygermany.com\/?page_id=5427"},"modified":"2024-11-19T18:02:23","modified_gmt":"2024-11-19T15:02:23","slug":"inlingua","status":"publish","type":"page","link":"https:\/\/uniapplygermany.com\/es\/idioma\/escuela-de-idiomas\/inlingua\/","title":{"rendered":"inlingua - Inlingua M\u00fanich"},"content":{"rendered":"<div class=\"wp-block-group alignwide\"><div class=\"wp-block-group__inner-container is-layout-constrained wp-block-group-is-layout-constrained\">\n<p class=\"wp-block-paragraph\">La escuela de idiomas inlingua, situada en el coraz\u00f3n de M\u00fanich, ofrece cursos de alem\u00e1n de alta calidad para estudiantes de todo el mundo. La escuela ense\u00f1a el idioma utilizando su propia metodolog\u00eda y materiales de desarrollo exclusivo. Inlingua es tambi\u00e9n un centro acreditado para los ex\u00e1menes internacionales Telc y TestDaF.<\/p>\n\n\n\n<figure class=\"wp-block-gallery has-nested-images columns-default is-cropped wp-block-gallery-1 is-layout-flex wp-block-gallery-is-layout-flex\">\n<figure class=\"wp-block-image size-large\"><img data-recalc-dims=\"1\" loading=\"lazy\" decoding=\"async\" width=\"900\" height=\"599\" data-attachment-id=\"5433\" data-permalink=\"https:\/\/uniapplygermany.com\/es\/idioma\/escuela-de-idiomas\/inlingua\/3-6\/\" data-orig-file=\"https:\/\/i0.wp.com\/uniapplygermany.com\/wp-content\/uploads\/2024\/11\/3.png?fit=1772%2C1181&amp;ssl=1\" data-orig-size=\"1772,1181\" data-comments-opened=\"1\" data-image-meta=\"{&quot;aperture&quot;:&quot;0&quot;,&quot;credit&quot;:&quot;&quot;,&quot;camera&quot;:&quot;&quot;,&quot;caption&quot;:&quot;&quot;,&quot;created_timestamp&quot;:&quot;0&quot;,&quot;copyright&quot;:&quot;&quot;,&quot;focal_length&quot;:&quot;0&quot;,&quot;iso&quot;:&quot;0&quot;,&quot;shutter_speed&quot;:&quot;0&quot;,&quot;title&quot;:&quot;&quot;,&quot;orientation&quot;:&quot;0&quot;}\" data-image-title=\"3\" data-image-description=\"\" data-image-caption=\"\" data-large-file=\"https:\/\/i0.wp.com\/uniapplygermany.com\/wp-content\/uploads\/2024\/11\/3.png?fit=900%2C599&amp;ssl=1\" data-id=\"5433\" src=\"https:\/\/i0.wp.com\/uniapplygermany.com\/wp-content\/uploads\/2024\/11\/3.png?resize=900%2C599&#038;ssl=1\" alt=\"\" class=\"wp-image-5433\" srcset=\"https:\/\/i0.wp.com\/uniapplygermany.com\/wp-content\/uploads\/2024\/11\/3.png?resize=1024%2C682&amp;ssl=1 1024w, https:\/\/i0.wp.com\/uniapplygermany.com\/wp-content\/uploads\/2024\/11\/3.png?resize=300%2C200&amp;ssl=1 300w, https:\/\/i0.wp.com\/uniapplygermany.com\/wp-content\/uploads\/2024\/11\/3.png?resize=768%2C512&amp;ssl=1 768w, https:\/\/i0.wp.com\/uniapplygermany.com\/wp-content\/uploads\/2024\/11\/3.png?resize=1536%2C1024&amp;ssl=1 1536w, https:\/\/i0.wp.com\/uniapplygermany.com\/wp-content\/uploads\/2024\/11\/3.png?w=1772&amp;ssl=1 1772w\" sizes=\"auto, (max-width: 900px) 100vw, 900px\" \/><\/figure>\n\n\n\n<figure class=\"wp-block-image size-large\"><img data-recalc-dims=\"1\" loading=\"lazy\" decoding=\"async\" width=\"900\" height=\"599\" data-attachment-id=\"5431\" data-permalink=\"https:\/\/uniapplygermany.com\/es\/idioma\/escuela-de-idiomas\/inlingua\/1-10\/\" data-orig-file=\"https:\/\/i0.wp.com\/uniapplygermany.com\/wp-content\/uploads\/2024\/11\/1.png?fit=1772%2C1181&amp;ssl=1\" data-orig-size=\"1772,1181\" data-comments-opened=\"1\" data-image-meta=\"{&quot;aperture&quot;:&quot;0&quot;,&quot;credit&quot;:&quot;&quot;,&quot;camera&quot;:&quot;&quot;,&quot;caption&quot;:&quot;&quot;,&quot;created_timestamp&quot;:&quot;0&quot;,&quot;copyright&quot;:&quot;&quot;,&quot;focal_length&quot;:&quot;0&quot;,&quot;iso&quot;:&quot;0&quot;,&quot;shutter_speed&quot;:&quot;0&quot;,&quot;title&quot;:&quot;&quot;,&quot;orientation&quot;:&quot;0&quot;}\" data-image-title=\"1\" data-image-description=\"\" data-image-caption=\"\" data-large-file=\"https:\/\/i0.wp.com\/uniapplygermany.com\/wp-content\/uploads\/2024\/11\/1.png?fit=900%2C599&amp;ssl=1\" data-id=\"5431\" src=\"https:\/\/i0.wp.com\/uniapplygermany.com\/wp-content\/uploads\/2024\/11\/1.png?resize=900%2C599&#038;ssl=1\" alt=\"\" class=\"wp-image-5431\" srcset=\"https:\/\/i0.wp.com\/uniapplygermany.com\/wp-content\/uploads\/2024\/11\/1.png?resize=1024%2C682&amp;ssl=1 1024w, https:\/\/i0.wp.com\/uniapplygermany.com\/wp-content\/uploads\/2024\/11\/1.png?resize=300%2C200&amp;ssl=1 300w, https:\/\/i0.wp.com\/uniapplygermany.com\/wp-content\/uploads\/2024\/11\/1.png?resize=768%2C512&amp;ssl=1 768w, https:\/\/i0.wp.com\/uniapplygermany.com\/wp-content\/uploads\/2024\/11\/1.png?resize=1536%2C1024&amp;ssl=1 1536w, https:\/\/i0.wp.com\/uniapplygermany.com\/wp-content\/uploads\/2024\/11\/1.png?w=1772&amp;ssl=1 1772w\" sizes=\"auto, (max-width: 900px) 100vw, 900px\" \/><\/figure>\n\n\n\n<figure class=\"wp-block-image size-large\"><img data-recalc-dims=\"1\" loading=\"lazy\" decoding=\"async\" width=\"900\" height=\"900\" data-attachment-id=\"5434\" data-permalink=\"https:\/\/uniapplygermany.com\/es\/idioma\/escuela-de-idiomas\/inlingua\/csm_inlingua_00653_73f1471b08\/\" data-orig-file=\"https:\/\/i0.wp.com\/uniapplygermany.com\/wp-content\/uploads\/2024\/11\/csm_inlingua_00653_73f1471b08.jpg?fit=1000%2C1000&amp;ssl=1\" data-orig-size=\"1000,1000\" data-comments-opened=\"1\" data-image-meta=\"{&quot;aperture&quot;:&quot;0&quot;,&quot;credit&quot;:&quot;&quot;,&quot;camera&quot;:&quot;&quot;,&quot;caption&quot;:&quot;&quot;,&quot;created_timestamp&quot;:&quot;0&quot;,&quot;copyright&quot;:&quot;&quot;,&quot;focal_length&quot;:&quot;0&quot;,&quot;iso&quot;:&quot;0&quot;,&quot;shutter_speed&quot;:&quot;0&quot;,&quot;title&quot;:&quot;&quot;,&quot;orientation&quot;:&quot;0&quot;}\" data-image-title=\"csm_inlingua_00653_73f1471b08\" data-image-description=\"\" data-image-caption=\"\" data-large-file=\"https:\/\/i0.wp.com\/uniapplygermany.com\/wp-content\/uploads\/2024\/11\/csm_inlingua_00653_73f1471b08.jpg?fit=900%2C900&amp;ssl=1\" data-id=\"5434\" src=\"https:\/\/i0.wp.com\/uniapplygermany.com\/wp-content\/uploads\/2024\/11\/csm_inlingua_00653_73f1471b08.jpg?resize=900%2C900&#038;ssl=1\" alt=\"\" class=\"wp-image-5434\" srcset=\"https:\/\/i0.wp.com\/uniapplygermany.com\/wp-content\/uploads\/2024\/11\/csm_inlingua_00653_73f1471b08.jpg?w=1000&amp;ssl=1 1000w, https:\/\/i0.wp.com\/uniapplygermany.com\/wp-content\/uploads\/2024\/11\/csm_inlingua_00653_73f1471b08.jpg?resize=300%2C300&amp;ssl=1 300w, https:\/\/i0.wp.com\/uniapplygermany.com\/wp-content\/uploads\/2024\/11\/csm_inlingua_00653_73f1471b08.jpg?resize=150%2C150&amp;ssl=1 150w, https:\/\/i0.wp.com\/uniapplygermany.com\/wp-content\/uploads\/2024\/11\/csm_inlingua_00653_73f1471b08.jpg?resize=768%2C768&amp;ssl=1 768w, https:\/\/i0.wp.com\/uniapplygermany.com\/wp-content\/uploads\/2024\/11\/csm_inlingua_00653_73f1471b08.jpg?resize=50%2C50&amp;ssl=1 50w\" sizes=\"auto, (max-width: 900px) 100vw, 900px\" \/><\/figure>\n\n\n\n<figure class=\"wp-block-image size-large\"><img data-recalc-dims=\"1\" loading=\"lazy\" decoding=\"async\" width=\"900\" height=\"600\" data-attachment-id=\"5432\" data-permalink=\"https:\/\/uniapplygermany.com\/es\/idioma\/escuela-de-idiomas\/inlingua\/2-11\/\" data-orig-file=\"https:\/\/i0.wp.com\/uniapplygermany.com\/wp-content\/uploads\/2024\/11\/2.png?fit=1772%2C1181&amp;ssl=1\" data-orig-size=\"1772,1181\" data-comments-opened=\"1\" data-image-meta=\"{&quot;aperture&quot;:&quot;0&quot;,&quot;credit&quot;:&quot;&quot;,&quot;camera&quot;:&quot;&quot;,&quot;caption&quot;:&quot;&quot;,&quot;created_timestamp&quot;:&quot;0&quot;,&quot;copyright&quot;:&quot;&quot;,&quot;focal_length&quot;:&quot;0&quot;,&quot;iso&quot;:&quot;0&quot;,&quot;shutter_speed&quot;:&quot;0&quot;,&quot;title&quot;:&quot;&quot;,&quot;orientation&quot;:&quot;0&quot;}\" data-image-title=\"2\" data-image-description=\"\" data-image-caption=\"\" data-large-file=\"https:\/\/i0.wp.com\/uniapplygermany.com\/wp-content\/uploads\/2024\/11\/2.png?fit=900%2C599&amp;ssl=1\" data-id=\"5432\" src=\"https:\/\/i0.wp.com\/uniapplygermany.com\/wp-content\/uploads\/2024\/11\/2.png?resize=900%2C600&#038;ssl=1\" alt=\"\" class=\"wp-image-5432\" srcset=\"https:\/\/i0.wp.com\/uniapplygermany.com\/wp-content\/uploads\/2024\/11\/2.png?resize=1024%2C682&amp;ssl=1 1024w, https:\/\/i0.wp.com\/uniapplygermany.com\/wp-content\/uploads\/2024\/11\/2.png?resize=300%2C200&amp;ssl=1 300w, https:\/\/i0.wp.com\/uniapplygermany.com\/wp-content\/uploads\/2024\/11\/2.png?resize=768%2C512&amp;ssl=1 768w, https:\/\/i0.wp.com\/uniapplygermany.com\/wp-content\/uploads\/2024\/11\/2.png?resize=1536%2C1024&amp;ssl=1 1536w, https:\/\/i0.wp.com\/uniapplygermany.com\/wp-content\/uploads\/2024\/11\/2.png?w=1772&amp;ssl=1 1772w\" sizes=\"auto, (max-width: 900px) 100vw, 900px\" \/><\/figure>\n<\/figure>\n\n\n\n<ul class=\"wp-block-list\">\n<li>Ubicaci\u00f3n en el centro de M\u00fanich<\/li>\n\n\n\n<li>Grupos reducidos de 6 a 12 alumnos<\/li>\n\n\n\n<li>Programa de tiempo libre<\/li>\n\n\n\n<li>Alojamiento en residencia, apartamentos o familias de hu\u00e9spedes<\/li>\n\n\n\n<li>Un programa de verano \u00fanico de dos semanas de duraci\u00f3n con dos sedes: M\u00fanich y Berl\u00edn<\/li>\n<\/ul>\n\n\n\n<p class=\"is-style-info wp-block-paragraph\">inlingua ofrece un curso intensivo de alem\u00e1n de 20 horas semanales a partir de 210 euros y de 225 euros para 26 horas semanales.<\/p>\n\n\n\n<p class=\"wp-block-paragraph\">Para cursos de tres meses o m\u00e1s, necesita un visado nacional. Para reservas de cursos de seis meses o m\u00e1s, visado de apoyo de UniApply Germany. <strong>gratis<\/strong>.<\/p>\n\n\n\n<p class=\"wp-block-paragraph\">Rellene el formulario y nos pondremos en contacto con usted por correo electr\u00f3nico:<\/p>\n\n\n\n<div class=\"wp-block-leadin-hubspot-form-block\">\n\t\t\t\t\t\t<script>\n\t\t\t\t\t\t\twindow.hsFormsOnReady = window.hsFormsOnReady || [];\n\t\t\t\t\t\t\twindow.hsFormsOnReady.push(()=>{\n\t\t\t\t\t\t\t\thbspt.forms.create({\n\t\t\t\t\t\t\t\t\tportalId: 26801513,\n\t\t\t\t\t\t\t\t\tformId: \"e08955e9-eccb-4ea4-8e9d-8028a895aa5b\",\n\t\t\t\t\t\t\t\t\ttarget: \"#hbspt-form-1775850627000-0234875060\",\n\t\t\t\t\t\t\t\t\tregion: \"eu1\",\n\t\t\t\t\t\t\t\t\t\n\t\t\t\t\t\t\t})});\n\t\t\t\t\t\t<\/script>\n\t\t\t\t\t\t<div class=\"hbspt-form\" id=\"hbspt-form-1775850627000-0234875060\"><\/div><\/div>\n<\/div><\/div>","protected":false},"excerpt":{"rendered":"<p>La escuela de idiomas inlingua, situada en el coraz\u00f3n de M\u00fanich, ofrece cursos de alem\u00e1n de alta calidad para estudiantes de todo el mundo. La escuela ense\u00f1a el idioma utilizando su propia metodolog\u00eda y materiales de desarrollo exclusivo. Adem\u00e1s, inlingua es un centro acreditado para los ex\u00e1menes internacionales Telc y TestDaF. inlingua ofrece un curso intensivo de alem\u00e1n de 20 horas semanales a partir de 210 ... <a href=\"https:\/\/uniapplygermany.com\/es\/idioma\/escuela-de-idiomas\/inlingua\/\" class=\"more-link\">Seguir leyendo <span class=\"screen-reader-text\">inlingua - Inlingua M\u00fanich<\/span><\/a><\/p>","protected":false},"author":189993925,"featured_media":0,"parent":394,"menu_order":0,"comment_status":"closed","ping_status":"closed","template":"","meta":{"_coblocks_attr":"","_coblocks_dimensions":"","_coblocks_responsive_height":"","_coblocks_accordion_ie_support":"","_crdt_document":"","content-type":"","advanced_seo_description":"\u0423\u0433\u043b\u0443\u0431\u043b\u0435\u043d\u043d\u043e\u0435 \u0438\u0437\u0443\u0447\u0435\u043d\u0438\u0435 \u043d\u0435\u043c\u0435\u0446\u043a\u043e\u0433\u043e \u044f\u0437\u044b\u043a\u0430 \u0432 inlingua \u041c\u044e\u043d\u0445\u0435\u043d. \u0414\u043e\u043b\u0433\u043e\u0441\u0440\u043e\u0447\u043d\u044b\u0435 \u043a\u0443\u0440\u0441\u044b \u0434\u043b\u044f \u0434\u043e\u0441\u0442\u0438\u0436\u0435\u043d\u0438\u044f \u0432\u0430\u0448\u0438\u0445 \u0446\u0435\u043b\u0435\u0439: \u0440\u0430\u0431\u043e\u0442\u0430, \u0443\u0447\u0435\u0431\u0430 \u0438\u043b\u0438 \u0436\u0438\u0437\u043d\u044c \u0432 \u0413\u0435\u0440\u043c\u0430\u043d\u0438\u0438. \u042d\u0444\u0444\u0435\u043a\u0442\u0438\u0432\u043d\u0430\u044f \u043c\u0435\u0442\u043e\u0434\u0438\u043a\u0430 \u0438 \u043e\u043f\u044b\u0442\u043d\u044b\u0435 \u043f\u0440\u0435\u043f\u043e\u0434\u0430\u0432\u0430\u0442\u0435\u043b\u0438!","jetpack_seo_html_title":"\u0414\u043e\u043b\u0433\u043e\u0441\u0440\u043e\u0447\u043d\u044b\u0435 \u043a\u0443\u0440\u0441\u044b \u043d\u0435\u043c\u0435\u0446\u043a\u043e\u0433\u043e \u044f\u0437\u044b\u043a\u0430 \u0432 \u0448\u043a\u043e\u043b\u0435 inlingua \u0432 \u041c\u044e\u043d\u0445\u0435\u043d\u0435","jetpack_seo_noindex":false,"jetpack_post_was_ever_published":false,"footnotes":""},"tags":[759733633,759733634,759733636,759733637,759733632,759733635],"class_list":["post-5427","page","type-page","status-publish","hentry","tag-759733633","tag-759733634","tag----2","tag-759733637","tag-759733632","tag--inlingua-"],"jetpack_likes_enabled":false,"jetpack_sharing_enabled":false,"jetpack_shortlink":"https:\/\/wp.me\/Pcd2VE-1px","jetpack-related-posts":[],"_links":{"self":[{"href":"https:\/\/uniapplygermany.com\/es\/wp-json\/wp\/v2\/pages\/5427","targetHints":{"allow":["GET"]}}],"collection":[{"href":"https:\/\/uniapplygermany.com\/es\/wp-json\/wp\/v2\/pages"}],"about":[{"href":"https:\/\/uniapplygermany.com\/es\/wp-json\/wp\/v2\/types\/page"}],"author":[{"embeddable":true,"href":"https:\/\/uniapplygermany.com\/es\/wp-json\/wp\/v2\/users\/189993925"}],"replies":[{"embeddable":true,"href":"https:\/\/uniapplygermany.com\/es\/wp-json\/wp\/v2\/comments?post=5427"}],"version-history":[{"count":5,"href":"https:\/\/uniapplygermany.com\/es\/wp-json\/wp\/v2\/pages\/5427\/revisions"}],"predecessor-version":[{"id":5438,"href":"https:\/\/uniapplygermany.com\/es\/wp-json\/wp\/v2\/pages\/5427\/revisions\/5438"}],"up":[{"embeddable":true,"href":"https:\/\/uniapplygermany.com\/es\/wp-json\/wp\/v2\/pages\/394"}],"wp:attachment":[{"href":"https:\/\/uniapplygermany.com\/es\/wp-json\/wp\/v2\/media?parent=5427"}],"wp:term":[{"taxonomy":"post_tag","embeddable":true,"href":"https:\/\/uniapplygermany.com\/es\/wp-json\/wp\/v2\/tags?post=5427"}],"curies":[{"name":"wp","href":"https:\/\/api.w.org\/{rel}","templated":true}]}}