{"id":5495,"date":"2024-11-21T15:48:35","date_gmt":"2024-11-21T12:48:35","guid":{"rendered":"https:\/\/uniapplygermany.com\/?page_id=5495"},"modified":"2024-11-21T22:52:32","modified_gmt":"2024-11-21T19:52:32","slug":"estudiar","status":"publish","type":"page","link":"https:\/\/uniapplygermany.com\/es\/estudiar\/","title":{"rendered":"ense\u00f1anza superior"},"content":{"rendered":"<div class=\"wp-block-columns alignfull is-layout-flex wp-container-core-columns-is-layout-8f761849 wp-block-columns-is-layout-flex\">\n<div class=\"wp-block-column is-layout-flow wp-block-column-is-layout-flow\">\n<div class=\"wp-block-cover\"><span aria-hidden=\"true\" class=\"wp-block-cover__background has-black-background-color has-background-dim-70 has-background-dim\"><\/span><img data-recalc-dims=\"1\" loading=\"lazy\" decoding=\"async\" width=\"900\" height=\"900\" data-attachment-id=\"5501\" data-permalink=\"https:\/\/uniapplygermany.com\/es\/estudiar\/10-2\/\" data-orig-file=\"https:\/\/i0.wp.com\/uniapplygermany.com\/wp-content\/uploads\/2024\/11\/10.png?fit=1080%2C1080&amp;ssl=1\" data-orig-size=\"1080,1080\" data-comments-opened=\"1\" data-image-meta=\"{&quot;aperture&quot;:&quot;0&quot;,&quot;credit&quot;:&quot;&quot;,&quot;camera&quot;:&quot;&quot;,&quot;caption&quot;:&quot;&quot;,&quot;created_timestamp&quot;:&quot;0&quot;,&quot;copyright&quot;:&quot;&quot;,&quot;focal_length&quot;:&quot;0&quot;,&quot;iso&quot;:&quot;0&quot;,&quot;shutter_speed&quot;:&quot;0&quot;,&quot;title&quot;:&quot;&quot;,&quot;orientation&quot;:&quot;0&quot;}\" data-image-title=\"10\" data-image-description=\"\" data-image-caption=\"\" data-medium-file=\"https:\/\/i0.wp.com\/uniapplygermany.com\/wp-content\/uploads\/2024\/11\/10.png?fit=300%2C300&amp;ssl=1\" data-large-file=\"https:\/\/i0.wp.com\/uniapplygermany.com\/wp-content\/uploads\/2024\/11\/10.png?fit=900%2C900&amp;ssl=1\" class=\"wp-block-cover__image-background wp-image-5501 size-full\" alt=\"\" src=\"https:\/\/i0.wp.com\/uniapplygermany.com\/wp-content\/uploads\/2024\/11\/10.png?resize=900%2C900&#038;ssl=1\" data-object-fit=\"cover\" srcset=\"https:\/\/i0.wp.com\/uniapplygermany.com\/wp-content\/uploads\/2024\/11\/10.png?w=1080&amp;ssl=1 1080w, https:\/\/i0.wp.com\/uniapplygermany.com\/wp-content\/uploads\/2024\/11\/10.png?resize=300%2C300&amp;ssl=1 300w, https:\/\/i0.wp.com\/uniapplygermany.com\/wp-content\/uploads\/2024\/11\/10.png?resize=1024%2C1024&amp;ssl=1 1024w, https:\/\/i0.wp.com\/uniapplygermany.com\/wp-content\/uploads\/2024\/11\/10.png?resize=150%2C150&amp;ssl=1 150w, https:\/\/i0.wp.com\/uniapplygermany.com\/wp-content\/uploads\/2024\/11\/10.png?resize=768%2C768&amp;ssl=1 768w, https:\/\/i0.wp.com\/uniapplygermany.com\/wp-content\/uploads\/2024\/11\/10.png?resize=50%2C50&amp;ssl=1 50w\" sizes=\"auto, (max-width: 900px) 100vw, 900px\" \/><div class=\"wp-block-cover__inner-container is-layout-constrained wp-block-cover-is-layout-constrained\">\n<p class=\"has-text-align-center has-white-color has-text-color has-link-color has-large-font-size wp-elements-6173236203d68dec6e501e4bb8d54d9c wp-block-paragraph\"><a href=\"https:\/\/uniapplygermany.com\/es\/studienkolleg\/\">Studienkolleg<\/a><\/p>\n\n\n\n<p class=\"wp-block-paragraph\">A\u00f1o preparatorio para licenciados que no cumplen las condiciones de admisi\u00f3n directa.<\/p>\n<\/div><\/div>\n<\/div>\n\n\n\n<div class=\"wp-block-column is-layout-flow wp-block-column-is-layout-flow\">\n<div class=\"wp-block-cover\"><span aria-hidden=\"true\" class=\"wp-block-cover__background has-black-background-color has-background-dim-60 has-background-dim\"><\/span><img data-recalc-dims=\"1\" loading=\"lazy\" decoding=\"async\" width=\"900\" height=\"900\" data-attachment-id=\"5502\" data-permalink=\"https:\/\/uniapplygermany.com\/es\/estudiar\/11-3\/\" data-orig-file=\"https:\/\/i0.wp.com\/uniapplygermany.com\/wp-content\/uploads\/2024\/11\/11.png?fit=1080%2C1080&amp;ssl=1\" data-orig-size=\"1080,1080\" data-comments-opened=\"1\" data-image-meta=\"{&quot;aperture&quot;:&quot;0&quot;,&quot;credit&quot;:&quot;&quot;,&quot;camera&quot;:&quot;&quot;,&quot;caption&quot;:&quot;&quot;,&quot;created_timestamp&quot;:&quot;0&quot;,&quot;copyright&quot;:&quot;&quot;,&quot;focal_length&quot;:&quot;0&quot;,&quot;iso&quot;:&quot;0&quot;,&quot;shutter_speed&quot;:&quot;0&quot;,&quot;title&quot;:&quot;&quot;,&quot;orientation&quot;:&quot;0&quot;}\" data-image-title=\"11\" data-image-description=\"\" data-image-caption=\"\" data-medium-file=\"https:\/\/i0.wp.com\/uniapplygermany.com\/wp-content\/uploads\/2024\/11\/11.png?fit=300%2C300&amp;ssl=1\" data-large-file=\"https:\/\/i0.wp.com\/uniapplygermany.com\/wp-content\/uploads\/2024\/11\/11.png?fit=900%2C900&amp;ssl=1\" class=\"wp-block-cover__image-background wp-image-5502 size-large\" alt=\"\" src=\"https:\/\/i0.wp.com\/uniapplygermany.com\/wp-content\/uploads\/2024\/11\/11.png?resize=900%2C900&#038;ssl=1\" data-object-fit=\"cover\" srcset=\"https:\/\/i0.wp.com\/uniapplygermany.com\/wp-content\/uploads\/2024\/11\/11.png?resize=1024%2C1024&amp;ssl=1 1024w, https:\/\/i0.wp.com\/uniapplygermany.com\/wp-content\/uploads\/2024\/11\/11.png?resize=300%2C300&amp;ssl=1 300w, https:\/\/i0.wp.com\/uniapplygermany.com\/wp-content\/uploads\/2024\/11\/11.png?resize=150%2C150&amp;ssl=1 150w, https:\/\/i0.wp.com\/uniapplygermany.com\/wp-content\/uploads\/2024\/11\/11.png?resize=768%2C768&amp;ssl=1 768w, https:\/\/i0.wp.com\/uniapplygermany.com\/wp-content\/uploads\/2024\/11\/11.png?resize=50%2C50&amp;ssl=1 50w, https:\/\/i0.wp.com\/uniapplygermany.com\/wp-content\/uploads\/2024\/11\/11.png?w=1080&amp;ssl=1 1080w\" sizes=\"auto, (max-width: 900px) 100vw, 900px\" \/><div class=\"wp-block-cover__inner-container is-layout-constrained wp-block-cover-is-layout-constrained\">\n<p class=\"has-text-align-center has-white-color has-text-color has-link-color has-large-font-size wp-elements-e49868073086625b0ae8fec9a9657316 wp-block-paragraph\"><a href=\"https:\/\/uniapplygermany.com\/es\/universidad\/privateuni\/\">Universidades privadas<\/a><\/p>\n\n\n\n<p class=\"wp-block-paragraph\">Prestigiosa ense\u00f1anza en ingl\u00e9s en el centro de Europa.<\/p>\n<\/div><\/div>\n<\/div>\n\n\n\n<div class=\"wp-block-column is-layout-flow wp-block-column-is-layout-flow\">\n<div class=\"wp-block-cover\"><span aria-hidden=\"true\" class=\"wp-block-cover__background has-black-background-color has-background-dim-60 has-background-dim\"><\/span><img data-recalc-dims=\"1\" loading=\"lazy\" decoding=\"async\" width=\"900\" height=\"900\" data-attachment-id=\"5504\" data-permalink=\"https:\/\/uniapplygermany.com\/es\/estudiar\/attachment\/12\/\" data-orig-file=\"https:\/\/i0.wp.com\/uniapplygermany.com\/wp-content\/uploads\/2024\/11\/12.png?fit=1080%2C1080&amp;ssl=1\" data-orig-size=\"1080,1080\" data-comments-opened=\"1\" data-image-meta=\"{&quot;aperture&quot;:&quot;0&quot;,&quot;credit&quot;:&quot;&quot;,&quot;camera&quot;:&quot;&quot;,&quot;caption&quot;:&quot;&quot;,&quot;created_timestamp&quot;:&quot;0&quot;,&quot;copyright&quot;:&quot;&quot;,&quot;focal_length&quot;:&quot;0&quot;,&quot;iso&quot;:&quot;0&quot;,&quot;shutter_speed&quot;:&quot;0&quot;,&quot;title&quot;:&quot;&quot;,&quot;orientation&quot;:&quot;0&quot;}\" data-image-title=\"12\" data-image-description=\"\" data-image-caption=\"\" data-medium-file=\"https:\/\/i0.wp.com\/uniapplygermany.com\/wp-content\/uploads\/2024\/11\/12.png?fit=300%2C300&amp;ssl=1\" data-large-file=\"https:\/\/i0.wp.com\/uniapplygermany.com\/wp-content\/uploads\/2024\/11\/12.png?fit=900%2C900&amp;ssl=1\" class=\"wp-block-cover__image-background wp-image-5504 size-large\" alt=\"\" src=\"https:\/\/i0.wp.com\/uniapplygermany.com\/wp-content\/uploads\/2024\/11\/12.png?resize=900%2C900&#038;ssl=1\" data-object-fit=\"cover\" srcset=\"https:\/\/i0.wp.com\/uniapplygermany.com\/wp-content\/uploads\/2024\/11\/12.png?resize=1024%2C1024&amp;ssl=1 1024w, https:\/\/i0.wp.com\/uniapplygermany.com\/wp-content\/uploads\/2024\/11\/12.png?resize=300%2C300&amp;ssl=1 300w, https:\/\/i0.wp.com\/uniapplygermany.com\/wp-content\/uploads\/2024\/11\/12.png?resize=150%2C150&amp;ssl=1 150w, https:\/\/i0.wp.com\/uniapplygermany.com\/wp-content\/uploads\/2024\/11\/12.png?resize=768%2C768&amp;ssl=1 768w, https:\/\/i0.wp.com\/uniapplygermany.com\/wp-content\/uploads\/2024\/11\/12.png?resize=50%2C50&amp;ssl=1 50w, https:\/\/i0.wp.com\/uniapplygermany.com\/wp-content\/uploads\/2024\/11\/12.png?w=1080&amp;ssl=1 1080w\" sizes=\"auto, (max-width: 900px) 100vw, 900px\" \/><div class=\"wp-block-cover__inner-container is-layout-constrained wp-block-cover-is-layout-constrained\">\n<p class=\"has-text-align-center has-white-color has-text-color has-link-color has-large-font-size wp-elements-4bcf9923553b6c873555df9f7398dd72 wp-block-paragraph\"><a href=\"https:\/\/uniapplygermany.com\/es\/estudiar\/universidad\/\" data-type=\"link\" data-id=\"https:\/\/uniapplygermany.com\/university\/\">Universidades p\u00fablicas<\/a><\/p>\n\n\n\n<p class=\"wp-block-paragraph\">Educaci\u00f3n gratuita en Alemania en ingl\u00e9s y alem\u00e1n.<\/p>\n<\/div><\/div>\n<\/div>\n<\/div>","protected":false},"excerpt":{"rendered":"","protected":false},"author":189993925,"featured_media":0,"parent":0,"menu_order":0,"comment_status":"closed","ping_status":"closed","template":"","meta":{"_coblocks_attr":"","_coblocks_dimensions":"","_coblocks_responsive_height":"","_coblocks_accordion_ie_support":"","_crdt_document":"","content-type":"","advanced_seo_description":"","jetpack_seo_html_title":"","jetpack_seo_noindex":false,"jetpack_post_was_ever_published":false,"footnotes":""},"tags":[],"class_list":["post-5495","page","type-page","status-publish","hentry"],"jetpack_likes_enabled":false,"jetpack_sharing_enabled":false,"jetpack_shortlink":"https:\/\/wp.me\/Pcd2VE-1qD","jetpack-related-posts":[],"_links":{"self":[{"href":"https:\/\/uniapplygermany.com\/es\/wp-json\/wp\/v2\/pages\/5495","targetHints":{"allow":["GET"]}}],"collection":[{"href":"https:\/\/uniapplygermany.com\/es\/wp-json\/wp\/v2\/pages"}],"about":[{"href":"https:\/\/uniapplygermany.com\/es\/wp-json\/wp\/v2\/types\/page"}],"author":[{"embeddable":true,"href":"https:\/\/uniapplygermany.com\/es\/wp-json\/wp\/v2\/users\/189993925"}],"replies":[{"embeddable":true,"href":"https:\/\/uniapplygermany.com\/es\/wp-json\/wp\/v2\/comments?post=5495"}],"version-history":[{"count":12,"href":"https:\/\/uniapplygermany.com\/es\/wp-json\/wp\/v2\/pages\/5495\/revisions"}],"predecessor-version":[{"id":5553,"href":"https:\/\/uniapplygermany.com\/es\/wp-json\/wp\/v2\/pages\/5495\/revisions\/5553"}],"wp:attachment":[{"href":"https:\/\/uniapplygermany.com\/es\/wp-json\/wp\/v2\/media?parent=5495"}],"wp:term":[{"taxonomy":"post_tag","embeddable":true,"href":"https:\/\/uniapplygermany.com\/es\/wp-json\/wp\/v2\/tags?post=5495"}],"curies":[{"name":"wp","href":"https:\/\/api.w.org\/{rel}","templated":true}]}}