{"id":789,"date":"2020-10-15T13:28:32","date_gmt":"2020-10-15T10:28:32","guid":{"rendered":"http:\/\/uniapplygermany.com\/?page_id=789"},"modified":"2024-11-19T17:00:03","modified_gmt":"2024-11-19T14:00:03","slug":"soltero","status":"publish","type":"page","link":"https:\/\/uniapplygermany.com\/es\/estudiar\/universidad\/soltero\/","title":{"rendered":"licenciatura"},"content":{"rendered":"<div class=\"wp-block-group alignwide\"><div class=\"wp-block-group__inner-container is-layout-flow wp-block-group-is-layout-flow\">\n<h2 class=\"wp-block-heading\">\u00bfqui\u00e9n puede entrar? <\/h2>\n\n\n\n<p class=\"wp-block-paragraph\">Puedes solicitar directamente una licenciatura en una universidad alemana si tienes:<\/p>\n\n\n\n<ul class=\"wp-block-list\">\n<li>un t\u00edtulo de ense\u00f1anza secundaria;<\/li>\n\n\n\n<li>Al menos un a\u00f1o de estudios en una universidad acreditada por el Ministerio de Educaci\u00f3n del pa\u00eds de origen;<\/li>\n\n\n\n<li>prueba de conocimientos ling\u00fc\u00edsticos (DSH, TestDaF (con una nota m\u00ednima de 4 en cada una de las 4 partes, etc.). Siempre puedes encontrar informaci\u00f3n detallada en el sitio web de la universidad que elijas).<\/li>\n<\/ul>\n\n\n\n<h2 class=\"wp-block-heading\">\u00bfPuedo presentar mi solicitud directamente desde la escuela?<\/h2>\n\n\n\n<p class=\"wp-block-paragraph\">No. Si s\u00f3lo tienes el graduado escolar, tienes que cursar un a\u00f1o de formaci\u00f3n preuniversitaria en el St\u00fcdienkolleg. Para m\u00e1s informaci\u00f3n, dir\u00edjase a <a href=\"https:\/\/uniapplygermany.com\/es\/studienkolleg\/\">referencia<\/a>.<\/p>\n\n\n\n<h2 class=\"wp-block-heading\">\u00bfC\u00f3mo se solicita?<\/h2>\n\n\n\n<p class=\"wp-block-paragraph\">La solicitud de admisi\u00f3n es una cuesti\u00f3n individual. El expediente de solicitud puede variar ligeramente en funci\u00f3n de la universidad elegida. <\/p>\n\n\n\n<div class=\"wp-block-buttons is-content-justification-left is-layout-flex wp-container-core-buttons-is-layout-63375db1 wp-block-buttons-is-layout-flex\">\n<div class=\"wp-block-button\"><a class=\"wp-block-button__link has-background wp-element-button\" href=\"https:\/\/uniapplygermany.com\/es\/servicio\/consulta\/\" style=\"border-radius:100px;background-color:#a9c85c\">asesoramiento individual<\/a><\/div>\n<\/div>\n\n\n\n<div style=\"height:20px\" aria-hidden=\"true\" class=\"wp-block-spacer\"><\/div>\n\n\n\n<p class=\"wp-block-paragraph\">La mayor\u00eda de las universidades aceptan solicitudes de estudiantes internacionales a trav\u00e9s de un \u00fanico servicio <a href=\"http:\/\/uniapplygermany.com\/es\/universidad\/asistencia-uni\/\">uni-assist<\/a>.<\/p>\n\n\n\n<div class=\"wp-block-jetpack-layout-grid alignfull column1-desktop-grid__span-2 column1-desktop-grid__start-2 column1-desktop-grid__row-1 column2-desktop-grid__span-5 column2-desktop-grid__start-4 column2-desktop-grid__row-1 column1-tablet-grid__span-4 column1-tablet-grid__row-1 column2-tablet-grid__span-4 column2-tablet-grid__start-5 column2-tablet-grid__row-1 column1-mobile-grid__span-4 column1-mobile-grid__row-1 column2-mobile-grid__span-4 column2-mobile-grid__row-2 are-vertically-aligned-center wp-block-jetpack-layout-gutter__small\">\n<div class=\"wp-block-jetpack-layout-grid-column wp-block-jetpack-layout-grid__padding-none is-vertically-aligned-center\"><div class=\"wp-block-image\">\n<figure class=\"aligncenter size-large is-resized\"><img data-recalc-dims=\"1\" loading=\"lazy\" decoding=\"async\" width=\"500\" height=\"500\" data-attachment-id=\"797\" data-permalink=\"https:\/\/uniapplygermany.com\/es\/time\/\" data-orig-file=\"https:\/\/i0.wp.com\/uniapplygermany.com\/wp-content\/uploads\/2020\/10\/time.png?fit=500%2C500&amp;ssl=1\" data-orig-size=\"500,500\" data-comments-opened=\"1\" data-image-meta=\"{&quot;aperture&quot;:&quot;0&quot;,&quot;credit&quot;:&quot;&quot;,&quot;camera&quot;:&quot;&quot;,&quot;caption&quot;:&quot;&quot;,&quot;created_timestamp&quot;:&quot;0&quot;,&quot;copyright&quot;:&quot;&quot;,&quot;focal_length&quot;:&quot;0&quot;,&quot;iso&quot;:&quot;0&quot;,&quot;shutter_speed&quot;:&quot;0&quot;,&quot;title&quot;:&quot;&quot;,&quot;orientation&quot;:&quot;0&quot;}\" data-image-title=\"time\" data-image-description=\"\" data-image-caption=\"\" data-large-file=\"https:\/\/i0.wp.com\/uniapplygermany.com\/wp-content\/uploads\/2020\/10\/time.png?fit=500%2C500&amp;ssl=1\" src=\"https:\/\/i0.wp.com\/uniapplygermany.com\/wp-content\/uploads\/2020\/10\/time.png?resize=500%2C500&#038;ssl=1\" alt=\"\" class=\"wp-image-797\" style=\"width:125px;height:125px\"\/><\/figure>\n<\/div><\/div>\n\n\n\n<div class=\"wp-block-jetpack-layout-grid-column wp-block-jetpack-layout-grid__padding-none is-vertically-aligned-center\">\n<h5 class=\"wp-block-heading\">Documentos necesarios de los que ocuparse en primer lugar:<\/h5>\n\n\n\n<ul class=\"wp-block-list\">\n<li>traducci\u00f3n de los documentos de educaci\u00f3n en un idioma distinto del alem\u00e1n o el ingl\u00e9s. La traducci\u00f3n debe realizarla preferiblemente un traductor jurado que figure en la base de datos oficial del Ministerio de Justicia alem\u00e1n;<\/li>\n\n\n\n<li>copias certificadas de todos los documentos de educaci\u00f3n y transferencia.<\/li>\n<\/ul>\n<\/div>\n<\/div>\n<\/div><\/div>\n\n\n\n<div class=\"wp-block-group alignwide\"><div class=\"wp-block-group__inner-container is-layout-flow wp-block-group-is-layout-flow\">\n<h2 class=\"wp-block-heading\">\u00bfCu\u00e1ndo debo solicitarlo?<\/h2>\n\n\n\n<p class=\"wp-block-paragraph\">Puede empezar sus estudios en una universidad alemana dos veces al a\u00f1o, dependiendo de su especialidad. <\/p>\n\n\n\n<p class=\"wp-block-paragraph\">Las solicitudes suelen presentarse antes:<\/p>\n\n\n\n<ul class=\"wp-block-list\">\n<li><strong>15 de julio<\/strong>Si tiene previsto iniciar sus estudios en <strong>trimestre de invierno <\/strong>(septiembre\/octubre);<\/li>\n\n\n\n<li><strong>15 de enero<\/strong>Si tiene previsto iniciar sus estudios en <strong>trimestre de verano <\/strong>(marzo\/abril).<\/li>\n<\/ul>\n\n\n\n<h2 class=\"wp-block-heading\">\u00bfcu\u00e1nto cuesta la matr\u00edcula?<\/h2>\n\n\n\n<p class=\"wp-block-paragraph\">La ense\u00f1anza superior en Alemania es gratuita. Los estudiantes pagan una tasa semestral de aproximadamente 100-300\u20ac, que incluye un billete de viaje.<\/p>\n\n\n\n<p class=\"wp-block-paragraph\">La excepci\u00f3n es el estado de Baden-Wurtemberg. Un semestre all\u00ed cuesta 1500\u20ac. <\/p>\n\n\n\n<p class=\"wp-block-paragraph\">A partir del oto\u00f1o de 2024, la Universidad T\u00e9cnica de M\u00fanich ha introducido tasas de matr\u00edcula, que cuestan 2000\/3000 euros por semestre para los programas de licenciatura y 4000\/6000 euros para los de m\u00e1ster. En algunas universidades de ciencias aplicadas de Baviera cuesta 500 euros al semestre.<\/p>\n\n\n\n<h2 class=\"wp-block-heading\">\u00bfc\u00f3mo puede ayudar UniApply?<\/h2>\n\n\n\n<p class=\"wp-block-paragraph\">Proporcionamos un servicio de admisi\u00f3n personalizado, desde la selecci\u00f3n del programa hasta la asistencia completa.<\/p>\n\n\n\n<div class=\"wp-block-buttons is-content-justification-left is-layout-flex wp-container-core-buttons-is-layout-63375db1 wp-block-buttons-is-layout-flex\">\n<div class=\"wp-block-button\"><a class=\"wp-block-button__link has-background wp-element-button\" href=\"https:\/\/uniapplygermany.com\/es\/servicio\/uni-preise\/\" style=\"border-radius:100px;background-color:#a9c85c\">Familiar\u00edcese con la oferta<\/a><\/div>\n<\/div>\n\n\n\n<div style=\"height:20px\" aria-hidden=\"true\" class=\"wp-block-spacer\"><\/div>\n\n\n\n<h2 class=\"wp-block-heading\">\u00bfAlguna otra pregunta?<\/h2>\n\n\n\n<p class=\"wp-block-paragraph\">Concierte una cita para una sesi\u00f3n inicial de asesoramiento con una evaluaci\u00f3n de sus posibilidades de admisi\u00f3n.<\/p>\n\n\n\n<div class=\"wp-block-buttons is-content-justification-left is-layout-flex wp-container-core-buttons-is-layout-63375db1 wp-block-buttons-is-layout-flex\">\n<div class=\"wp-block-button\"><a class=\"wp-block-button__link has-background wp-element-button\" href=\"https:\/\/uniapplygermany.com\/es\/servicio\/consulta\/\" style=\"border-radius:100px;background-color:#a9c85c\">reservar una consulta<\/a><\/div>\n<\/div>\n<\/div><\/div>","protected":false},"excerpt":{"rendered":"<p>\u043a\u0442\u043e \u043c\u043e\u0436\u0435\u0442 \u043f\u043e\u0441\u0442\u0443\u043f\u0430\u0442\u044c? \u0412\u044b \u043c\u043e\u0436\u0435\u0442\u0435 \u043d\u0430\u043f\u0440\u044f\u043c\u0443\u044e \u043f\u043e\u0441\u0442\u0443\u043f\u0430\u0442\u044c \u043d\u0430 \u043f\u0440\u043e\u0433\u0440\u0430\u043c\u043c\u0443 \u0431\u0430\u043a\u0430\u043b\u0430\u0432\u0440\u0438\u0430\u0442\u0430 \u0432 \u043d\u0435\u043c\u0435\u0446\u043a\u0438\u0439 \u0412\u0423\u0417 \u043f\u0440\u0438 \u043d\u0430\u043b\u0438\u0447\u0438\u0438: \u043c\u043e\u0436\u043d\u043e \u043b\u0438 \u043f\u043e\u0441\u0442\u0443\u043f\u0430\u0442\u044c \u0441\u0440\u0430\u0437\u0443 \u043f\u043e\u0441\u043b\u0435 \u0448\u043a\u043e\u043b\u044b? \u041d\u0435\u0442. \u041f\u0440\u0438 \u043d\u0430\u043b\u0438\u0447\u0438\u0438 \u0442\u043e\u043b\u044c\u043a\u043e \u0448\u043a\u043e\u043b\u044c\u043d\u043e\u0433\u043e \u0430\u0442\u0442\u0435\u0441\u0442\u0430\u0442\u0430 \u0432\u0430\u043c \u043d\u0435\u043e\u0431\u0445\u043e\u0434\u0438\u043c\u043e \u043e\u043a\u043e\u043d\u0447\u0438\u0442\u044c \u0433\u043e\u0434 \u0434\u043e\u0432\u0443\u0437\u043e\u0432\u043e\u0439 \u043f\u043e\u0434\u0433\u043e\u0442\u043e\u0432\u043a\u0438 \u0432 \u0448\u0442\u0443\u0434\u0438\u0435\u043d\u043a\u043e\u043b\u043b\u0435\u0433\u0435. \u041f\u043e\u0434\u0440\u043e\u0431\u043d\u043e\u0441\u0442\u0438 \u043f\u043e \u0441\u0441\u044b\u043b\u043a\u0435. \u043a\u0430\u043a \u043f\u043e\u0434\u0430\u0442\u044c \u0434\u043e\u043a\u0443\u043c\u0435\u043d\u0442\u044b? \u041f\u043e\u0434\u0430\u0447\u0430 \u0434\u043e\u043a\u0443\u043c\u0435\u043d\u0442\u043e\u0432 \u043d\u0430 \u043f\u043e\u0441\u0442\u0443\u043f\u043b\u0435\u043d\u0438\u0435 &#8212; \u0432\u043e\u043f\u0440\u043e\u0441 \u0438\u043d\u0434\u0438\u0432\u0438\u0434\u0443\u0430\u043b\u044c\u043d\u044b\u0439. \u041f\u0430\u043a\u0435\u0442 \u0434\u043e\u043a\u0443\u043c\u0435\u043d\u0442\u043e\u0432 \u043c\u043e\u0436\u0435\u0442 \u043d\u0435\u043c\u043d\u043e\u0433\u043e \u043e\u0442\u043b\u0438\u0447\u0430\u0442\u044c\u0441\u044f \u0432 \u0437\u0430\u0432\u0438\u0441\u0438\u043c\u043e\u0441\u0442\u0438 &hellip; <a href=\"https:\/\/uniapplygermany.com\/es\/estudiar\/universidad\/soltero\/\" class=\"more-link\">Seguir leyendo <span class=\"screen-reader-text\">licenciatura<\/span><\/a><\/p>","protected":false},"author":189993925,"featured_media":0,"parent":746,"menu_order":0,"comment_status":"closed","ping_status":"closed","template":"","meta":{"_coblocks_attr":"","_coblocks_dimensions":"","_coblocks_responsive_height":"","_coblocks_accordion_ie_support":"","_crdt_document":"","content-type":"","advanced_seo_description":"","jetpack_seo_html_title":"","jetpack_seo_noindex":false,"jetpack_post_was_ever_published":false,"footnotes":""},"tags":[706306511,26226337,706306649,706306603,189930090,704051100,706306632,427090862,706306425,706306659,339468578,706306592],"class_list":["post-789","page","type-page","status-publish","hentry","tag-706306511","tag-26226337","tag-706306649","tag-706306603","tag-189930090","tag-704051100","tag-706306632","tag-427090862","tag-706306425","tag-706306659","tag-339468578","tag-706306592"],"jetpack_likes_enabled":false,"jetpack_sharing_enabled":false,"jetpack_shortlink":"https:\/\/wp.me\/Pcd2VE-cJ","jetpack-related-posts":[],"_links":{"self":[{"href":"https:\/\/uniapplygermany.com\/es\/wp-json\/wp\/v2\/pages\/789","targetHints":{"allow":["GET"]}}],"collection":[{"href":"https:\/\/uniapplygermany.com\/es\/wp-json\/wp\/v2\/pages"}],"about":[{"href":"https:\/\/uniapplygermany.com\/es\/wp-json\/wp\/v2\/types\/page"}],"author":[{"embeddable":true,"href":"https:\/\/uniapplygermany.com\/es\/wp-json\/wp\/v2\/users\/189993925"}],"replies":[{"embeddable":true,"href":"https:\/\/uniapplygermany.com\/es\/wp-json\/wp\/v2\/comments?post=789"}],"version-history":[{"count":30,"href":"https:\/\/uniapplygermany.com\/es\/wp-json\/wp\/v2\/pages\/789\/revisions"}],"predecessor-version":[{"id":5420,"href":"https:\/\/uniapplygermany.com\/es\/wp-json\/wp\/v2\/pages\/789\/revisions\/5420"}],"up":[{"embeddable":true,"href":"https:\/\/uniapplygermany.com\/es\/wp-json\/wp\/v2\/pages\/746"}],"wp:attachment":[{"href":"https:\/\/uniapplygermany.com\/es\/wp-json\/wp\/v2\/media?parent=789"}],"wp:term":[{"taxonomy":"post_tag","embeddable":true,"href":"https:\/\/uniapplygermany.com\/es\/wp-json\/wp\/v2\/tags?post=789"}],"curies":[{"name":"wp","href":"https:\/\/api.w.org\/{rel}","templated":true}]}}