{"id":937,"date":"2021-04-15T00:05:11","date_gmt":"2021-04-14T21:05:11","guid":{"rendered":"http:\/\/uniapplygermany.com\/?page_id=937"},"modified":"2023-07-15T22:27:47","modified_gmt":"2023-07-15T19:27:47","slug":"bewerbungsplan","status":"publish","type":"page","link":"https:\/\/uniapplygermany.com\/es\/servicio\/bewerbungsplan\/","title":{"rendered":"plan de matriculaci\u00f3n individualizado"},"content":{"rendered":"<div class=\"wp-block-group alignwide\"><div class=\"wp-block-group__inner-container is-layout-constrained wp-block-group-is-layout-constrained\">\n<p class=\"is-style-warning wp-block-paragraph\">Nota: ya no ofrecemos este producto. Nuestros clientes prefieren paquetes de asistencia personalizados. Reserve un paquete de asistencia completo <a href=\"https:\/\/uniapplygermany.com\/es\/servicio\/\">referencia<\/a>.<\/p>\n<\/div><\/div>\n\n\n\n<h4 class=\"wp-block-heading alignwide\">\u00bfQu\u00e9 incluye un plan individualizado?<\/h4>\n\n\n\n<div class=\"wp-block-jetpack-send-a-message\"><\/div>\n\n\n\n<div class=\"wp-block-group alignwide\"><div class=\"wp-block-group__inner-container is-layout-constrained wp-block-group-is-layout-constrained\">\n<ul class=\"wp-block-list\">\n<li><strong>selecci\u00f3n de hasta 5 programas de formaci\u00f3n<\/strong> estrictamente en funci\u00f3n de su formaci\u00f3n: cr\u00e9ditos de su t\u00edtulo, nivel de idiomas, certificados de ex\u00e1menes internacionales (por ejemplo, GMAT), experiencia laboral, etc.<\/li>\n\n\n\n<li>detallado <strong>lista de documentos<\/strong>con los requisitos espec\u00edficos de la universidad en materia de traducciones y certificaci\u00f3n de copias<\/li>\n\n\n\n<li><strong>descripci\u00f3n del procedimiento de presentaci\u00f3n<\/strong> Solicitudes universitarias, incluidos los plazos, los portales a trav\u00e9s de los cuales se presentan las solicitudes y las direcciones postales en caso necesario<\/li>\n\n\n\n<li>detallado <strong>orientaci\u00f3n<\/strong> sobre el uso de uni-assist (<a href=\"https:\/\/uniapplygermany.com\/es\/universidad\/asistencia-uni\/\">\u00bfqu\u00e9 es un uni-assist?<\/a>)<\/li>\n<\/ul>\n<\/div><\/div>\n\n\n\n<div class=\"wp-block-group alignwide\"><div class=\"wp-block-group__inner-container is-layout-constrained wp-block-group-is-layout-constrained\">\n<h4 class=\"wp-block-heading\">\u00bfEn qu\u00e9 se diferencia un plan de admisi\u00f3n individual de la selecci\u00f3n de programas?<\/h4>\n<\/div><\/div>\n\n\n\n<div class=\"wp-block-group alignwide\"><div class=\"wp-block-group__inner-container is-layout-constrained wp-block-group-is-layout-constrained\">\n<p class=\"wp-block-paragraph\">La selecci\u00f3n del programa no incluye orientaciones sobre c\u00f3mo solicitar y utilizar el uni-assist.<\/p>\n<\/div><\/div>\n\n\n\n<div class=\"wp-block-group alignwide\"><div class=\"wp-block-group__inner-container is-layout-constrained wp-block-group-is-layout-constrained\">\n<p class=\"wp-block-paragraph\"><strong>D\u00e9jenos sus datos y nos pondremos en contacto con usted.<\/strong><\/p>\n<\/div><\/div>\n\n\n\n<div class=\"wp-block-buttons is-layout-flex wp-block-buttons-is-layout-flex\">\n<div class=\"wp-block-button\"><a class=\"wp-block-button__link has-background wp-element-button\" href=\"https:\/\/uniapplygermany.com\/es\/servicio\/\" style=\"background-color:#a9c85c\">volver a los servicios<\/a><\/div>\n<\/div>\n\n\n\n<hr class=\"wp-block-separator has-alpha-channel-opacity\"\/>\n\n\n\n<div class=\"wp-block-group alignwide\"><div class=\"wp-block-group__inner-container is-layout-constrained wp-block-group-is-layout-constrained\"><\/div><\/div>","protected":false},"excerpt":{"rendered":"<p>Nota: ya no ofrecemos este producto. Nuestros clientes prefieren paquetes de asistencia personalizados. Reserve un paquete de apoyo completo haciendo clic aqu\u00ed. \u00bfQu\u00e9 incluye un plan individualizado? \u00bfEn qu\u00e9 se diferencia un plan individualizado de una selecci\u00f3n de programas? La selecci\u00f3n de programas no incluye orientaci\u00f3n sobre c\u00f3mo aplicar y utilizar uni-assist. D\u00e9jenos sus datos y nos pondremos en contacto con usted.<\/p>","protected":false},"author":189993925,"featured_media":0,"parent":572,"menu_order":0,"comment_status":"closed","ping_status":"closed","template":"","meta":{"_coblocks_attr":"","_coblocks_dimensions":"","_coblocks_responsive_height":"","_coblocks_accordion_ie_support":"","_crdt_document":"","content-type":"","advanced_seo_description":"","jetpack_seo_html_title":"","jetpack_seo_noindex":false,"jetpack_post_was_ever_published":false,"footnotes":""},"tags":[],"class_list":["post-937","page","type-page","status-publish","hentry"],"jetpack_likes_enabled":false,"jetpack_sharing_enabled":false,"jetpack_shortlink":"https:\/\/wp.me\/Pcd2VE-f7","jetpack-related-posts":[],"_links":{"self":[{"href":"https:\/\/uniapplygermany.com\/es\/wp-json\/wp\/v2\/pages\/937","targetHints":{"allow":["GET"]}}],"collection":[{"href":"https:\/\/uniapplygermany.com\/es\/wp-json\/wp\/v2\/pages"}],"about":[{"href":"https:\/\/uniapplygermany.com\/es\/wp-json\/wp\/v2\/types\/page"}],"author":[{"embeddable":true,"href":"https:\/\/uniapplygermany.com\/es\/wp-json\/wp\/v2\/users\/189993925"}],"replies":[{"embeddable":true,"href":"https:\/\/uniapplygermany.com\/es\/wp-json\/wp\/v2\/comments?post=937"}],"version-history":[{"count":21,"href":"https:\/\/uniapplygermany.com\/es\/wp-json\/wp\/v2\/pages\/937\/revisions"}],"predecessor-version":[{"id":3805,"href":"https:\/\/uniapplygermany.com\/es\/wp-json\/wp\/v2\/pages\/937\/revisions\/3805"}],"up":[{"embeddable":true,"href":"https:\/\/uniapplygermany.com\/es\/wp-json\/wp\/v2\/pages\/572"}],"wp:attachment":[{"href":"https:\/\/uniapplygermany.com\/es\/wp-json\/wp\/v2\/media?parent=937"}],"wp:term":[{"taxonomy":"post_tag","embeddable":true,"href":"https:\/\/uniapplygermany.com\/es\/wp-json\/wp\/v2\/tags?post=937"}],"curies":[{"name":"wp","href":"https:\/\/api.w.org\/{rel}","templated":true}]}}