{"id":1817,"date":"2022-01-16T23:47:32","date_gmt":"2022-01-16T20:47:32","guid":{"rendered":"https:\/\/uniapplygermany.com\/?page_id=1817"},"modified":"2024-11-21T14:48:21","modified_gmt":"2024-11-21T11:48:21","slug":"estudo-de-caso","status":"publish","type":"page","link":"https:\/\/uniapplygermany.com\/pt\/estudo\/universidade\/estudo-de-caso\/","title":{"rendered":"ponte para uma universidade alem\u00e3"},"content":{"rendered":"<h3 class=\"wp-block-heading\" id=\"studienbrucke-\u043e\u0442-goethe-institut\">Studienbr\u00fccke a partir de Goethe-Institut<\/h3>\n\n\n\n<div class=\"wp-block-group alignwide\"><div class=\"wp-block-group__inner-container is-layout-flow wp-block-group-is-layout-flow\">\n<p class=\"wp-block-paragraph\">Os participantes no programa \"Ponte para uma universidade alem\u00e3\" podem ir para a universidade imediatamente ap\u00f3s a escola.  <\/p>\n<\/div><\/div>\n\n\n\n<h5 class=\"wp-block-heading\" id=\"\u043f\u0440\u043e\u0433\u0440\u0430\u043c\u043c\u0430-\u0432\u043a\u043b\u044e\u0447\u0430\u0435\u0442-\u0432-\u0441\u0435\u0431\u044f-\u0441\u043b\u0435\u0434\u0443\u044e\u0449\u0435\u0435\">O programa inclui o seguinte:<\/h5>\n\n\n\n<div class=\"wp-block-group alignwide\"><div class=\"wp-block-group__inner-container is-layout-flow wp-block-group-is-layout-flow\">\n<ul class=\"wp-block-list\">\n<li>Curso de alem\u00e3o<\/li>\n\n\n\n<li>curso de l\u00ednguas com uma orienta\u00e7\u00e3o restrita (escolha de matem\u00e1tica, inform\u00e1tica, f\u00edsica, biologia, qu\u00edmica, tecnologia, economia)<\/li>\n\n\n\n<li>Curso de prepara\u00e7\u00e3o para o exame TestDaF<\/li>\n\n\n\n<li>Familiariza\u00e7\u00e3o com o formato do exame TestAS<\/li>\n\n\n\n<li>Exames TestDaF e TestAS<\/li>\n\n\n\n<li>Forma\u00e7\u00e3o em comunica\u00e7\u00e3o intercultural<\/li>\n<\/ul>\n<\/div><\/div>\n\n\n\n<div class=\"wp-block-group alignwide\"><div class=\"wp-block-group__inner-container is-layout-flow wp-block-group-is-layout-flow\">\n<p class=\"wp-block-paragraph\">Ap\u00f3s a conclus\u00e3o do programa e a aprova\u00e7\u00e3o nos exames, os participantes podem candidatar-se a estudar numa das universidades parceiras.<\/p>\n<\/div><\/div>\n\n\n\n<div class=\"wp-block-columns is-layout-flex wp-container-core-columns-is-layout-8f761849 wp-block-columns-is-layout-flex\">\n<div class=\"wp-block-column is-vertically-aligned-center is-layout-flow wp-block-column-is-layout-flow\">\n<div class=\"wp-block-columns is-not-stacked-on-mobile is-layout-flex wp-container-core-columns-is-layout-8f761849 wp-block-columns-is-layout-flex\">\n<div class=\"wp-block-column is-layout-flow wp-block-column-is-layout-flow\"><div class=\"wp-block-image\">\n<figure class=\"aligncenter size-large\"><a href=\"https:\/\/www.ruhr-uni-bochum.de\/de\" target=\"_blank\" rel=\"noopener\"><img data-recalc-dims=\"1\" loading=\"lazy\" decoding=\"async\" width=\"900\" height=\"900\" data-attachment-id=\"1823\" data-permalink=\"https:\/\/uniapplygermany.com\/pt\/1200px-ruhr-universitaet_bochum_logo-svg_\/\" data-orig-file=\"https:\/\/i0.wp.com\/uniapplygermany.com\/wp-content\/uploads\/2022\/01\/1200px-ruhr-universitaet_bochum_logo.svg_.png?fit=1200%2C1200&amp;ssl=1\" data-orig-size=\"1200,1200\" data-comments-opened=\"1\" data-image-meta=\"{&quot;aperture&quot;:&quot;0&quot;,&quot;credit&quot;:&quot;&quot;,&quot;camera&quot;:&quot;&quot;,&quot;caption&quot;:&quot;&quot;,&quot;created_timestamp&quot;:&quot;0&quot;,&quot;copyright&quot;:&quot;&quot;,&quot;focal_length&quot;:&quot;0&quot;,&quot;iso&quot;:&quot;0&quot;,&quot;shutter_speed&quot;:&quot;0&quot;,&quot;title&quot;:&quot;&quot;,&quot;orientation&quot;:&quot;0&quot;}\" data-image-title=\"1200px-ruhr-universitaet_bochum_logo.svg_\" data-image-description=\"\" data-image-caption=\"\" data-medium-file=\"https:\/\/i0.wp.com\/uniapplygermany.com\/wp-content\/uploads\/2022\/01\/1200px-ruhr-universitaet_bochum_logo.svg_.png?fit=300%2C300&amp;ssl=1\" data-large-file=\"https:\/\/i0.wp.com\/uniapplygermany.com\/wp-content\/uploads\/2022\/01\/1200px-ruhr-universitaet_bochum_logo.svg_.png?fit=900%2C900&amp;ssl=1\" src=\"https:\/\/i0.wp.com\/uniapplygermany.com\/wp-content\/uploads\/2022\/01\/1200px-ruhr-universitaet_bochum_logo.svg_.png?resize=900%2C900&#038;ssl=1\" alt=\"\" class=\"wp-image-1823\"\/><\/a><\/figure>\n<\/div><\/div>\n\n\n\n<div class=\"wp-block-column is-layout-flow wp-block-column-is-layout-flow\"><div class=\"wp-block-image\">\n<figure class=\"aligncenter size-large\"><a href=\"https:\/\/www.tu-dortmund.de\/\" target=\"_blank\" rel=\"noopener\"><img data-recalc-dims=\"1\" loading=\"lazy\" decoding=\"async\" width=\"900\" height=\"714\" data-attachment-id=\"1827\" data-permalink=\"https:\/\/uniapplygermany.com\/pt\/technische_universitaet_dortmund_logo_small-svg_\/\" data-orig-file=\"https:\/\/i0.wp.com\/uniapplygermany.com\/wp-content\/uploads\/2022\/01\/technische_universitaet_dortmund_logo_small.svg_.png?fit=1280%2C1015&amp;ssl=1\" data-orig-size=\"1280,1015\" data-comments-opened=\"1\" data-image-meta=\"{&quot;aperture&quot;:&quot;0&quot;,&quot;credit&quot;:&quot;&quot;,&quot;camera&quot;:&quot;&quot;,&quot;caption&quot;:&quot;&quot;,&quot;created_timestamp&quot;:&quot;0&quot;,&quot;copyright&quot;:&quot;&quot;,&quot;focal_length&quot;:&quot;0&quot;,&quot;iso&quot;:&quot;0&quot;,&quot;shutter_speed&quot;:&quot;0&quot;,&quot;title&quot;:&quot;&quot;,&quot;orientation&quot;:&quot;0&quot;}\" data-image-title=\"technische_universitaet_dortmund_logo_small.svg_\" data-image-description=\"\" data-image-caption=\"\" data-medium-file=\"https:\/\/i0.wp.com\/uniapplygermany.com\/wp-content\/uploads\/2022\/01\/technische_universitaet_dortmund_logo_small.svg_.png?fit=300%2C238&amp;ssl=1\" data-large-file=\"https:\/\/i0.wp.com\/uniapplygermany.com\/wp-content\/uploads\/2022\/01\/technische_universitaet_dortmund_logo_small.svg_.png?fit=900%2C714&amp;ssl=1\" src=\"https:\/\/i0.wp.com\/uniapplygermany.com\/wp-content\/uploads\/2022\/01\/technische_universitaet_dortmund_logo_small.svg_.png?resize=900%2C714&#038;ssl=1\" alt=\"\" class=\"wp-image-1827\"\/><\/a><\/figure>\n<\/div><\/div>\n<\/div>\n<\/div>\n\n\n\n<div class=\"wp-block-column is-layout-flow wp-block-column-is-layout-flow\">\n<div class=\"wp-block-columns alignwide are-vertically-aligned-center is-not-stacked-on-mobile is-layout-flex wp-container-core-columns-is-layout-8f761849 wp-block-columns-is-layout-flex\">\n<div class=\"wp-block-column is-vertically-aligned-center is-layout-flow wp-block-column-is-layout-flow\"><div class=\"wp-block-image\">\n<figure class=\"aligncenter size-large\"><a href=\"https:\/\/www.uni-due.de\/en\/\" target=\"_blank\" rel=\"noopener\"><img data-recalc-dims=\"1\" loading=\"lazy\" decoding=\"async\" width=\"600\" height=\"600\" data-attachment-id=\"1828\" data-permalink=\"https:\/\/uniapplygermany.com\/pt\/logotipo-uni-duisburg-essen\/\" data-orig-file=\"https:\/\/i0.wp.com\/uniapplygermany.com\/wp-content\/uploads\/2022\/01\/logo-uni-duisburg-essen.jpg?fit=600%2C600&amp;ssl=1\" data-orig-size=\"600,600\" data-comments-opened=\"1\" data-image-meta=\"{&quot;aperture&quot;:&quot;0&quot;,&quot;credit&quot;:&quot;&quot;,&quot;camera&quot;:&quot;&quot;,&quot;caption&quot;:&quot;&quot;,&quot;created_timestamp&quot;:&quot;0&quot;,&quot;copyright&quot;:&quot;&quot;,&quot;focal_length&quot;:&quot;0&quot;,&quot;iso&quot;:&quot;0&quot;,&quot;shutter_speed&quot;:&quot;0&quot;,&quot;title&quot;:&quot;&quot;,&quot;orientation&quot;:&quot;1&quot;}\" data-image-title=\"logo-uni-duisburg-essen\" data-image-description=\"\" data-image-caption=\"\" data-medium-file=\"https:\/\/i0.wp.com\/uniapplygermany.com\/wp-content\/uploads\/2022\/01\/logo-uni-duisburg-essen.jpg?fit=300%2C300&amp;ssl=1\" data-large-file=\"https:\/\/i0.wp.com\/uniapplygermany.com\/wp-content\/uploads\/2022\/01\/logo-uni-duisburg-essen.jpg?fit=600%2C600&amp;ssl=1\" src=\"https:\/\/i0.wp.com\/uniapplygermany.com\/wp-content\/uploads\/2022\/01\/logo-uni-duisburg-essen.jpg?resize=600%2C600&#038;ssl=1\" alt=\"\" class=\"wp-image-1828\"\/><\/a><\/figure>\n<\/div><\/div>\n\n\n\n<div class=\"wp-block-column is-vertically-aligned-center is-layout-flow wp-block-column-is-layout-flow\"><div class=\"wp-block-image\">\n<figure class=\"aligncenter size-large\"><a href=\"https:\/\/www.europa-uni.de\/de\/index.html\" target=\"_blank\" rel=\"noopener\"><img data-recalc-dims=\"1\" loading=\"lazy\" decoding=\"async\" width=\"900\" height=\"932\" data-attachment-id=\"1836\" data-permalink=\"https:\/\/uniapplygermany.com\/pt\/1200px-europa-universitaet_viadrina_logo-svg_\/\" data-orig-file=\"https:\/\/i0.wp.com\/uniapplygermany.com\/wp-content\/uploads\/2022\/01\/1200px-europa-universitaet_viadrina_logo.svg_.png?fit=1200%2C1242&amp;ssl=1\" data-orig-size=\"1200,1242\" data-comments-opened=\"1\" data-image-meta=\"{&quot;aperture&quot;:&quot;0&quot;,&quot;credit&quot;:&quot;&quot;,&quot;camera&quot;:&quot;&quot;,&quot;caption&quot;:&quot;&quot;,&quot;created_timestamp&quot;:&quot;0&quot;,&quot;copyright&quot;:&quot;&quot;,&quot;focal_length&quot;:&quot;0&quot;,&quot;iso&quot;:&quot;0&quot;,&quot;shutter_speed&quot;:&quot;0&quot;,&quot;title&quot;:&quot;&quot;,&quot;orientation&quot;:&quot;0&quot;}\" data-image-title=\"1200px-europa-universitaet_viadrina_logo.svg_\" data-image-description=\"\" data-image-caption=\"\" data-medium-file=\"https:\/\/i0.wp.com\/uniapplygermany.com\/wp-content\/uploads\/2022\/01\/1200px-europa-universitaet_viadrina_logo.svg_.png?fit=290%2C300&amp;ssl=1\" data-large-file=\"https:\/\/i0.wp.com\/uniapplygermany.com\/wp-content\/uploads\/2022\/01\/1200px-europa-universitaet_viadrina_logo.svg_.png?fit=900%2C932&amp;ssl=1\" src=\"https:\/\/i0.wp.com\/uniapplygermany.com\/wp-content\/uploads\/2022\/01\/1200px-europa-universitaet_viadrina_logo.svg_.png?resize=900%2C932&#038;ssl=1\" alt=\"\" class=\"wp-image-1836\"\/><\/a><\/figure>\n<\/div><\/div>\n<\/div>\n<\/div>\n<\/div>\n\n\n\n<div class=\"wp-block-group alignwide\"><div class=\"wp-block-group__inner-container is-layout-flow wp-block-group-is-layout-flow\">\n<div class=\"wp-block-columns are-vertically-aligned-center is-not-stacked-on-mobile is-layout-flex wp-container-core-columns-is-layout-8f761849 wp-block-columns-is-layout-flex\">\n<div class=\"wp-block-column is-vertically-aligned-center is-layout-flow wp-block-column-is-layout-flow\">\n<div class=\"wp-block-columns is-layout-flex wp-container-core-columns-is-layout-8f761849 wp-block-columns-is-layout-flex\">\n<div class=\"wp-block-column is-vertically-aligned-center is-layout-flow wp-block-column-is-layout-flow\"><div class=\"wp-block-image\">\n<figure class=\"aligncenter size-large\"><a href=\"https:\/\/www.uni-siegen.de\/start\/\" target=\"_blank\" rel=\"noopener\"><img data-recalc-dims=\"1\" loading=\"lazy\" decoding=\"async\" width=\"900\" height=\"599\" data-attachment-id=\"1832\" data-permalink=\"https:\/\/uniapplygermany.com\/pt\/logotipo_unisiegen\/\" data-orig-file=\"https:\/\/i0.wp.com\/uniapplygermany.com\/wp-content\/uploads\/2022\/01\/logo_unisiegen.jpg?fit=1200%2C798&amp;ssl=1\" data-orig-size=\"1200,798\" data-comments-opened=\"1\" data-image-meta=\"{&quot;aperture&quot;:&quot;0&quot;,&quot;credit&quot;:&quot;&quot;,&quot;camera&quot;:&quot;&quot;,&quot;caption&quot;:&quot;&quot;,&quot;created_timestamp&quot;:&quot;0&quot;,&quot;copyright&quot;:&quot;&quot;,&quot;focal_length&quot;:&quot;0&quot;,&quot;iso&quot;:&quot;0&quot;,&quot;shutter_speed&quot;:&quot;0&quot;,&quot;title&quot;:&quot;&quot;,&quot;orientation&quot;:&quot;1&quot;}\" data-image-title=\"logo_unisiegen\" data-image-description=\"\" data-image-caption=\"\" data-medium-file=\"https:\/\/i0.wp.com\/uniapplygermany.com\/wp-content\/uploads\/2022\/01\/logo_unisiegen.jpg?fit=300%2C200&amp;ssl=1\" data-large-file=\"https:\/\/i0.wp.com\/uniapplygermany.com\/wp-content\/uploads\/2022\/01\/logo_unisiegen.jpg?fit=900%2C599&amp;ssl=1\" src=\"https:\/\/i0.wp.com\/uniapplygermany.com\/wp-content\/uploads\/2022\/01\/logo_unisiegen.jpg?resize=900%2C599&#038;ssl=1\" alt=\"\" class=\"wp-image-1832\"\/><\/a><\/figure>\n<\/div><\/div>\n\n\n\n<div class=\"wp-block-column is-layout-flow wp-block-column-is-layout-flow\"><div class=\"wp-block-image\">\n<figure class=\"aligncenter size-large\"><a href=\"https:\/\/www.uni-bonn.de\/en\" target=\"_blank\" rel=\"noopener\"><img data-recalc-dims=\"1\" loading=\"lazy\" decoding=\"async\" width=\"376\" height=\"376\" data-attachment-id=\"1834\" data-permalink=\"https:\/\/uniapplygermany.com\/pt\/ubo\/\" data-orig-file=\"https:\/\/i0.wp.com\/uniapplygermany.com\/wp-content\/uploads\/2022\/01\/ubo.jpg?fit=376%2C376&amp;ssl=1\" data-orig-size=\"376,376\" data-comments-opened=\"1\" data-image-meta=\"{&quot;aperture&quot;:&quot;0&quot;,&quot;credit&quot;:&quot;&quot;,&quot;camera&quot;:&quot;&quot;,&quot;caption&quot;:&quot;&quot;,&quot;created_timestamp&quot;:&quot;0&quot;,&quot;copyright&quot;:&quot;&quot;,&quot;focal_length&quot;:&quot;0&quot;,&quot;iso&quot;:&quot;0&quot;,&quot;shutter_speed&quot;:&quot;0&quot;,&quot;title&quot;:&quot;&quot;,&quot;orientation&quot;:&quot;0&quot;}\" data-image-title=\"ubo\" data-image-description=\"\" data-image-caption=\"\" data-medium-file=\"https:\/\/i0.wp.com\/uniapplygermany.com\/wp-content\/uploads\/2022\/01\/ubo.jpg?fit=300%2C300&amp;ssl=1\" data-large-file=\"https:\/\/i0.wp.com\/uniapplygermany.com\/wp-content\/uploads\/2022\/01\/ubo.jpg?fit=376%2C376&amp;ssl=1\" src=\"https:\/\/i0.wp.com\/uniapplygermany.com\/wp-content\/uploads\/2022\/01\/ubo.jpg?resize=376%2C376&#038;ssl=1\" alt=\"\" class=\"wp-image-1834\"\/><\/a><\/figure>\n<\/div><\/div>\n<\/div>\n<\/div>\n\n\n\n<div class=\"wp-block-column is-vertically-aligned-center is-layout-flow wp-block-column-is-layout-flow\">\n<div class=\"wp-block-columns is-layout-flex wp-container-core-columns-is-layout-8f761849 wp-block-columns-is-layout-flex\">\n<div class=\"wp-block-column is-vertically-aligned-center is-layout-flow wp-block-column-is-layout-flow\"><div class=\"wp-block-image\">\n<figure class=\"aligncenter size-large\"><a href=\"https:\/\/www.rwth-aachen.de\/go\/id\/a\/\" target=\"_blank\" rel=\"noopener\"><img data-recalc-dims=\"1\" loading=\"lazy\" decoding=\"async\" width=\"900\" height=\"392\" data-attachment-id=\"1830\" data-permalink=\"https:\/\/uniapplygermany.com\/pt\/rwth_aachen_university_logo\/\" data-orig-file=\"https:\/\/i0.wp.com\/uniapplygermany.com\/wp-content\/uploads\/2022\/01\/rwth_aachen_university_logo.png?fit=5000%2C2177&amp;ssl=1\" data-orig-size=\"5000,2177\" data-comments-opened=\"1\" data-image-meta=\"{&quot;aperture&quot;:&quot;0&quot;,&quot;credit&quot;:&quot;&quot;,&quot;camera&quot;:&quot;&quot;,&quot;caption&quot;:&quot;&quot;,&quot;created_timestamp&quot;:&quot;0&quot;,&quot;copyright&quot;:&quot;&quot;,&quot;focal_length&quot;:&quot;0&quot;,&quot;iso&quot;:&quot;0&quot;,&quot;shutter_speed&quot;:&quot;0&quot;,&quot;title&quot;:&quot;&quot;,&quot;orientation&quot;:&quot;0&quot;}\" data-image-title=\"rwth_aachen_university_logo\" data-image-description=\"\" data-image-caption=\"\" data-medium-file=\"https:\/\/i0.wp.com\/uniapplygermany.com\/wp-content\/uploads\/2022\/01\/rwth_aachen_university_logo.png?fit=300%2C131&amp;ssl=1\" data-large-file=\"https:\/\/i0.wp.com\/uniapplygermany.com\/wp-content\/uploads\/2022\/01\/rwth_aachen_university_logo.png?fit=900%2C392&amp;ssl=1\" src=\"https:\/\/i0.wp.com\/uniapplygermany.com\/wp-content\/uploads\/2022\/01\/rwth_aachen_university_logo.png?resize=900%2C392&#038;ssl=1\" alt=\"\" class=\"wp-image-1830\"\/><\/a><\/figure>\n<\/div><\/div>\n\n\n\n<div class=\"wp-block-column is-vertically-aligned-center is-layout-flow wp-block-column-is-layout-flow\"><div class=\"wp-block-image\">\n<figure class=\"aligncenter size-large is-resized\"><a href=\"https:\/\/www.uni-weimar.de\/de\/universitaet\/start\/\" target=\"_blank\" rel=\"noopener\"><img data-recalc-dims=\"1\" loading=\"lazy\" decoding=\"async\" width=\"293\" height=\"172\" data-attachment-id=\"1839\" data-permalink=\"https:\/\/uniapplygermany.com\/pt\/descarregar-1\/\" data-orig-file=\"https:\/\/i0.wp.com\/uniapplygermany.com\/wp-content\/uploads\/2022\/01\/download-1.png?fit=293%2C172&amp;ssl=1\" data-orig-size=\"293,172\" data-comments-opened=\"1\" data-image-meta=\"{&quot;aperture&quot;:&quot;0&quot;,&quot;credit&quot;:&quot;&quot;,&quot;camera&quot;:&quot;&quot;,&quot;caption&quot;:&quot;&quot;,&quot;created_timestamp&quot;:&quot;0&quot;,&quot;copyright&quot;:&quot;&quot;,&quot;focal_length&quot;:&quot;0&quot;,&quot;iso&quot;:&quot;0&quot;,&quot;shutter_speed&quot;:&quot;0&quot;,&quot;title&quot;:&quot;&quot;,&quot;orientation&quot;:&quot;0&quot;}\" data-image-title=\"download-1\" data-image-description=\"\" data-image-caption=\"\" data-medium-file=\"https:\/\/i0.wp.com\/uniapplygermany.com\/wp-content\/uploads\/2022\/01\/download-1.png?fit=293%2C172&amp;ssl=1\" data-large-file=\"https:\/\/i0.wp.com\/uniapplygermany.com\/wp-content\/uploads\/2022\/01\/download-1.png?fit=293%2C172&amp;ssl=1\" src=\"https:\/\/i0.wp.com\/uniapplygermany.com\/wp-content\/uploads\/2022\/01\/download-1.png?resize=293%2C172&#038;ssl=1\" alt=\"\" class=\"wp-image-1839\" style=\"width:126px;height:73px\"\/><\/a><\/figure>\n<\/div><\/div>\n<\/div>\n<\/div>\n<\/div>\n<\/div><\/div>\n\n\n\n<div class=\"wp-block-group alignwide\"><div class=\"wp-block-group__inner-container is-layout-flow wp-block-group-is-layout-flow\">\n<p class=\"wp-block-paragraph\">Os candidatos podem escolher entre economia e cursos STEM (ci\u00eancias, tecnologia, engenharia e matem\u00e1tica). A lista pormenorizada dos programas de estudo pode ser consultada em <a rel=\"noreferrer noopener\" href=\"https:\/\/www.goethe.de\/de\/spr\/eng\/stb\/par.html\" target=\"_blank\">refer\u00eancia<\/a>.<\/p>\n\n\n\n<p class=\"wp-block-paragraph\">O programa est\u00e1 aberto a estudantes do 9\u00ba ao 11\u00ba ano (consoante o pa\u00eds):<\/p>\n\n\n\n<ul class=\"wp-block-list\">\n<li>Conhecimentos lingu\u00edsticos grau 9 - A2, grau 10 - B1, grau 11 - B2<\/li>\n\n\n\n<li>Elevado n\u00edvel de motiva\u00e7\u00e3o para estudar na Alemanha<\/li>\n\n\n\n<li>Elevado sucesso acad\u00e9mico, participa\u00e7\u00e3o em olimp\u00edadas e projectos de diferentes n\u00edveis<\/li>\n\n\n\n<li>Participa\u00e7\u00e3o em projectos socialmente significativos<\/li>\n<\/ul>\n\n\n\n<p class=\"wp-block-paragraph\">O custo do programa \u00e9 de 16.000 UAH, 99.000 RUB, 500.000 KZT, 6.000.000 UZS. Despesas como cursos de l\u00ednguas, material de estudo e participa\u00e7\u00e3o nos exames TestDaF e TestAS n\u00e3o est\u00e3o inclu\u00eddas no custo do programa. <\/p>\n\n\n\n<p class=\"wp-block-paragraph\">As candidaturas s\u00e3o apresentadas no outono. <strong>Informa\u00e7\u00f5es pormenorizadas est\u00e3o dispon\u00edveis em <a href=\"https:\/\/www.goethe.de\/de\/spr\/eng\/stb.html\" target=\"_blank\" rel=\"noreferrer noopener\">local<\/a> Goethe-Institut.<\/strong><\/p>\n\n\n\n<div class=\"wp-block-buttons is-content-justification-left is-layout-flex wp-container-core-buttons-is-layout-63375db1 wp-block-buttons-is-layout-flex\">\n<div class=\"wp-block-button is-style-fill color:#A9C85C\"><a class=\"wp-block-button__link has-background wp-element-button\" href=\"https:\/\/uniapplygermany.com\/pt\/servico\/consulta\/\" style=\"background-color:#a9c85c\">consulta pessoal<\/a><\/div>\n\n\n\n<div class=\"wp-block-button is-style-fill color:#A9C85C\"><a class=\"wp-block-button__link has-background wp-element-button\" href=\"https:\/\/uniapplygermany.com\/pt\/servico\/\" style=\"background-color:#a9c85c\">outros servi\u00e7os<\/a><\/div>\n<\/div>\n<\/div><\/div>","protected":false},"excerpt":{"rendered":"<p>Studienbr\u00fccke a partir de Goethe-Institut Os participantes no programa \u00abPonte para uma universidade alem\u00e3\u00bb podem ir para a universidade imediatamente ap\u00f3s a escola. O programa inclui o seguinte: Ap\u00f3s a conclus\u00e3o do programa e a aprova\u00e7\u00e3o nos exames, os participantes podem candidatar-se a estudar numa das universidades parceiras. Os candidatos podem escolher entre especializa\u00e7\u00f5es em economia e STEM (ci\u00eancias, tecnologia, engenharia e matem\u00e1tica). Est\u00e1 dispon\u00edvel uma lista pormenorizada dos programas de estudo ... <a href=\"https:\/\/uniapplygermany.com\/pt\/estudo\/universidade\/estudo-de-caso\/\" class=\"more-link\">Continuar a ler <span class=\"screen-reader-text\">ponte para uma universidade alem\u00e3<\/span><\/a><\/p>","protected":false},"author":189993925,"featured_media":0,"parent":746,"menu_order":0,"comment_status":"closed","ping_status":"closed","template":"","meta":{"_coblocks_attr":"","_coblocks_dimensions":"","_coblocks_responsive_height":"","_coblocks_accordion_ie_support":"","_crdt_document":"","content-type":"","advanced_seo_description":"","jetpack_seo_html_title":"","jetpack_seo_noindex":false,"jetpack_post_was_ever_published":false,"footnotes":""},"tags":[728767511,41019136,728767488,728767475,758542004,758542023,758541976,728767482,728767518,728767500,728767501],"class_list":["post-1817","page","type-page","status-publish","hentry","tag-728767511","tag-41019136","tag-728767488","tag-728767475","tag-758542004","tag-758542023","tag-758541976","tag-728767482","tag-728767518","tag-728767500","tag-728767501"],"jetpack_likes_enabled":false,"jetpack_sharing_enabled":false,"jetpack_shortlink":"https:\/\/wp.me\/Pcd2VE-tj","jetpack-related-posts":[],"_links":{"self":[{"href":"https:\/\/uniapplygermany.com\/pt\/wp-json\/wp\/v2\/pages\/1817","targetHints":{"allow":["GET"]}}],"collection":[{"href":"https:\/\/uniapplygermany.com\/pt\/wp-json\/wp\/v2\/pages"}],"about":[{"href":"https:\/\/uniapplygermany.com\/pt\/wp-json\/wp\/v2\/types\/page"}],"author":[{"embeddable":true,"href":"https:\/\/uniapplygermany.com\/pt\/wp-json\/wp\/v2\/users\/189993925"}],"replies":[{"embeddable":true,"href":"https:\/\/uniapplygermany.com\/pt\/wp-json\/wp\/v2\/comments?post=1817"}],"version-history":[{"count":25,"href":"https:\/\/uniapplygermany.com\/pt\/wp-json\/wp\/v2\/pages\/1817\/revisions"}],"predecessor-version":[{"id":4435,"href":"https:\/\/uniapplygermany.com\/pt\/wp-json\/wp\/v2\/pages\/1817\/revisions\/4435"}],"up":[{"embeddable":true,"href":"https:\/\/uniapplygermany.com\/pt\/wp-json\/wp\/v2\/pages\/746"}],"wp:attachment":[{"href":"https:\/\/uniapplygermany.com\/pt\/wp-json\/wp\/v2\/media?parent=1817"}],"wp:term":[{"taxonomy":"post_tag","embeddable":true,"href":"https:\/\/uniapplygermany.com\/pt\/wp-json\/wp\/v2\/tags?post=1817"}],"curies":[{"name":"wp","href":"https:\/\/api.w.org\/{rel}","templated":true}]}}