{"id":1964,"date":"2022-03-24T01:45:40","date_gmt":"2022-03-23T22:45:40","guid":{"rendered":"https:\/\/uniapplygermany.com\/?page_id=1964"},"modified":"2025-07-27T21:29:32","modified_gmt":"2025-07-27T18:29:32","slug":"impressao","status":"publish","type":"page","link":"https:\/\/uniapplygermany.com\/pt\/impressao\/","title":{"rendered":"Impressionante"},"content":{"rendered":"<div class=\"wp-block-group alignwide\"><div class=\"wp-block-group__inner-container is-layout-flow wp-block-group-is-layout-flow\">\n<div class=\"wp-block-group alignwide\"><div class=\"wp-block-group__inner-container is-layout-flow wp-block-group-is-layout-flow\">\n<h5 class=\"wp-block-heading\"><strong>Impressionante<\/strong><\/h5>\n\n\n\n<figure class=\"wp-block-image size-large is-resized\"><img data-recalc-dims=\"1\" loading=\"lazy\" decoding=\"async\" width=\"900\" height=\"984\" data-attachment-id=\"5399\" data-permalink=\"https:\/\/uniapplygermany.com\/pt\/impressao\/impressum-2\/\" data-orig-file=\"https:\/\/i0.wp.com\/uniapplygermany.com\/wp-content\/uploads\/2024\/11\/Impressum.jpg?fit=1080%2C1180&amp;ssl=1\" data-orig-size=\"1080,1180\" data-comments-opened=\"1\" data-image-meta=\"{&quot;aperture&quot;:&quot;0&quot;,&quot;credit&quot;:&quot;&quot;,&quot;camera&quot;:&quot;&quot;,&quot;caption&quot;:&quot;&quot;,&quot;created_timestamp&quot;:&quot;0&quot;,&quot;copyright&quot;:&quot;&quot;,&quot;focal_length&quot;:&quot;0&quot;,&quot;iso&quot;:&quot;0&quot;,&quot;shutter_speed&quot;:&quot;0&quot;,&quot;title&quot;:&quot;&quot;,&quot;orientation&quot;:&quot;1&quot;}\" data-image-title=\"Impressum\" data-image-description=\"\" data-image-caption=\"\" data-large-file=\"https:\/\/i0.wp.com\/uniapplygermany.com\/wp-content\/uploads\/2024\/11\/Impressum.jpg?fit=900%2C984&amp;ssl=1\" src=\"https:\/\/i0.wp.com\/uniapplygermany.com\/wp-content\/uploads\/2024\/11\/Impressum.jpg?resize=900%2C984&#038;ssl=1\" alt=\"\" class=\"wp-image-5399\" style=\"width:282px;height:282px\" srcset=\"https:\/\/i0.wp.com\/uniapplygermany.com\/wp-content\/uploads\/2024\/11\/Impressum.jpg?resize=937%2C1024&amp;ssl=1 937w, https:\/\/i0.wp.com\/uniapplygermany.com\/wp-content\/uploads\/2024\/11\/Impressum.jpg?resize=275%2C300&amp;ssl=1 275w, https:\/\/i0.wp.com\/uniapplygermany.com\/wp-content\/uploads\/2024\/11\/Impressum.jpg?resize=768%2C839&amp;ssl=1 768w, https:\/\/i0.wp.com\/uniapplygermany.com\/wp-content\/uploads\/2024\/11\/Impressum.jpg?w=1080&amp;ssl=1 1080w\" sizes=\"auto, (max-width: 900px) 100vw, 900px\" \/><\/figure>\n\n\n\n<h5 class=\"wp-block-heading\"><strong>Gewerbeanmeldung<\/strong><\/h5>\n\n\n\n<p class=\"wp-block-paragraph\">Die Gewerbeanmeldung nach \u00a7 14 der GewO wurde durch das Ordnungsamt der Landeshauptstadt D\u00fcsseldorf erteilt.<\/p>\n\n\n\n<h5 class=\"wp-block-heading\"><strong>Pistola de perfura\u00e7\u00e3o\/estilha\u00e7o universal<\/strong><\/h5>\n\n\n\n<p class=\"wp-block-paragraph\">N\u00e3o estamos autorizados a participar em ac\u00e7\u00f5es de controlo de armas de fogo em locais de passagem para uma esta\u00e7\u00e3o de controlo de fronteiras.<\/p>\n<\/div><\/div>\n<\/div><\/div>\n\n\n\n<p class=\"wp-block-paragraph\"><\/p>","protected":false},"excerpt":{"rendered":"<p>Impressum Gewerbeanmeldung Die Gewerbeanmeldung nach \u00a7 14 der GewO wurde durch das Ordnungsamt der Landeshauptstadt D\u00fcsseldorf erteilt. Verbraucherstreitbeilegung\/Universalschlichtungsstelle Wir sind nicht bereit oder verpflichtet, an Streitbeilegungsverfahren vor einer Verbraucherschlichtungsstelle teilzunehmen.<\/p>","protected":false},"author":218644868,"featured_media":0,"parent":0,"menu_order":0,"comment_status":"closed","ping_status":"closed","template":"","meta":{"_coblocks_attr":"","_coblocks_dimensions":"","_coblocks_responsive_height":"","_coblocks_accordion_ie_support":"","_crdt_document":"","content-type":"","advanced_seo_description":"","jetpack_seo_html_title":"","jetpack_seo_noindex":true,"jetpack_post_was_ever_published":false,"footnotes":""},"tags":[],"class_list":["post-1964","page","type-page","status-publish","hentry"],"jetpack_likes_enabled":false,"jetpack_sharing_enabled":false,"jetpack_shortlink":"https:\/\/wp.me\/Pcd2VE-vG","jetpack-related-posts":[],"_links":{"self":[{"href":"https:\/\/uniapplygermany.com\/pt\/wp-json\/wp\/v2\/pages\/1964","targetHints":{"allow":["GET"]}}],"collection":[{"href":"https:\/\/uniapplygermany.com\/pt\/wp-json\/wp\/v2\/pages"}],"about":[{"href":"https:\/\/uniapplygermany.com\/pt\/wp-json\/wp\/v2\/types\/page"}],"author":[{"embeddable":true,"href":"https:\/\/uniapplygermany.com\/pt\/wp-json\/wp\/v2\/users\/218644868"}],"replies":[{"embeddable":true,"href":"https:\/\/uniapplygermany.com\/pt\/wp-json\/wp\/v2\/comments?post=1964"}],"version-history":[{"count":15,"href":"https:\/\/uniapplygermany.com\/pt\/wp-json\/wp\/v2\/pages\/1964\/revisions"}],"predecessor-version":[{"id":6287,"href":"https:\/\/uniapplygermany.com\/pt\/wp-json\/wp\/v2\/pages\/1964\/revisions\/6287"}],"wp:attachment":[{"href":"https:\/\/uniapplygermany.com\/pt\/wp-json\/wp\/v2\/media?parent=1964"}],"wp:term":[{"taxonomy":"post_tag","embeddable":true,"href":"https:\/\/uniapplygermany.com\/pt\/wp-json\/wp\/v2\/tags?post=1964"}],"curies":[{"name":"wp","href":"https:\/\/api.w.org\/{rel}","templated":true}]}}