{"id":2027,"date":"2022-03-26T12:47:27","date_gmt":"2022-03-26T09:47:27","guid":{"rendered":"https:\/\/uniapplygermany.com\/?page_id=2027"},"modified":"2024-11-21T14:49:21","modified_gmt":"2024-11-21T11:49:21","slug":"zweitstudium","status":"publish","type":"page","link":"https:\/\/uniapplygermany.com\/pt\/estudo\/universidade\/zweitstudium\/","title":{"rendered":"segundo grau"},"content":{"rendered":"<div class=\"wp-block-group alignwide\"><div class=\"wp-block-group__inner-container is-layout-flow wp-block-group-is-layout-flow\">\n<h3 class=\"wp-block-heading\">Ensino M\u00e9dio<\/h3>\n\n\n\n<h4 class=\"wp-block-heading\">Quando \u00e9 que um programa de estudos constitui um segundo ensino superior?<\/h4>\n\n\n\n<ul class=\"wp-block-list\"><li>Estudar um programa de bacharelato ap\u00f3s a conclus\u00e3o de um primeiro diploma de bacharelato na Alemanha<\/li><li>Estudar um programa de mestrado depois de ter conclu\u00eddo um mestrado na Alemanha<\/li><\/ul>\n\n\n\n<h4 class=\"wp-block-heading\">Quando o curr\u00edculo <strong>N\u00c3O<\/strong> \u00e9 um segundo grau?<\/h4>\n\n\n\n<ul class=\"wp-block-list\"><li>Mudan\u00e7a de dire\u00e7\u00e3o dos estudos antes da obten\u00e7\u00e3o do diploma<\/li><li>Mestrado ap\u00f3s conclus\u00e3o com \u00eaxito de um programa de licenciatura<\/li><li>Cursos m\u00faltiplos. O facto de um estudante estar inscrito em mais do que um programa ao mesmo tempo designa-se por estudo concomitante ou multidegree.<\/li><\/ul>\n\n\n\n<h4 class=\"wp-block-heading\">Custo de um segundo curso superior<\/h4>\n\n\n\n<p class=\"wp-block-paragraph\">Nos Estados Federais de Baden-W\u00fcrttemberg, Ren\u00e2nia-Palatinado e Sax\u00f3nia-Anhalt, \u00e9 cobrada uma taxa de 500-650 euros por um segundo diploma universit\u00e1rio.<\/p>\n\n\n\n<div class=\"wp-block-buttons is-content-justification-center is-layout-flex wp-container-core-buttons-is-layout-fe48e5de wp-block-buttons-is-layout-flex\">\n<div class=\"wp-block-button\"><a class=\"wp-block-button__link has-background wp-element-button\" href=\"https:\/\/uniapplygermany.com\/pt\/servico\/\" style=\"border-radius:100px;background-color:#a9c85c;\">Aceder aos servi\u00e7os UniApply<\/a><\/div>\n<\/div>\n\n\n\n<p class=\"wp-block-paragraph\"><\/p>\n<\/div><\/div>","protected":false},"excerpt":{"rendered":"<p>Zweitstudium Quando \u00e9 que um programa de estudos \u00e9 um segundo diploma universit\u00e1rio? Programa de bacharelato ap\u00f3s a conclus\u00e3o de um primeiro bacharelato na Alemanha Programa de mestrado ap\u00f3s a conclus\u00e3o de um mestrado na Alemanha Quando \u00e9 que um programa de estudos N\u00c3O \u00e9 um segundo grau? Mudan\u00e7a de dire\u00e7\u00e3o de estudos antes da licenciatura Mestrado ap\u00f3s a conclus\u00e3o com \u00eaxito de um programa de licenciatura Programas de v\u00e1rios graus. Se um estudante estiver a estudar simultaneamente ... <a href=\"https:\/\/uniapplygermany.com\/pt\/estudo\/universidade\/zweitstudium\/\" class=\"more-link\">Continuar a ler <span class=\"screen-reader-text\">segundo grau<\/span><\/a><\/p>","protected":false},"author":189993925,"featured_media":0,"parent":746,"menu_order":0,"comment_status":"closed","ping_status":"closed","template":"","meta":{"_coblocks_attr":"","_coblocks_dimensions":"","_coblocks_responsive_height":"","_coblocks_accordion_ie_support":"","_crdt_document":"","content-type":"","advanced_seo_description":"","jetpack_seo_html_title":"","jetpack_seo_noindex":false,"jetpack_post_was_ever_published":false,"footnotes":""},"tags":[16903984,731541588,731541630,731541610,189930090,731541563],"class_list":["post-2027","page","type-page","status-publish","hentry","tag-16903984","tag-731541588","tag-731541630","tag-731541610","tag-189930090","tag-zweitstudium--"],"jetpack_likes_enabled":false,"jetpack_sharing_enabled":false,"jetpack_shortlink":"https:\/\/wp.me\/Pcd2VE-wH","jetpack-related-posts":[],"_links":{"self":[{"href":"https:\/\/uniapplygermany.com\/pt\/wp-json\/wp\/v2\/pages\/2027","targetHints":{"allow":["GET"]}}],"collection":[{"href":"https:\/\/uniapplygermany.com\/pt\/wp-json\/wp\/v2\/pages"}],"about":[{"href":"https:\/\/uniapplygermany.com\/pt\/wp-json\/wp\/v2\/types\/page"}],"author":[{"embeddable":true,"href":"https:\/\/uniapplygermany.com\/pt\/wp-json\/wp\/v2\/users\/189993925"}],"replies":[{"embeddable":true,"href":"https:\/\/uniapplygermany.com\/pt\/wp-json\/wp\/v2\/comments?post=2027"}],"version-history":[{"count":9,"href":"https:\/\/uniapplygermany.com\/pt\/wp-json\/wp\/v2\/pages\/2027\/revisions"}],"predecessor-version":[{"id":2406,"href":"https:\/\/uniapplygermany.com\/pt\/wp-json\/wp\/v2\/pages\/2027\/revisions\/2406"}],"up":[{"embeddable":true,"href":"https:\/\/uniapplygermany.com\/pt\/wp-json\/wp\/v2\/pages\/746"}],"wp:attachment":[{"href":"https:\/\/uniapplygermany.com\/pt\/wp-json\/wp\/v2\/media?parent=2027"}],"wp:term":[{"taxonomy":"post_tag","embeddable":true,"href":"https:\/\/uniapplygermany.com\/pt\/wp-json\/wp\/v2\/tags?post=2027"}],"curies":[{"name":"wp","href":"https:\/\/api.w.org\/{rel}","templated":true}]}}