{"id":2365,"date":"2022-07-31T19:49:38","date_gmt":"2022-07-31T16:49:38","guid":{"rendered":"https:\/\/uniapplygermany.com\/?page_id=2365"},"modified":"2024-11-21T18:15:01","modified_gmt":"2024-11-21T15:15:01","slug":"seguro-de-doenca","status":"publish","type":"page","link":"https:\/\/uniapplygermany.com\/pt\/seguro-de-doenca\/","title":{"rendered":"seguro de sa\u00fade"},"content":{"rendered":"<div class=\"wp-block-group alignwide\"><div class=\"wp-block-group__inner-container is-layout-flow wp-block-group-is-layout-flow\">\n<p class=\"wp-block-paragraph\">Os estudantes que residem na Alemanha necessitam de um seguro de sa\u00fade. Sem ele, n\u00e3o \u00e9 poss\u00edvel inscrever-se numa universidade e obter um visto e uma autoriza\u00e7\u00e3o de resid\u00eancia.<\/p>\n<\/div><\/div>\n\n\n\n<h4 class=\"wp-block-heading alignwide\">De que tipo de seguro necessito?<\/h4>\n\n\n\n<div class=\"wp-block-columns alignwide is-layout-flex wp-container-core-columns-is-layout-8f761849 wp-block-columns-is-layout-flex\">\n<div class=\"wp-block-column is-layout-flow wp-block-column-is-layout-flow\">\n<div class=\"wp-block-cover\"><span aria-hidden=\"true\" class=\"wp-block-cover__background has-black-background-color has-background-dim-80 has-background-dim\"><\/span><img data-recalc-dims=\"1\" loading=\"lazy\" decoding=\"async\" width=\"900\" height=\"900\" data-attachment-id=\"5537\" data-permalink=\"https:\/\/uniapplygermany.com\/pt\/seguro-de-doenca\/attachment\/13\/\" data-orig-file=\"https:\/\/i0.wp.com\/uniapplygermany.com\/wp-content\/uploads\/2024\/11\/13.png?fit=1080%2C1080&amp;ssl=1\" data-orig-size=\"1080,1080\" data-comments-opened=\"1\" data-image-meta=\"{&quot;aperture&quot;:&quot;0&quot;,&quot;credit&quot;:&quot;&quot;,&quot;camera&quot;:&quot;&quot;,&quot;caption&quot;:&quot;&quot;,&quot;created_timestamp&quot;:&quot;0&quot;,&quot;copyright&quot;:&quot;&quot;,&quot;focal_length&quot;:&quot;0&quot;,&quot;iso&quot;:&quot;0&quot;,&quot;shutter_speed&quot;:&quot;0&quot;,&quot;title&quot;:&quot;&quot;,&quot;orientation&quot;:&quot;0&quot;}\" data-image-title=\"13\" data-image-description=\"\" data-image-caption=\"\" data-medium-file=\"https:\/\/i0.wp.com\/uniapplygermany.com\/wp-content\/uploads\/2024\/11\/13.png?fit=300%2C300&amp;ssl=1\" data-large-file=\"https:\/\/i0.wp.com\/uniapplygermany.com\/wp-content\/uploads\/2024\/11\/13.png?fit=900%2C900&amp;ssl=1\" class=\"wp-block-cover__image-background wp-image-5537 size-full\" alt=\"\" src=\"https:\/\/i0.wp.com\/uniapplygermany.com\/wp-content\/uploads\/2024\/11\/13.png?resize=900%2C900&#038;ssl=1\" data-object-fit=\"cover\" srcset=\"https:\/\/i0.wp.com\/uniapplygermany.com\/wp-content\/uploads\/2024\/11\/13.png?w=1080&amp;ssl=1 1080w, https:\/\/i0.wp.com\/uniapplygermany.com\/wp-content\/uploads\/2024\/11\/13.png?resize=300%2C300&amp;ssl=1 300w, https:\/\/i0.wp.com\/uniapplygermany.com\/wp-content\/uploads\/2024\/11\/13.png?resize=1024%2C1024&amp;ssl=1 1024w, https:\/\/i0.wp.com\/uniapplygermany.com\/wp-content\/uploads\/2024\/11\/13.png?resize=150%2C150&amp;ssl=1 150w, https:\/\/i0.wp.com\/uniapplygermany.com\/wp-content\/uploads\/2024\/11\/13.png?resize=768%2C768&amp;ssl=1 768w, https:\/\/i0.wp.com\/uniapplygermany.com\/wp-content\/uploads\/2024\/11\/13.png?resize=800%2C800&amp;ssl=1 800w, https:\/\/i0.wp.com\/uniapplygermany.com\/wp-content\/uploads\/2024\/11\/13.png?resize=600%2C600&amp;ssl=1 600w, https:\/\/i0.wp.com\/uniapplygermany.com\/wp-content\/uploads\/2024\/11\/13.png?resize=400%2C400&amp;ssl=1 400w, https:\/\/i0.wp.com\/uniapplygermany.com\/wp-content\/uploads\/2024\/11\/13.png?resize=200%2C200&amp;ssl=1 200w, https:\/\/i0.wp.com\/uniapplygermany.com\/wp-content\/uploads\/2024\/11\/13.png?resize=50%2C50&amp;ssl=1 50w\" sizes=\"auto, (max-width: 900px) 100vw, 900px\" \/><div class=\"wp-block-cover__inner-container is-layout-constrained wp-block-cover-is-layout-constrained\">\n<p class=\"has-text-align-center has-large-font-size wp-block-paragraph\">Seguro privado<\/p>\n\n\n\n<ul class=\"wp-block-list\">\n<li>estudantes de cursos de l\u00ednguas e do St\u00fcdienkolleg<\/li>\n\n\n\n<li>estudantes com mais de 30 anos<\/li>\n\n\n\n<li>Bolseiros, doutorandos, p\u00f3s-doutorandos<\/li>\n<\/ul>\n\n\n\n<div class=\"wp-block-buttons is-content-justification-center is-layout-flex wp-container-core-buttons-is-layout-fe48e5de wp-block-buttons-is-layout-flex\">\n<div class=\"wp-block-button\"><a class=\"wp-block-button__link has-background wp-element-button\" href=\"https:\/\/uniapplygermany.com\/pt\/seguro-de-doenca\/privado\/\" style=\"border-radius:100px;background-color:#a9c85c\">Preciso de um privado.<\/a><\/div>\n<\/div>\n<\/div><\/div>\n<\/div>\n\n\n\n<div class=\"wp-block-column is-layout-flow wp-block-column-is-layout-flow\">\n<div class=\"wp-block-cover\"><span aria-hidden=\"true\" class=\"wp-block-cover__background has-black-background-color has-background-dim-70 has-background-dim\"><\/span><img data-recalc-dims=\"1\" loading=\"lazy\" decoding=\"async\" width=\"900\" height=\"900\" data-attachment-id=\"5540\" data-permalink=\"https:\/\/uniapplygermany.com\/pt\/seguro-de-doenca\/attachment\/14\/\" data-orig-file=\"https:\/\/i0.wp.com\/uniapplygermany.com\/wp-content\/uploads\/2024\/11\/14.png?fit=1080%2C1080&amp;ssl=1\" data-orig-size=\"1080,1080\" data-comments-opened=\"1\" data-image-meta=\"{&quot;aperture&quot;:&quot;0&quot;,&quot;credit&quot;:&quot;&quot;,&quot;camera&quot;:&quot;&quot;,&quot;caption&quot;:&quot;&quot;,&quot;created_timestamp&quot;:&quot;0&quot;,&quot;copyright&quot;:&quot;&quot;,&quot;focal_length&quot;:&quot;0&quot;,&quot;iso&quot;:&quot;0&quot;,&quot;shutter_speed&quot;:&quot;0&quot;,&quot;title&quot;:&quot;&quot;,&quot;orientation&quot;:&quot;0&quot;}\" data-image-title=\"14\" data-image-description=\"\" data-image-caption=\"\" data-medium-file=\"https:\/\/i0.wp.com\/uniapplygermany.com\/wp-content\/uploads\/2024\/11\/14.png?fit=300%2C300&amp;ssl=1\" data-large-file=\"https:\/\/i0.wp.com\/uniapplygermany.com\/wp-content\/uploads\/2024\/11\/14.png?fit=900%2C900&amp;ssl=1\" class=\"wp-block-cover__image-background wp-image-5540 size-full\" alt=\"\" src=\"https:\/\/i0.wp.com\/uniapplygermany.com\/wp-content\/uploads\/2024\/11\/14.png?resize=900%2C900&#038;ssl=1\" data-object-fit=\"cover\" srcset=\"https:\/\/i0.wp.com\/uniapplygermany.com\/wp-content\/uploads\/2024\/11\/14.png?w=1080&amp;ssl=1 1080w, https:\/\/i0.wp.com\/uniapplygermany.com\/wp-content\/uploads\/2024\/11\/14.png?resize=300%2C300&amp;ssl=1 300w, https:\/\/i0.wp.com\/uniapplygermany.com\/wp-content\/uploads\/2024\/11\/14.png?resize=1024%2C1024&amp;ssl=1 1024w, https:\/\/i0.wp.com\/uniapplygermany.com\/wp-content\/uploads\/2024\/11\/14.png?resize=150%2C150&amp;ssl=1 150w, https:\/\/i0.wp.com\/uniapplygermany.com\/wp-content\/uploads\/2024\/11\/14.png?resize=768%2C768&amp;ssl=1 768w, https:\/\/i0.wp.com\/uniapplygermany.com\/wp-content\/uploads\/2024\/11\/14.png?resize=800%2C800&amp;ssl=1 800w, https:\/\/i0.wp.com\/uniapplygermany.com\/wp-content\/uploads\/2024\/11\/14.png?resize=600%2C600&amp;ssl=1 600w, https:\/\/i0.wp.com\/uniapplygermany.com\/wp-content\/uploads\/2024\/11\/14.png?resize=400%2C400&amp;ssl=1 400w, https:\/\/i0.wp.com\/uniapplygermany.com\/wp-content\/uploads\/2024\/11\/14.png?resize=200%2C200&amp;ssl=1 200w, https:\/\/i0.wp.com\/uniapplygermany.com\/wp-content\/uploads\/2024\/11\/14.png?resize=50%2C50&amp;ssl=1 50w\" sizes=\"auto, (max-width: 900px) 100vw, 900px\" \/><div class=\"wp-block-cover__inner-container is-layout-constrained wp-block-cover-is-layout-constrained\">\n<p class=\"has-text-align-center has-large-font-size wp-block-paragraph\">Seguro estatal<\/p>\n\n\n\n<ul class=\"wp-block-list\">\n<li>Estudantes de mestrado at\u00e9 30 anos de idade<\/li>\n\n\n\n<li>estudantes universit\u00e1rios at\u00e9 30 anos de idade<\/li>\n<\/ul>\n\n\n\n<div class=\"wp-block-buttons is-content-justification-center is-layout-flex wp-container-core-buttons-is-layout-5d660988 wp-block-buttons-is-layout-flex\">\n<div class=\"wp-block-button\"><a class=\"wp-block-button__link has-white-color has-text-color has-background wp-element-button\" href=\"https:\/\/uniapplygermany.com\/pt\/seguro-de-doenca\/gkv\/\" style=\"border-radius:100px;background-color:#a9c85c\">Preciso de uma empresa p\u00fablica<\/a><\/div>\n<\/div>\n<\/div><\/div>\n<\/div>\n<\/div>","protected":false},"excerpt":{"rendered":"<p>\u0421\u0442\u0443\u0434\u0435\u043d\u0442\u0430\u043c, \u043f\u0440\u0435\u0431\u044b\u0432\u0430\u044e\u0449\u0438\u043c \u0432 \u0413\u0435\u0440\u043c\u0430\u043d\u0438\u0438 \u043d\u0435\u043e\u0431\u0445\u043e\u0434\u0438\u043c\u0430 \u043c\u0435\u0434\u0438\u0446\u0438\u043d\u0441\u043a\u0430\u044f \u0441\u0442\u0440\u0430\u0445\u043e\u0432\u043a\u0430. \u0411\u0435\u0437 \u043d\u0435\u0435 \u043d\u0435\u043b\u044c\u0437\u044f \u0437\u0430\u0447\u0438\u0441\u043b\u0438\u0442\u044c\u0441\u044f \u0432 \u0443\u043d\u0438\u0432\u0435\u0440\u0441\u0438\u0442\u0435\u0442 \u0438 \u043f\u043e\u043b\u0443\u0447\u0438\u0442\u044c \u0432\u0438\u0437\u0443 \u0438 \u0412\u041d\u0416. \u041a\u0430\u043a\u0430\u044f \u0441\u0442\u0440\u0430\u0445\u043e\u0432\u043a\u0430 \u043d\u0443\u0436\u043d\u0430 \u043c\u043d\u0435?<\/p>","protected":false},"author":189993925,"featured_media":0,"parent":0,"menu_order":0,"comment_status":"closed","ping_status":"closed","template":"","meta":{"_coblocks_attr":"","_coblocks_dimensions":"","_coblocks_responsive_height":"","_coblocks_accordion_ie_support":"","_crdt_document":"","content-type":"","advanced_seo_description":"","jetpack_seo_html_title":"","jetpack_seo_noindex":false,"jetpack_post_was_ever_published":false,"footnotes":""},"tags":[],"class_list":["post-2365","page","type-page","status-publish","hentry"],"jetpack_likes_enabled":false,"jetpack_sharing_enabled":false,"jetpack_shortlink":"https:\/\/wp.me\/Pcd2VE-C9","jetpack-related-posts":[],"_links":{"self":[{"href":"https:\/\/uniapplygermany.com\/pt\/wp-json\/wp\/v2\/pages\/2365","targetHints":{"allow":["GET"]}}],"collection":[{"href":"https:\/\/uniapplygermany.com\/pt\/wp-json\/wp\/v2\/pages"}],"about":[{"href":"https:\/\/uniapplygermany.com\/pt\/wp-json\/wp\/v2\/types\/page"}],"author":[{"embeddable":true,"href":"https:\/\/uniapplygermany.com\/pt\/wp-json\/wp\/v2\/users\/189993925"}],"replies":[{"embeddable":true,"href":"https:\/\/uniapplygermany.com\/pt\/wp-json\/wp\/v2\/comments?post=2365"}],"version-history":[{"count":23,"href":"https:\/\/uniapplygermany.com\/pt\/wp-json\/wp\/v2\/pages\/2365\/revisions"}],"predecessor-version":[{"id":5544,"href":"https:\/\/uniapplygermany.com\/pt\/wp-json\/wp\/v2\/pages\/2365\/revisions\/5544"}],"wp:attachment":[{"href":"https:\/\/uniapplygermany.com\/pt\/wp-json\/wp\/v2\/media?parent=2365"}],"wp:term":[{"taxonomy":"post_tag","embeddable":true,"href":"https:\/\/uniapplygermany.com\/pt\/wp-json\/wp\/v2\/tags?post=2365"}],"curies":[{"name":"wp","href":"https:\/\/api.w.org\/{rel}","templated":true}]}}