{"id":2557,"date":"2022-08-28T01:57:03","date_gmt":"2022-08-27T22:57:03","guid":{"rendered":"https:\/\/uniapplygermany.com\/?page_id=2557"},"modified":"2025-12-12T13:35:52","modified_gmt":"2025-12-12T10:35:52","slug":"privado","status":"publish","type":"page","link":"https:\/\/uniapplygermany.com\/pt\/seguro-de-doenca\/privado\/","title":{"rendered":"seguro privado de sa\u00fade"},"content":{"rendered":"<div class=\"wp-block-group alignwide\"><div class=\"wp-block-group__inner-container is-layout-flow wp-block-group-is-layout-flow\">\n<p class=\"is-style-info wp-block-paragraph\">Entrada para o melhor alem\u00e3o <a href=\"https:\/\/uniapplygermany.com\/pt\/estudo\/universidade\/\">universidades<\/a> \u0438 <a href=\"https:\/\/uniapplygermany.com\/pt\/escola-superior\/\">escolas secund\u00e1rias<\/a>, apoio gratuito ao pedido de visto para <a href=\"https:\/\/uniapplygermany.com\/pt\/lingua\/escola-de-linguas\/\">cursos de l\u00ednguas<\/a> com uma ag\u00eancia com uma presen\u00e7a internacional <a href=\"https:\/\/accreditations.icef.com\/certificate?id=d4730772-87e7-49d3-b281-89d680db580d\">acredita\u00e7\u00e3o<\/a> e peritos da Alemanha. <\/p>\n\n\n\n<p class=\"wp-block-paragraph\">O seguro de sa\u00fade privado custa a partir de 25 euros por m\u00eas. Este seguro cobre os tratamentos de urg\u00eancia, mas n\u00e3o cobre a preven\u00e7\u00e3o e o tratamento de doen\u00e7as cr\u00f3nicas.<\/p>\n\n\n\n<p class=\"wp-block-paragraph\">N\u00e3o necessita de quaisquer documentos para solicitar o seguro. Depois de preencher o formul\u00e1rio de candidatura, receber\u00e1 a sua confirma\u00e7\u00e3o e os documentos de seguro em apenas algumas horas.<\/p>\n<\/div><\/div>\n\n\n\n<div class=\"wp-block-media-text alignwide is-stacked-on-mobile\" style=\"grid-template-columns:20% auto\"><figure class=\"wp-block-media-text__media\"><a href=\"https:\/\/www.care-concept.de\/index.htm?vmnr=9010140075&amp;mail=info@uniapplygermany.com\" target=\"_blank\" rel=\" noreferrer noopener\"><img data-recalc-dims=\"1\" loading=\"lazy\" decoding=\"async\" width=\"592\" height=\"178\" data-attachment-id=\"2559\" data-permalink=\"https:\/\/uniapplygermany.com\/pt\/seguro-de-doenca\/privado\/care_concept_logo_var1_rgb\/\" data-orig-file=\"https:\/\/i0.wp.com\/uniapplygermany.com\/wp-content\/uploads\/2022\/08\/care_concept_logo_var1_rgb.png?fit=592%2C178&amp;ssl=1\" data-orig-size=\"592,178\" data-comments-opened=\"1\" data-image-meta=\"{&quot;aperture&quot;:&quot;0&quot;,&quot;credit&quot;:&quot;&quot;,&quot;camera&quot;:&quot;&quot;,&quot;caption&quot;:&quot;&quot;,&quot;created_timestamp&quot;:&quot;0&quot;,&quot;copyright&quot;:&quot;&quot;,&quot;focal_length&quot;:&quot;0&quot;,&quot;iso&quot;:&quot;0&quot;,&quot;shutter_speed&quot;:&quot;0&quot;,&quot;title&quot;:&quot;&quot;,&quot;orientation&quot;:&quot;0&quot;}\" data-image-title=\"care_concept_logo_var1_rgb\" data-image-description=\"\" data-image-caption=\"\" data-medium-file=\"https:\/\/i0.wp.com\/uniapplygermany.com\/wp-content\/uploads\/2022\/08\/care_concept_logo_var1_rgb.png?fit=300%2C90&amp;ssl=1\" data-large-file=\"https:\/\/i0.wp.com\/uniapplygermany.com\/wp-content\/uploads\/2022\/08\/care_concept_logo_var1_rgb.png?fit=592%2C178&amp;ssl=1\" src=\"https:\/\/i0.wp.com\/uniapplygermany.com\/wp-content\/uploads\/2022\/08\/care_concept_logo_var1_rgb.png?resize=592%2C178&#038;ssl=1\" alt=\"\" class=\"wp-image-2559 size-full\"\/><\/a><\/figure><div class=\"wp-block-media-text__content\">\n<p class=\"wp-block-paragraph\">Conceito de cuidados com tarifas <a href=\"https:\/\/www.care-concept.de\/sprachschueler.php?vmnr=9010140075&amp;mail=info%40uniapplygermany.com\" target=\"_blank\" rel=\"noreferrer noopener\">Col\u00e9gio Care<\/a>* para estudantes at\u00e9 aos 40 anos de idade e <a href=\"https:\/\/www.care-concept.de\/expatriates.php?vmnr=9010140075&amp;mail=info%40uniapplygermany.com\" target=\"_blank\" rel=\"noreferrer noopener\">Cuidados ao expatriado<\/a>* para estudantes at\u00e9 aos 70 anos de idade.<\/p>\n\n\n\n<div class=\"wp-block-buttons is-content-justification-left is-layout-flex wp-container-core-buttons-is-layout-4828fefc wp-block-buttons-is-layout-flex\">\n<div class=\"wp-block-button is-style-outline is-style-outline--1\"><a class=\"wp-block-button__link has-white-background-color has-text-color has-background has-link-color wp-element-button\" href=\"https:\/\/www.care-concept.de\/krankenversicherung\/vergleich\/auslandskrankenversicherung_tf.php?vmnr=9010140075&amp;mail=info%40uniapplygermany.com\" style=\"border-radius:100px;color:#a9c85c\" target=\"_blank\" rel=\"noreferrer noopener\">Subscrever um seguro de conceito de cuidados*<\/a><\/div>\n<\/div>\n<\/div><\/div>\n\n\n\n<div class=\"wp-block-media-text alignwide is-stacked-on-mobile\" style=\"grid-template-columns:20% auto\"><figure class=\"wp-block-media-text__media\"><a href=\"https:\/\/www.care-concept.de\/index.htm?vmnr=9010140075&amp;mail=info@uniapplygermany.com\" target=\"_blank\" rel=\" noreferrer noopener\"><img data-recalc-dims=\"1\" loading=\"lazy\" decoding=\"async\" width=\"900\" height=\"130\" data-attachment-id=\"5618\" data-permalink=\"https:\/\/uniapplygermany.com\/pt\/seguro-de-doenca\/privado\/170830_dr-walter_logo-mit-claim-de_rgb\/\" data-orig-file=\"https:\/\/i0.wp.com\/uniapplygermany.com\/wp-content\/uploads\/2024\/12\/170830_DR-WALTER_LOGO-MIT-CLAIM-DE_RGB.png?fit=3947%2C572&amp;ssl=1\" data-orig-size=\"3947,572\" data-comments-opened=\"1\" data-image-meta=\"{&quot;aperture&quot;:&quot;0&quot;,&quot;credit&quot;:&quot;&quot;,&quot;camera&quot;:&quot;&quot;,&quot;caption&quot;:&quot;&quot;,&quot;created_timestamp&quot;:&quot;0&quot;,&quot;copyright&quot;:&quot;&quot;,&quot;focal_length&quot;:&quot;0&quot;,&quot;iso&quot;:&quot;0&quot;,&quot;shutter_speed&quot;:&quot;0&quot;,&quot;title&quot;:&quot;&quot;,&quot;orientation&quot;:&quot;0&quot;}\" data-image-title=\"170830_DR-WALTER_LOGO-MIT-CLAIM-DE_RGB\" data-image-description=\"\" data-image-caption=\"\" data-medium-file=\"https:\/\/i0.wp.com\/uniapplygermany.com\/wp-content\/uploads\/2024\/12\/170830_DR-WALTER_LOGO-MIT-CLAIM-DE_RGB.png?fit=300%2C43&amp;ssl=1\" data-large-file=\"https:\/\/i0.wp.com\/uniapplygermany.com\/wp-content\/uploads\/2024\/12\/170830_DR-WALTER_LOGO-MIT-CLAIM-DE_RGB.png?fit=900%2C130&amp;ssl=1\" src=\"https:\/\/i0.wp.com\/uniapplygermany.com\/wp-content\/uploads\/2024\/12\/170830_DR-WALTER_LOGO-MIT-CLAIM-DE_RGB.png?resize=900%2C130&#038;ssl=1\" alt=\"\" class=\"wp-image-5618 size-full\" srcset=\"https:\/\/i0.wp.com\/uniapplygermany.com\/wp-content\/uploads\/2024\/12\/170830_DR-WALTER_LOGO-MIT-CLAIM-DE_RGB.png?resize=1024%2C148&amp;ssl=1 1024w, https:\/\/i0.wp.com\/uniapplygermany.com\/wp-content\/uploads\/2024\/12\/170830_DR-WALTER_LOGO-MIT-CLAIM-DE_RGB.png?resize=300%2C43&amp;ssl=1 300w, https:\/\/i0.wp.com\/uniapplygermany.com\/wp-content\/uploads\/2024\/12\/170830_DR-WALTER_LOGO-MIT-CLAIM-DE_RGB.png?resize=768%2C111&amp;ssl=1 768w, https:\/\/i0.wp.com\/uniapplygermany.com\/wp-content\/uploads\/2024\/12\/170830_DR-WALTER_LOGO-MIT-CLAIM-DE_RGB.png?resize=1536%2C223&amp;ssl=1 1536w, https:\/\/i0.wp.com\/uniapplygermany.com\/wp-content\/uploads\/2024\/12\/170830_DR-WALTER_LOGO-MIT-CLAIM-DE_RGB.png?resize=2048%2C297&amp;ssl=1 2048w, https:\/\/i0.wp.com\/uniapplygermany.com\/wp-content\/uploads\/2024\/12\/170830_DR-WALTER_LOGO-MIT-CLAIM-DE_RGB.png?resize=1200%2C174&amp;ssl=1 1200w, https:\/\/i0.wp.com\/uniapplygermany.com\/wp-content\/uploads\/2024\/12\/170830_DR-WALTER_LOGO-MIT-CLAIM-DE_RGB.png?w=1800&amp;ssl=1 1800w, https:\/\/i0.wp.com\/uniapplygermany.com\/wp-content\/uploads\/2024\/12\/170830_DR-WALTER_LOGO-MIT-CLAIM-DE_RGB.png?w=2700&amp;ssl=1 2700w\" sizes=\"auto, (max-width: 900px) 100vw, 900px\" \/><\/a><\/figure><div class=\"wp-block-media-text__content\">\n<p class=\"wp-block-paragraph\">DR-WALTER com tarifas <a href=\"https:\/\/www.educare24.de\/?vkn=86306\" target=\"_blank\" rel=\"noreferrer noopener\">EDUCARE24.<\/a>* para estudantes at\u00e9 39 anos de idade e <a href=\"https:\/\/www.provisit.com\/de\/provisit-germany?vkn=86306\" target=\"_blank\" rel=\"noreferrer noopener\">Provis\u00f5es para a Alemanha<\/a>* para estudantes at\u00e9 aos 69 anos de idade.<\/p>\n\n\n\n<div class=\"wp-block-buttons is-content-justification-left is-layout-flex wp-container-core-buttons-is-layout-4828fefc wp-block-buttons-is-layout-flex\">\n<div class=\"wp-block-button is-style-outline is-style-outline--2\"><a class=\"wp-block-button__link has-white-background-color has-text-color has-background has-link-color wp-element-button\" href=\"https:\/\/www.educare24.de\/?vkn=86306\" style=\"border-radius:100px;color:#a9c85c\" target=\"_blank\" rel=\"noreferrer noopener\">Subscrever um seguro DR-WALTER*<\/a><\/div>\n<\/div>\n<\/div><\/div>\n\n\n\n<div class=\"wp-block-media-text alignwide is-stacked-on-mobile\" style=\"grid-template-columns:20% auto\"><figure class=\"wp-block-media-text__media\"><a href=\"https:\/\/www.care-concept.de\/index.htm?vmnr=9010140075&amp;mail=info@uniapplygermany.com\" target=\"_blank\" rel=\" noreferrer noopener\"><img data-recalc-dims=\"1\" loading=\"lazy\" decoding=\"async\" width=\"260\" height=\"109\" data-attachment-id=\"6337\" data-permalink=\"https:\/\/uniapplygermany.com\/pt\/seguro-de-doenca\/privado\/logo-tab-mawista-auslandskrankenversicherung-png\/\" data-orig-file=\"https:\/\/i0.wp.com\/uniapplygermany.com\/wp-content\/uploads\/2025\/08\/logo-tab-mawista-auslandskrankenversicherung.png-e1755104209242.webp?fit=260%2C109&amp;ssl=1\" data-orig-size=\"260,109\" data-comments-opened=\"1\" data-image-meta=\"{&quot;aperture&quot;:&quot;0&quot;,&quot;credit&quot;:&quot;&quot;,&quot;camera&quot;:&quot;&quot;,&quot;caption&quot;:&quot;&quot;,&quot;created_timestamp&quot;:&quot;0&quot;,&quot;copyright&quot;:&quot;&quot;,&quot;focal_length&quot;:&quot;0&quot;,&quot;iso&quot;:&quot;0&quot;,&quot;shutter_speed&quot;:&quot;0&quot;,&quot;title&quot;:&quot;&quot;,&quot;orientation&quot;:&quot;0&quot;}\" data-image-title=\"logo-tab-mawista-auslandskrankenversicherung.png\" data-image-description=\"\" data-image-caption=\"\" data-medium-file=\"https:\/\/i0.wp.com\/uniapplygermany.com\/wp-content\/uploads\/2025\/08\/logo-tab-mawista-auslandskrankenversicherung.png-e1755104209242.webp?fit=300%2C96&amp;ssl=1\" data-large-file=\"https:\/\/i0.wp.com\/uniapplygermany.com\/wp-content\/uploads\/2025\/08\/logo-tab-mawista-auslandskrankenversicherung.png-e1755104209242.webp?fit=260%2C109&amp;ssl=1\" src=\"https:\/\/i0.wp.com\/uniapplygermany.com\/wp-content\/uploads\/2025\/08\/logo-tab-mawista-auslandskrankenversicherung.png-e1755104209242.webp?resize=260%2C109&#038;ssl=1\" alt=\"\" class=\"wp-image-6337 size-full\"\/><\/a><\/figure><div class=\"wp-block-media-text__content\">\n<p class=\"wp-block-paragraph\">mawista com tarifas <a href=\"https:\/\/www2.elviab2b.de\/mawista-booking\/index.faces?SPRACHE=EN&amp;PT=STU&amp;UVM=UNIA\" target=\"_blank\" rel=\"noreferrer noopener\">Estudante<\/a>* para estudantes at\u00e9 39 anos de idade e <a href=\"https:\/\/www2.elviab2b.de\/mawista-booking\/index.faces?SPRACHE=EN&amp;PT=MAE&amp;UVM=UNIA\" target=\"_blank\" rel=\"noreferrer noopener\">Expatriados<\/a>* para estudantes at\u00e9 aos 69 anos de idade.<\/p>\n\n\n\n<div class=\"wp-block-buttons is-content-justification-left is-layout-flex wp-container-core-buttons-is-layout-4828fefc wp-block-buttons-is-layout-flex\">\n<div class=\"wp-block-button is-style-outline is-style-outline--3\"><a class=\"wp-block-button__link has-white-background-color has-text-color has-background has-link-color wp-element-button\" href=\"https:\/\/www2.elviab2b.de\/mawista-booking\/index.faces?SPRACHE=EN&amp;PT=STU&amp;UVM=UNIA\" style=\"border-radius:100px;color:#a9c85c\" target=\"_blank\" rel=\"noreferrer noopener\">Subscrever um seguro MAWISTA*<\/a><\/div>\n<\/div>\n<\/div><\/div>\n\n\n\n<hr class=\"wp-block-separator has-alpha-channel-opacity\"\/>\n\n\n\n<div class=\"wp-block-group alignwide has-medium-gray-color has-text-color has-small-font-size\"><div class=\"wp-block-group__inner-container is-layout-constrained wp-block-group-is-layout-constrained\">\n<p class=\"wp-block-paragraph\">As hiperliga\u00e7\u00f5es assinaladas com um asterisco (*) s\u00e3o as chamadas hiperliga\u00e7\u00f5es de afiliados. Se clicar numa dessas liga\u00e7\u00f5es e efetuar uma compra atrav\u00e9s da mesma, recebemos uma percentagem da comiss\u00e3o da respectiva loja online ou fornecedor. O pre\u00e7o para si mant\u00e9m-se inalterado.<\/p>\n<\/div><\/div>","protected":false},"excerpt":{"rendered":"<p>Admiss\u00e3o nas melhores universidades e col\u00e9gios alem\u00e3es, apoio gratuito em mat\u00e9ria de vistos para cursos de l\u00ednguas com uma ag\u00eancia acreditada internacionalmente e peritos da Alemanha. O custo do seguro m\u00e9dico privado come\u00e7a a partir de 25 euros por m\u00eas. Este seguro cobre os tratamentos de urg\u00eancia, mas n\u00e3o cobre a preven\u00e7\u00e3o e o tratamento de doen\u00e7as cr\u00f3nicas. N\u00e3o necessita de quaisquer documentos para se candidatar ao seguro. ... <a href=\"https:\/\/uniapplygermany.com\/pt\/seguro-de-doenca\/privado\/\" class=\"more-link\">Continuar a ler <span class=\"screen-reader-text\">seguro privado de sa\u00fade<\/span><\/a><\/p>","protected":false},"author":189993925,"featured_media":0,"parent":2365,"menu_order":0,"comment_status":"closed","ping_status":"closed","template":"","meta":{"_coblocks_attr":"","_coblocks_dimensions":"","_coblocks_responsive_height":"","_coblocks_accordion_ie_support":"","_crdt_document":"","content-type":"","advanced_seo_description":"\u041e\u0444\u043e\u0440\u043c\u0438\u0442\u0435 \u0447\u0430\u0441\u0442\u043d\u0443\u044e \u043c\u0435\u0434\u0438\u0446\u0438\u043d\u0441\u043a\u0443\u044e \u0441\u0442\u0440\u0430\u0445\u043e\u0432\u043a\u0443 \u0432 \u0413\u0435\u0440\u043c\u0430\u043d\u0438\u0438 \u0434\u043b\u044f \u0441\u0442\u0443\u0434\u0435\u043d\u0442\u043e\u0432. \u041d\u0438\u0437\u043a\u0438\u0435 \u0442\u0430\u0440\u0438\u0444\u044b \u043e\u0442 28\u202f\u20ac \u0432 \u043c\u0435\u0441\u044f\u0446, \u043f\u0440\u043e\u0441\u0442\u0430\u044f \u043f\u0440\u043e\u0446\u0435\u0434\u0443\u0440\u0430 \u043f\u043e\u0434\u0430\u0447\u0438 \u0437\u0430\u044f\u0432\u043a\u0438, \u043f\u0430\u0440\u0442\u043d\u0435\u0440\u0441\u043a\u0430\u044f \u043f\u043e\u0434\u0434\u0435\u0440\u0436\u043a\u0430 \u043e\u0442 Care Concept \u0438 \u043f\u0435\u0440\u0435\u0445\u043e\u0434 \u043d\u0430 \u0433\u043e\u0441\u0443\u0434\u0430\u0440\u0441\u0442\u0432\u0435\u043d\u043d\u0443\u044e \u0441\u0442\u0440\u0430\u0445\u043e\u0432\u043a\u0443 \u0431\u0435\u0437 \u0441\u043b\u043e\u0436\u043d\u043e\u0441\u0442\u0435\u0439.","jetpack_seo_html_title":"\u0427\u0430\u0441\u0442\u043d\u0430\u044f \u043c\u0435\u0434\u0438\u0446\u0438\u043d\u0441\u043a\u0430\u044f \u0441\u0442\u0440\u0430\u0445\u043e\u0432\u043a\u0430 \u0432 \u0413\u0435\u0440\u043c\u0430\u043d\u0438\u0438 \u0434\u043b\u044f \u0441\u0442\u0443\u0434\u0435\u043d\u0442\u043e\u0432 \u2013 \u0434\u043e\u0441\u0442\u0443\u043f\u043d\u043e\u0435 \u043e\u0444\u043e\u0440\u043c\u043b\u0435\u043d\u0438\u0435 \u0438 \u043f\u043e\u0434\u0434\u0435\u0440\u0436\u043a\u0430","jetpack_seo_noindex":false,"jetpack_post_was_ever_published":false,"footnotes":""},"tags":[755154406,755154403,753968954,755154409,755154415,755154413,755154390],"class_list":["post-2557","page","type-page","status-publish","hentry","tag-755154406","tag-755154403","tag-753968954","tag-755154409","tag-755154415","tag-755154413","tag-755154390"],"jetpack_likes_enabled":false,"jetpack_sharing_enabled":false,"jetpack_shortlink":"https:\/\/wp.me\/Pcd2VE-Ff","jetpack-related-posts":[],"_links":{"self":[{"href":"https:\/\/uniapplygermany.com\/pt\/wp-json\/wp\/v2\/pages\/2557","targetHints":{"allow":["GET"]}}],"collection":[{"href":"https:\/\/uniapplygermany.com\/pt\/wp-json\/wp\/v2\/pages"}],"about":[{"href":"https:\/\/uniapplygermany.com\/pt\/wp-json\/wp\/v2\/types\/page"}],"author":[{"embeddable":true,"href":"https:\/\/uniapplygermany.com\/pt\/wp-json\/wp\/v2\/users\/189993925"}],"replies":[{"embeddable":true,"href":"https:\/\/uniapplygermany.com\/pt\/wp-json\/wp\/v2\/comments?post=2557"}],"version-history":[{"count":18,"href":"https:\/\/uniapplygermany.com\/pt\/wp-json\/wp\/v2\/pages\/2557\/revisions"}],"predecessor-version":[{"id":6655,"href":"https:\/\/uniapplygermany.com\/pt\/wp-json\/wp\/v2\/pages\/2557\/revisions\/6655"}],"up":[{"embeddable":true,"href":"https:\/\/uniapplygermany.com\/pt\/wp-json\/wp\/v2\/pages\/2365"}],"wp:attachment":[{"href":"https:\/\/uniapplygermany.com\/pt\/wp-json\/wp\/v2\/media?parent=2557"}],"wp:term":[{"taxonomy":"post_tag","embeddable":true,"href":"https:\/\/uniapplygermany.com\/pt\/wp-json\/wp\/v2\/tags?post=2557"}],"curies":[{"name":"wp","href":"https:\/\/api.w.org\/{rel}","templated":true}]}}