{"id":2661,"date":"2022-09-28T20:18:35","date_gmt":"2022-09-28T17:18:35","guid":{"rendered":"https:\/\/uniapplygermany.com\/?page_id=2661"},"modified":"2025-06-23T18:02:49","modified_gmt":"2025-06-23T15:02:49","slug":"linha-direta","status":"publish","type":"page","link":"https:\/\/uniapplygermany.com\/pt\/servico\/linha-direta\/","title":{"rendered":"linha direta"},"content":{"rendered":"<h4 class=\"wp-block-heading\">O que \u00e9 que este servi\u00e7o inclui?<\/h4>\n\n\n\n<p class=\"wp-block-paragraph\">Apoio durante <strong>tr\u00eas meses<\/strong> depois de se ter mudado para a Alemanha sobre quest\u00f5es como:<\/p>\n\n\n\n<ul class=\"wp-block-list\">\n<li>desbloqueio da conta da cadeia de blocos<\/li>\n\n\n\n<li>ativa\u00e7\u00e3o do seguro<\/li>\n\n\n\n<li>aconselhamento em mat\u00e9ria de habita\u00e7\u00e3o<\/li>\n\n\n\n<li>Registo no local de resid\u00eancia (ou novo registo quando se muda para outra cidade)<\/li>\n\n\n\n<li>Conselhos sobre como solicitar uma autoriza\u00e7\u00e3o de resid\u00eancia para estudantes<\/li>\n\n\n\n<li>abertura de conta banc\u00e1ria<\/li>\n\n\n\n<li>quest\u00f5es dom\u00e9sticas menores<\/li>\n<\/ul>\n\n\n\n<h4 class=\"wp-block-heading\">Quanto custa o servi\u00e7o?<\/h4>\n\n\n\n<p class=\"wp-block-paragraph\">350 \u20ac<\/p>\n\n\n\n<h4 class=\"wp-block-heading\">Quem pode beneficiar deste servi\u00e7o?<\/h4>\n\n\n\n<p class=\"wp-block-paragraph\">O servi\u00e7o est\u00e1 dispon\u00edvel <strong>apenas<\/strong> para os clientes que utilizaram os servi\u00e7os de apoio \u00e0 obten\u00e7\u00e3o de vistos, os pacotes de servi\u00e7os \"st\u00fcdienkolleg\" e \"university\" e o apoio \u00e0 obten\u00e7\u00e3o de vistos. <\/p>\n\n\n\n<h4 class=\"wp-block-heading\">Qual \u00e9 a dura\u00e7\u00e3o da linha direta?<\/h4>\n\n\n\n<p class=\"wp-block-paragraph\">A linha direta foi concebida para durar at\u00e9 tr\u00eas meses.<\/p>\n\n\n\n<p class=\"wp-block-paragraph\"><strong>Deixe os seus dados de contacto e n\u00f3s entraremos em contacto consigo!<\/strong><\/p>\n\n\n<div class=\"wp-block-jetpack-contact-form is-layout-flex wp-container-jetpack-contact-form-is-layout-7f6ac06e wp-block-jetpack-contact-form-is-layout-flex\"><a href=\"https:\/\/uniapplygermany.com\/pt\/servico\/linha-direta\/\" target=\"_blank\" rel=\"noopener noreferrer\">Enviar um formul\u00e1rio.<\/a><\/div>","protected":false},"excerpt":{"rendered":"<p>O que \u00e9 que este servi\u00e7o inclui? Apoio durante tr\u00eas meses ap\u00f3s a mudan\u00e7a para a Alemanha em quest\u00f5es como: Quanto custa o servi\u00e7o? 350 euros Quem pode beneficiar deste servi\u00e7o? O servi\u00e7o s\u00f3 est\u00e1 dispon\u00edvel para os clientes que tenham utilizado os servi\u00e7os de apoio \u00e0 obten\u00e7\u00e3o de vistos, os servi\u00e7os de pacote \u00abst\u00fcdienkolleg\u00bb e \u00abuniversidade\u00bb e o apoio \u00e0 obten\u00e7\u00e3o de vistos. Qual \u00e9 a dura\u00e7\u00e3o da linha direta? A linha direta foi concebida para ... <a href=\"https:\/\/uniapplygermany.com\/pt\/servico\/linha-direta\/\" class=\"more-link\">Continuar a ler <span class=\"screen-reader-text\">linha direta<\/span><\/a><\/p>","protected":false},"author":189993925,"featured_media":0,"parent":572,"menu_order":0,"comment_status":"closed","ping_status":"closed","template":"","meta":{"_coblocks_attr":"","_coblocks_dimensions":"","_coblocks_responsive_height":"","_coblocks_accordion_ie_support":"","_crdt_document":"","content-type":"","advanced_seo_description":"","jetpack_seo_html_title":"","jetpack_seo_noindex":false,"jetpack_post_was_ever_published":false,"footnotes":""},"tags":[],"class_list":["post-2661","page","type-page","status-publish","hentry"],"jetpack_likes_enabled":false,"jetpack_sharing_enabled":false,"jetpack_shortlink":"https:\/\/wp.me\/Pcd2VE-GV","jetpack-related-posts":[],"_links":{"self":[{"href":"https:\/\/uniapplygermany.com\/pt\/wp-json\/wp\/v2\/pages\/2661","targetHints":{"allow":["GET"]}}],"collection":[{"href":"https:\/\/uniapplygermany.com\/pt\/wp-json\/wp\/v2\/pages"}],"about":[{"href":"https:\/\/uniapplygermany.com\/pt\/wp-json\/wp\/v2\/types\/page"}],"author":[{"embeddable":true,"href":"https:\/\/uniapplygermany.com\/pt\/wp-json\/wp\/v2\/users\/189993925"}],"replies":[{"embeddable":true,"href":"https:\/\/uniapplygermany.com\/pt\/wp-json\/wp\/v2\/comments?post=2661"}],"version-history":[{"count":16,"href":"https:\/\/uniapplygermany.com\/pt\/wp-json\/wp\/v2\/pages\/2661\/revisions"}],"predecessor-version":[{"id":6163,"href":"https:\/\/uniapplygermany.com\/pt\/wp-json\/wp\/v2\/pages\/2661\/revisions\/6163"}],"up":[{"embeddable":true,"href":"https:\/\/uniapplygermany.com\/pt\/wp-json\/wp\/v2\/pages\/572"}],"wp:attachment":[{"href":"https:\/\/uniapplygermany.com\/pt\/wp-json\/wp\/v2\/media?parent=2661"}],"wp:term":[{"taxonomy":"post_tag","embeddable":true,"href":"https:\/\/uniapplygermany.com\/pt\/wp-json\/wp\/v2\/tags?post=2661"}],"curies":[{"name":"wp","href":"https:\/\/api.w.org\/{rel}","templated":true}]}}