{"id":2965,"date":"2023-01-09T03:33:48","date_gmt":"2023-01-09T00:33:48","guid":{"rendered":"https:\/\/uniapplygermany.com\/?page_id=2965"},"modified":"2025-05-28T11:27:49","modified_gmt":"2025-05-28T08:27:49","slug":"precos-dos-cursos-de-formacao","status":"publish","type":"page","link":"https:\/\/uniapplygermany.com\/pt\/servico\/precos-dos-cursos-de-formacao\/","title":{"rendered":"Oferta da Studienkolleg"},"content":{"rendered":"<div class=\"wp-block-group alignwide\"><div class=\"wp-block-group__inner-container is-layout-constrained wp-block-group-is-layout-constrained\">\n<div class=\"wp-block-group\"><div class=\"wp-block-group__inner-container is-layout-constrained wp-block-group-is-layout-constrained\">\n<p class=\"has-text-align-left wp-block-paragraph\">A nossa oferta em tr\u00eas fases tem em conta as necessidades individuais de todos os clientes. Se j\u00e1 vive na Alemanha e n\u00e3o necessita de um visto ou de uma autoriza\u00e7\u00e3o de resid\u00eancia para estudar na Alemanha, recomendamos o nosso pacote econ\u00f3mico \"Eco package\".<\/p>\n<\/div><\/div>\n<\/div><\/div>\n\n\n\n<div class=\"wp-block-group alignwide\"><div class=\"wp-block-group__inner-container is-layout-constrained wp-block-group-is-layout-constrained\">\n<div class=\"wp-block-group\"><div class=\"wp-block-group__inner-container is-layout-constrained wp-block-group-is-layout-constrained\">\n<p class=\"wp-block-paragraph\">Os nossos especialistas oferecem aconselhamento profissional e apoio na candidatura a um visto\/autoriza\u00e7\u00e3o de resid\u00eancia para estudar na Alemanha, no \u00e2mbito dos pacotes \"Start\" e \"Pro\".<\/p>\n<\/div><\/div>\n<\/div><\/div>\n\n\n\n<div class=\"wp-block-group alignwide\"><div class=\"wp-block-group__inner-container is-layout-constrained wp-block-group-is-layout-constrained\">\n<div class=\"wp-block-buttons is-content-justification-center is-layout-flex wp-container-core-buttons-is-layout-f6d872f4 wp-block-buttons-is-layout-flex\">\n<div class=\"wp-block-button\"><a class=\"wp-block-button__link has-background wp-element-button\" href=\"https:\/\/uniapplygermany.com\/pt\/anmeldung\/\" style=\"background-color:#a9c85c\">deixar uma candidatura<\/a><\/div>\n\n\n\n<div class=\"wp-block-button\"><a class=\"wp-block-button__link has-background wp-element-button\" href=\"https:\/\/uniapplygermany.com\/pt\/servico\/consulta\/\" style=\"background-color:#a9c85c\">  aconselhamento  <\/a><\/div>\n<\/div>\n\n\n\n<div class=\"wp-block-group alignwide\"><div class=\"wp-block-group__inner-container is-layout-constrained wp-block-group-is-layout-constrained\">\n<p class=\"has-white-color has-text-color wp-block-paragraph\">.<\/p>\n<\/div><\/div>\n<\/div><\/div>\n\n\n\n<div class=\"wp-block-group alignwide\"><div class=\"wp-block-group__inner-container is-layout-constrained wp-block-group-is-layout-constrained\">\n<figure class=\"wp-block-table is-style-stripes\" style=\"font-size:16px\"><table><thead><tr><th class=\"has-text-align-left\" data-align=\"left\"><\/th><th><\/th><th class=\"has-text-align-center\" data-align=\"center\">Eco<\/th><th class=\"has-text-align-center\" data-align=\"center\"><strong>In\u00edcio<\/strong><\/th><th class=\"has-text-align-center\" data-align=\"center\">Profissional<\/th><\/tr><\/thead><tbody><tr><td class=\"has-text-align-left\" data-align=\"left\">Sele\u00e7\u00e3o de Studienkolleg <br>(at\u00e9 5 stk*)<\/td><td><\/td><td class=\"has-text-align-center\" data-align=\"center\">\u2713<\/td><td class=\"has-text-align-center\" data-align=\"center\"><strong>\u2713<\/strong><\/td><td class=\"has-text-align-center\" data-align=\"center\">\u2713<\/td><\/tr><tr><td class=\"has-text-align-left\" data-align=\"left\">tradu\u00e7\u00e3o de certificados escolares por um tradutor ajuramentado<\/td><td><\/td><td class=\"has-text-align-center\" data-align=\"center\">\u2713<\/td><td class=\"has-text-align-center\" data-align=\"center\"><strong><strong>\u2713<\/strong><\/strong><\/td><td class=\"has-text-align-center\" data-align=\"center\">\u2713<\/td><\/tr><tr><td class=\"has-text-align-left\" data-align=\"left\">envio da tradu\u00e7\u00e3o original ao cliente na Alemanha<\/td><td><\/td><td class=\"has-text-align-center\" data-align=\"center\">\u2713<\/td><td class=\"has-text-align-center\" data-align=\"center\"><strong><strong>\u2713<\/strong><\/strong><\/td><td class=\"has-text-align-center\" data-align=\"center\">\u2713<\/td><\/tr><tr><td class=\"has-text-align-left\" data-align=\"left\">Registo e preenchimento dos formul\u00e1rios para o uni-assist + preenchimento dos pedidos de apresenta\u00e7\u00e3o direta de documentos<\/td><td><\/td><td class=\"has-text-align-center\" data-align=\"center\">\u2713<\/td><td class=\"has-text-align-center\" data-align=\"center\"><strong><strong>\u2713<\/strong><\/strong><\/td><td class=\"has-text-align-center\" data-align=\"center\">\u2713<\/td><\/tr><tr><td class=\"has-text-align-left\" data-align=\"left\">verificar se o dossier de candidatura est\u00e1 correto<\/td><td><\/td><td class=\"has-text-align-center\" data-align=\"center\">\u2713<\/td><td class=\"has-text-align-center\" data-align=\"center\"><strong><strong>\u2713<\/strong><\/strong><\/td><td class=\"has-text-align-center\" data-align=\"center\">\u2713<\/td><\/tr><tr><td class=\"has-text-align-left\" data-align=\"left\">registo do seguro de doen\u00e7a\/transfer\u00eancia do estatuto de seguro para a universidade<\/td><td><\/td><td class=\"has-text-align-center\" data-align=\"center\">\u2713<\/td><td class=\"has-text-align-center\" data-align=\"center\"><strong><strong>\u2713<\/strong><\/strong><\/td><td class=\"has-text-align-center\" data-align=\"center\">\u2713<\/td><\/tr><tr><td class=\"has-text-align-left\" data-align=\"left\">assist\u00eancia na abertura\/alargamento de uma conta bloqueada<\/td><td><\/td><td class=\"has-text-align-center\" data-align=\"center\">\u2713<\/td><td class=\"has-text-align-center\" data-align=\"center\"><strong><strong>\u2713<\/strong><\/strong><\/td><td class=\"has-text-align-center\" data-align=\"center\">\u2713<\/td><\/tr><tr><td class=\"has-text-align-left\" data-align=\"left\">lista de controlo para os primeiros passos na Alemanha e para encontrar um lugar para viver<\/td><td><\/td><td class=\"has-text-align-center\" data-align=\"center\">\u2713<\/td><td class=\"has-text-align-center\" data-align=\"center\"><strong><strong>\u2713<\/strong><\/strong><\/td><td class=\"has-text-align-center\" data-align=\"center\">\u2713<\/td><\/tr><tr><td class=\"has-text-align-left\" data-align=\"left\">Apresenta\u00e7\u00e3o de candidaturas para dormit\u00f3rios universit\u00e1rios<\/td><td><\/td><td class=\"has-text-align-center\" data-align=\"center\">\u2713<\/td><td class=\"has-text-align-center\" data-align=\"center\"><strong><strong>\u2713<\/strong><\/strong><\/td><td class=\"has-text-align-center\" data-align=\"center\">\u2713<\/td><\/tr><tr><td class=\"has-text-align-left\" data-align=\"left\">Recurso contra a decis\u00e3o uni-assist<\/td><td><\/td><td class=\"has-text-align-center\" data-align=\"center\"><\/td><td class=\"has-text-align-center\" data-align=\"center\"><strong><strong>\u2713<\/strong><\/strong><\/td><td class=\"has-text-align-center\" data-align=\"center\">\u2713<\/td><\/tr><tr><td class=\"has-text-align-left\" data-align=\"left\">fornecimento de um endere\u00e7o de correspond\u00eancia na Alemanha durante o per\u00edodo de inscri\u00e7\u00e3o<\/td><td><\/td><td class=\"has-text-align-center\" data-align=\"center\"><\/td><td class=\"has-text-align-center\" data-align=\"center\"><strong><strong>\u2713<\/strong><\/strong><\/td><td class=\"has-text-align-center\" data-align=\"center\">\u2713<\/td><\/tr><tr><td class=\"has-text-align-left\" data-align=\"left\">apoio \u00e0 obten\u00e7\u00e3o de vistos, incluindo a prepara\u00e7\u00e3o para a rece\u00e7\u00e3o na embaixada OU apoio \u00e0 prorroga\u00e7\u00e3o de autoriza\u00e7\u00f5es de resid\u00eancia<\/td><td><\/td><td class=\"has-text-align-center\" data-align=\"center\"><\/td><td class=\"has-text-align-center\" data-align=\"center\"><strong><strong>\u2713<\/strong><\/strong><\/td><td class=\"has-text-align-center\" data-align=\"center\">\u2713<\/td><\/tr><tr><td class=\"has-text-align-left\" data-align=\"left\">verifica\u00e7\u00e3o do dossier de pedido de visto (incluindo curriculum vitae e carta de motiva\u00e7\u00e3o)<\/td><td><\/td><td class=\"has-text-align-center\" data-align=\"center\"><\/td><td class=\"has-text-align-center\" data-align=\"center\"><strong><strong>\u2713<\/strong><\/strong><\/td><td class=\"has-text-align-center\" data-align=\"center\">\u2713<\/td><\/tr><tr><td class=\"has-text-align-left\" data-align=\"left\"><a href=\"https:\/\/uniapplygermany.com\/pt\/servico\/linha-direta\/\">Linha direta do Messenger<\/a> - apoio durante os primeiros 3 meses na Alemanha <\/td><td><\/td><td class=\"has-text-align-center\" data-align=\"center\"><\/td><td class=\"has-text-align-center\" data-align=\"center\"><\/td><td class=\"has-text-align-center\" data-align=\"center\">\u2713<\/td><\/tr><tr><td class=\"has-text-align-left\" data-align=\"left\">Reda\u00e7\u00e3o de um curriculum vitae e de uma carta de motiva\u00e7\u00e3o<\/td><td><\/td><td class=\"has-text-align-center\" data-align=\"center\"><\/td><td class=\"has-text-align-center\" data-align=\"center\"><\/td><td class=\"has-text-align-center\" data-align=\"center\">\u2713<\/td><\/tr><tr><td class=\"has-text-align-left\" data-align=\"left\">dever uni-assist e portais universit\u00e1rios<\/td><td><\/td><td class=\"has-text-align-center\" data-align=\"center\"><\/td><td class=\"has-text-align-center\" data-align=\"center\"><\/td><td class=\"has-text-align-center\" data-align=\"center\">\u2713<\/td><\/tr><tr><td class=\"has-text-align-left\" data-align=\"left\"><\/td><td><\/td><td class=\"has-text-align-center\" data-align=\"center\">\u20ac1290<\/td><td class=\"has-text-align-center\" data-align=\"center\"><strong>\u20ac1690<\/strong><\/td><td class=\"has-text-align-center\" data-align=\"center\">\u20ac2290<\/td><\/tr><\/tbody><\/table><figcaption class=\"wp-element-caption\">*Studienkolleg adicional: 100 euros (excluindo a taxa uni-assist)<\/figcaption><\/figure>\n<\/div><\/div>\n\n\n\n<div class=\"wp-block-group alignwide\"><div class=\"wp-block-group__inner-container is-layout-constrained wp-block-group-is-layout-constrained\">\n<div class=\"wp-block-group\"><div class=\"wp-block-group__inner-container is-layout-constrained wp-block-group-is-layout-constrained\">\n<p class=\"wp-block-paragraph\">Celebramos um contrato de presta\u00e7\u00e3o de servi\u00e7os. O pagamento dos servi\u00e7os \u00e9 dividido em duas partes. O pr\u00e9-pagamento de 50% \u00e9 efectuado no momento da assinatura do contrato. A segunda parte do pagamento \u00e9 efectuada aquando da rece\u00e7\u00e3o do primeiro convite para o exame de admiss\u00e3o ao St\u00fcdienkolleg. Exce\u00e7\u00e3o - Pacote Pro: pr\u00e9-pagamento de 40%, o segundo 40% depois de receber o primeiro convite para o exame de admiss\u00e3o, a \u00faltima parte em 20% depois de receber o visto.<\/p>\n\n\n\n<p class=\"wp-block-paragraph\"><em>Todos os pre\u00e7os incluem IVA.<\/em><\/p>\n\n\n\n<p class=\"wp-block-paragraph\">O pagamento em numer\u00e1rio n\u00e3o \u00e9 poss\u00edvel.<\/p>\n<\/div><\/div>\n<\/div><\/div>\n\n\n\n<div class=\"wp-block-group\"><div class=\"wp-block-group__inner-container is-layout-constrained wp-block-group-is-layout-constrained\">\n<div class=\"wp-block-buttons alignwide is-content-justification-center is-layout-flex wp-container-core-buttons-is-layout-fe48e5de wp-block-buttons-is-layout-flex\">\n<div class=\"wp-block-button\"><a class=\"wp-block-button__link has-background wp-element-button\" href=\"https:\/\/uniapplygermany.com\/pt\/anmeldung\/\" style=\"background-color:#a9c85c\">deixar uma candidatura<\/a><\/div>\n\n\n\n<div class=\"wp-block-button\"><a class=\"wp-block-button__link has-background wp-element-button\" href=\"https:\/\/uniapplygermany.com\/pt\/servico\/consulta\/\" style=\"background-color:#a9c85c\">  aconselhamento  <\/a><\/div>\n<\/div>\n<\/div><\/div>\n\n\n\n<div class=\"wp-block-group alignwide\"><div class=\"wp-block-group__inner-container is-layout-constrained wp-block-group-is-layout-constrained\">\n<p class=\"has-white-color has-text-color wp-block-paragraph\">.<\/p>\n<\/div><\/div>\n\n\n\n<div class=\"wp-block-group alignwide\"><div class=\"wp-block-group__inner-container is-layout-constrained wp-block-group-is-layout-constrained\">\n<div class=\"wp-block-group\"><div class=\"wp-block-group__inner-container is-layout-constrained wp-block-group-is-layout-constrained\">\n<p class=\"wp-block-paragraph\">Todas as ofertas adicionais podem ser reservadas ap\u00f3s o registo. Ao adquirir um pacote de servi\u00e7os, o utilizador recebe um desconto de 10% nos pacotes de assist\u00eancia subsequentes e a oferta \"<a href=\"https:\/\/uniapplygermany.com\/pt\/alojamento\/\">pesquisa de alojamento<\/a>\u00ab.<\/p>\n\n\n\n<p class=\"wp-block-paragraph\">Perguntas mais frequentes:<\/p>\n<\/div><\/div>\n<\/div><\/div>\n\n\n\n<div class=\"wp-block-group alignwide\"><div class=\"wp-block-group__inner-container is-layout-constrained wp-block-group-is-layout-constrained\">\n<details class=\"wp-block-details is-layout-flow wp-block-details-is-layout-flow\"><summary>Custos adicionais<\/summary>\n<ul class=\"wp-block-list\">\n<li>tradu\u00e7\u00e3o de documentos adicionais (exceto certificados escolares)<\/li>\n\n\n\n<li>exceto para o pacote <strong>Profissional<\/strong>Taxa de sele\u00e7\u00e3o de candidaturas do portal uni-assist (75 euros para a primeira candidatura e 30 euros para cada candidatura subsequente) e universidades individuais (50-75 euros).<\/li>\n<\/ul>\n<\/details>\n\n\n\n<details class=\"wp-block-details is-layout-flow wp-block-details-is-layout-flow\"><summary>Quando come\u00e7ar a trabalhar<\/summary>\n<ul class=\"wp-block-list\">\n<li>Recomendamos que comece seis meses antes da inscri\u00e7\u00e3o<\/li>\n<\/ul>\n<\/details>\n\n\n\n<details class=\"wp-block-details is-layout-flow wp-block-details-is-layout-flow\"><summary>Teremos um conselheiro pessoal ao longo do percurso?<\/summary>\n<ul class=\"wp-block-list\">\n<li>Sim, ter\u00e1 uma conversa privada com um conselheiro durante toda a colabora\u00e7\u00e3o<\/li>\n<\/ul>\n<\/details>\n\n\n\n<details class=\"wp-block-details is-layout-flow wp-block-details-is-layout-flow\"><summary>O que devo ter em conta se tiver menos de 18 anos na altura da mudan\u00e7a?<\/summary>\n<ul class=\"wp-block-list\">\n<li>Se o estudante tiver menos de 18 anos de idade no momento da mudan\u00e7a, ter\u00e1 de <a href=\"https:\/\/uniapplygermany.com\/pt\/servico\/vormund\/\">guardi\u00e3o<\/a> na Alemanha e autoriza\u00e7\u00e3o reconhecida por not\u00e1rio de ambos os pais ou tutores legais para viajar e residir na RFA.<\/li>\n<\/ul>\n<\/details>\n\n\n\n<details class=\"wp-block-details is-layout-flow wp-block-details-is-layout-flow\"><summary>Que outros custos ser\u00e3o incorridos com a mudan\u00e7a?<\/summary>\n<ul class=\"wp-block-list\">\n<li><a href=\"https:\/\/uniapplygermany.com\/pt\/visto\/conta_bloqueada\/\">Conta bloqueada<\/a> para um visto<\/li>\n\n\n\n<li>Emolumentos consulares e de servi\u00e7o<\/li>\n\n\n\n<li>Seguro de sa\u00fade<\/li>\n\n\n\n<li>Alojamento e desloca\u00e7\u00e3o durante o per\u00edodo de realiza\u00e7\u00e3o dos exames de acesso<\/li>\n\n\n\n<li>Cau\u00e7\u00e3o para arrendamento de alojamento permanente<\/li>\n<\/ul>\n<\/details>\n<\/div><\/div>","protected":false},"excerpt":{"rendered":"<p>A nossa oferta em tr\u00eas fases tem em conta as necessidades individuais de todos os clientes. Se j\u00e1 vive na Alemanha e n\u00e3o precisa de um visto ou de uma autoriza\u00e7\u00e3o de resid\u00eancia para estudar na Alemanha, recomendamos o nosso pacote econ\u00f3mico \u00abEco\u00bb. Os nossos especialistas oferecem aconselhamento e apoio profissional com os pacotes Start e Pro. Eco Start Pro sele\u00e7\u00e3o St\u00fcdienkolleg ... <a href=\"https:\/\/uniapplygermany.com\/pt\/servico\/precos-dos-cursos-de-formacao\/\" class=\"more-link\">Continuar a ler <span class=\"screen-reader-text\">Oferta da Studienkolleg<\/span><\/a><\/p>","protected":false},"author":189993925,"featured_media":0,"parent":572,"menu_order":0,"comment_status":"closed","ping_status":"closed","template":"","meta":{"_coblocks_attr":"","_coblocks_dimensions":"","_coblocks_responsive_height":"","_coblocks_accordion_ie_support":"","_crdt_document":"","content-type":"","advanced_seo_description":"","jetpack_seo_html_title":"","jetpack_seo_noindex":false,"jetpack_post_was_ever_published":false,"footnotes":""},"tags":[596479,13313454,285351],"class_list":["post-2965","page","type-page","status-publish","hentry","tag-preise","tag-studienkolleg","tag-visum"],"jetpack_likes_enabled":false,"jetpack_sharing_enabled":false,"jetpack_shortlink":"https:\/\/wp.me\/Pcd2VE-LP","jetpack-related-posts":[],"_links":{"self":[{"href":"https:\/\/uniapplygermany.com\/pt\/wp-json\/wp\/v2\/pages\/2965","targetHints":{"allow":["GET"]}}],"collection":[{"href":"https:\/\/uniapplygermany.com\/pt\/wp-json\/wp\/v2\/pages"}],"about":[{"href":"https:\/\/uniapplygermany.com\/pt\/wp-json\/wp\/v2\/types\/page"}],"author":[{"embeddable":true,"href":"https:\/\/uniapplygermany.com\/pt\/wp-json\/wp\/v2\/users\/189993925"}],"replies":[{"embeddable":true,"href":"https:\/\/uniapplygermany.com\/pt\/wp-json\/wp\/v2\/comments?post=2965"}],"version-history":[{"count":59,"href":"https:\/\/uniapplygermany.com\/pt\/wp-json\/wp\/v2\/pages\/2965\/revisions"}],"predecessor-version":[{"id":5305,"href":"https:\/\/uniapplygermany.com\/pt\/wp-json\/wp\/v2\/pages\/2965\/revisions\/5305"}],"up":[{"embeddable":true,"href":"https:\/\/uniapplygermany.com\/pt\/wp-json\/wp\/v2\/pages\/572"}],"wp:attachment":[{"href":"https:\/\/uniapplygermany.com\/pt\/wp-json\/wp\/v2\/media?parent=2965"}],"wp:term":[{"taxonomy":"post_tag","embeddable":true,"href":"https:\/\/uniapplygermany.com\/pt\/wp-json\/wp\/v2\/tags?post=2965"}],"curies":[{"name":"wp","href":"https:\/\/api.w.org\/{rel}","templated":true}]}}