{"id":350,"date":"2020-08-04T17:34:22","date_gmt":"2020-08-04T14:34:22","guid":{"rendered":"http:\/\/uniapplygermany.com\/?page_id=350"},"modified":"2026-01-21T14:47:55","modified_gmt":"2026-01-21T11:47:55","slug":"universidade","status":"publish","type":"page","link":"https:\/\/uniapplygermany.com\/pt\/lingua\/universidade\/","title":{"rendered":"cursos universit\u00e1rios"},"content":{"rendered":"<div class=\"wp-block-group alignwide\"><div class=\"wp-block-group__inner-container is-layout-constrained wp-block-group-is-layout-constrained\">\n<p class=\"has-text-color wp-block-paragraph\" style=\"color:#374022\">Alguns cursos n\u00e3o t\u00eam datas de in\u00edcio flex\u00edveis nem s\u00e3o f\u00e1ceis de cancelar.<\/p>\n<\/div><\/div>\n\n\n\n<div class=\"wp-block-group alignwide\"><div class=\"wp-block-group__inner-container is-layout-constrained wp-block-group-is-layout-constrained\">\n<p class=\"has-text-color wp-block-paragraph\" style=\"color:#374022\">O quadro apresenta a lista das universidades que oferecem cursos de l\u00ednguas, os n\u00edveis dispon\u00edveis e o custo aproximado. Note-se que a maioria dos cursos s\u00f3 aceita estudantes com admiss\u00e3o direta (<a href=\"https:\/\/uniapplygermany.com\/pt\/hzb\/\" data-type=\"URL\" data-id=\"https:\/\/uniapplygermany.com\/hzb\/\">HZB<\/a>). Se quiser melhorar os seus conhecimentos lingu\u00edsticos antes do St\u00fcdienkolleg, precisa de <a href=\"https:\/\/uniapplygermany.com\/pt\/lingua\/escola-de-linguas\/\">escolas p\u00fablicas<\/a>.<\/p>\n\n\n\n<p class=\"has-text-color wp-block-paragraph\" style=\"color:#374022\">Oferecemos acesso aos cursos de l\u00ednguas da universidade no \u00e2mbito do programa \u00ab<a href=\"https:\/\/uniapplygermany.com\/pt\/servico\/precos-dos-cursos-de-formacao\/\">studienkolleg<\/a>\u00ab.<\/p>\n\n\n\n<div class=\"wp-block-buttons is-content-justification-center is-layout-flex wp-container-core-buttons-is-layout-fe48e5de wp-block-buttons-is-layout-flex\">\n<div class=\"wp-block-button is-style-circular\"><a class=\"wp-block-button__link has-background wp-element-button\" href=\"https:\/\/uniapplygermany.com\/pt\/servico\/consulta\/\" style=\"background-color:#a9c85c\">aconselhamento<\/a><\/div>\n\n\n\n<div class=\"wp-block-button is-style-circular\"><a class=\"wp-block-button__link has-background wp-element-button\" href=\"https:\/\/uniapplygermany.com\/pt\/lingua\/escola-de-linguas\/\" style=\"background-color:#a9c85c\">As nossas escolas de l\u00ednguas<\/a><\/div>\n<\/div>\n<\/div><\/div>\n\n\n\n<div style=\"height:25px\" aria-hidden=\"true\" class=\"wp-block-spacer\"><\/div>\n\n\n\n<figure class=\"wp-block-table alignwide is-style-stripes has-small-font-size\"><table><thead><tr><th class=\"has-text-align-center\" data-align=\"center\">HEI<\/th><th class=\"has-text-align-center\" data-align=\"center\">Cursos<\/th><th class=\"has-text-align-center\" data-align=\"center\">Custo em euros<\/th><\/tr><\/thead><tbody><tr><td class=\"has-text-align-center\" data-align=\"center\"><a href=\"http:\/\/www.sli.uni-freiburg.de\/deutsch\" target=\"_blank\" rel=\"noreferrer noopener\">Universidade Albert-Ludwigs de Freiburg<\/a><\/td><td class=\"has-text-align-center\" data-align=\"center\">A1-C1<\/td><td class=\"has-text-align-center\" data-align=\"center\">800\/m\u00eas<\/td><\/tr><tr><td class=\"has-text-align-center\" data-align=\"center\"><a href=\"https:\/\/uol.de\/sprachenzentrum\/sprachen\/deutsch-fuer-internationale\" target=\"_blank\" rel=\"noreferrer noopener\">Carl von Ossietzky Universit\u00e4t Oldenburg<\/a><\/td><td class=\"has-text-align-center\" data-align=\"center\">B1-C1<\/td><td class=\"has-text-align-center\" data-align=\"center\">taxa semestral apenas<\/td><\/tr><tr><td class=\"has-text-align-center\" data-align=\"center\"><a href=\"https:\/\/www.international.uni-kiel.de\/de\/bewerbung-und-zulassung\/zulassung\/deutschkurs\" target=\"_blank\" rel=\"noreferrer noopener\">Universidade Crist\u00e3-Albrechts de Kiel<\/a><\/td><td class=\"has-text-align-center\" data-align=\"center\">B2-C1<\/td><td class=\"has-text-align-center\" data-align=\"center\">400\/passo <\/td><\/tr><tr><td class=\"has-text-align-center\" data-align=\"center\"><a href=\"https:\/\/www.uni-frankfurt.de\/43664030\/DSH_Vorbereitungskurse\">Goethe-Universit\u00e4t Frankfurt am Main<\/a><\/td><td class=\"has-text-align-center\" data-align=\"center\">B2-C1<\/td><td class=\"has-text-align-center\" data-align=\"center\">705\/semestre.<\/td><\/tr><tr><td class=\"has-text-align-center\" data-align=\"center\"><a href=\"https:\/\/sprachen.h-da.de\/dsh\/\" target=\"_blank\" rel=\"noreferrer noopener\">Escola Superior de Darmstadt<\/a><\/td><td class=\"has-text-align-center\" data-align=\"center\">C1<\/td><td class=\"has-text-align-center\" data-align=\"center\">680\/curso<\/td><\/tr><tr><td class=\"has-text-align-center\" data-align=\"center\"><a href=\"https:\/\/www.issk.uni-mainz.de\/deutsch-als-fremdsprache\/\">Johannes-Gutenberg-Universit\u00e4t Mainz<\/a><\/td><td class=\"has-text-align-center\" data-align=\"center\">B2-C1<\/td><td class=\"has-text-align-center\" data-align=\"center\">taxa semestral apenas<\/td><\/tr><tr><td class=\"has-text-align-center\" data-align=\"center\"><a href=\"https:\/\/www.uni-giessen.de\/internationales\/sprachkurse\/in\/intensiv\/index_html\">Justus-Liebig-Universit\u00e4t Giessen<\/a><\/td><td class=\"has-text-align-center\" data-align=\"center\">A1-C1<\/td><td class=\"has-text-align-center\" data-align=\"center\">430 a 560\/passo<\/td><\/tr><tr><td class=\"has-text-align-center\" data-align=\"center\"><a href=\"https:\/\/www.ku.de\/sprachenzentrum\/deutsch-fuer-auslaendische-studierende\/intensivkurs-deutsch-vorbereitung-auf-dsh\">Universidade Cat\u00f3lica de Eichst\u00e4tt-Ingolstadt<\/a><\/td><td class=\"has-text-align-center\" data-align=\"center\">A2-C1<\/td><td class=\"has-text-align-center\" data-align=\"center\">550\/semestre.<\/td><\/tr><tr><td class=\"has-text-align-center\" data-align=\"center\"><a href=\"https:\/\/www.fsz.uni-hannover.de\/deutsch.html\">Universidade Leibniz de Hannover<\/a><\/td><td class=\"has-text-align-center\" data-align=\"center\">B2-C1<\/td><td class=\"has-text-align-center\" data-align=\"center\">960\/passo<\/td><\/tr><tr><td class=\"has-text-align-center\" data-align=\"center\"><a href=\"https:\/\/www.uni-muenchen.de\/studium\/studienangebot\/zusatzquali\/sprachkurse\/index.html\" target=\"_blank\" rel=\"noreferrer noopener\">Ludwig-Maximilians-Universit\u00e4t M\u00fcnchen<\/a><\/td><td class=\"has-text-align-center\" data-align=\"center\">A1-C1<\/td><td class=\"has-text-align-center\" data-align=\"center\">750\/passo<\/td><\/tr><tr><td class=\"has-text-align-center\" data-align=\"center\"><a href=\"http:\/\/www.daf.ruhr-uni-bochum.de\/\">Ruhr-Universit\u00e4t Bochum<\/a><\/td><td class=\"has-text-align-center\" data-align=\"center\">B1-C1<\/td><td class=\"has-text-align-center\" data-align=\"center\">500\/passo<\/td><\/tr><tr><td class=\"has-text-align-center\" data-align=\"center\"><a href=\"https:\/\/www.th-nuernberg.de\/einrichtungen-gesamt\/in-institute\/language-center\/deutsche-sprachpruefung-fuer-den-hochschulzugang-dsh\/dsh-vorbereitungskurs\/\">Escola Superior T\u00e9cnica de Nuremberga<\/a><\/td><td class=\"has-text-align-center\" data-align=\"center\">B2-C1<\/td><td class=\"has-text-align-center\" data-align=\"center\">850\/semestre.<\/td><\/tr><tr><td class=\"has-text-align-center\" data-align=\"center\"><a href=\"https:\/\/www.izc.tu-clausthal.de\/sprachzentrum\/deutsch\/studienvorbereitende-deutschkurse\" data-type=\"URL\" data-id=\"https:\/\/www.izc.tu-clausthal.de\/sprachzentrum\/deutsch\/studienvorbereitende-deutschkurse\">TU Clausthal<\/a><\/td><td class=\"has-text-align-center\" data-align=\"center\">A1-C1<\/td><td class=\"has-text-align-center\" data-align=\"center\">280\/m\u00eas<\/td><\/tr><tr><td class=\"has-text-align-center\" data-align=\"center\"><a href=\"https:\/\/www.uni-bonn.de\/de\/studium\/internationale-studierende\/deutsch-lernen\/dsh-vk\">Universidade de Bona<\/a><\/td><td class=\"has-text-align-center\" data-align=\"center\">B2-C1<\/td><td class=\"has-text-align-center\" data-align=\"center\">500\/curso<\/td><\/tr><tr><td class=\"has-text-align-center\" data-align=\"center\"><a href=\"https:\/\/www.uni-saarland.de\/global\/deutschkurse.html\" target=\"_blank\" rel=\"noreferrer noopener\">Universidade do Sarre<\/a><\/td><td class=\"has-text-align-center\" data-align=\"center\">A1-C1<\/td><td class=\"has-text-align-center\" data-align=\"center\">taxa semestral apenas<\/td><\/tr><tr><td class=\"has-text-align-center\" data-align=\"center\"><a href=\"https:\/\/germanistik.uni-greifswald.de\/institut\/arbeitsbereiche\/lektorat-deutsch-als-fremdsprache\/dsh-pruefung-und-dsh-kurse\/\" target=\"_blank\" rel=\"noreferrer noopener\">Universidade de Greifswald<\/a><\/td><td class=\"has-text-align-center\" data-align=\"center\">B2-C1<\/td><td class=\"has-text-align-center\" data-align=\"center\">350\/semestre<\/td><\/tr><tr><td class=\"has-text-align-center\" data-align=\"center\"><a href=\"https:\/\/www.interdaf.uni-leipzig.de\/intensivsprachkurse.html\">Universidade de Leipzig<\/a><\/td><td class=\"has-text-align-center\" data-align=\"center\">A1-C1<\/td><td class=\"has-text-align-center\" data-align=\"center\">1575\/etapa<\/td><\/tr><tr><td class=\"has-text-align-center\" data-align=\"center\"><a href=\"https:\/\/www.daf.uni-mannheim.de\/index.php\/intensivkurse\/#1650874233523-08393bbf-77ef\" data-type=\"URL\" data-id=\"https:\/\/www.daf.uni-mannheim.de\/index.php\/intensivkurse\/#1650874233523-08393bbf-77ef\" target=\"_blank\" rel=\"noreferrer noopener\">Universidade de Mannheim<\/a><\/td><td class=\"has-text-align-center\" data-align=\"center\">A1-C1<\/td><td class=\"has-text-align-center\" data-align=\"center\">645\/m\u00eas.<\/td><\/tr><tr><td class=\"has-text-align-center\" data-align=\"center\"><a href=\"https:\/\/kw.uni-paderborn.de\/institut-fuer-germanistik-und-vergleichende-literaturwissenschaft\/deutsch-als-zweitsprache-deutsch-als-fremdsprache\/angebote-zum-deutsch-lernen-german-language-support\/dsh-kurse\">Universidade de Paderborn<\/a><\/td><td class=\"has-text-align-center\" data-align=\"center\">A2-C1<\/td><td class=\"has-text-align-center\" data-align=\"center\">500\/quarto <\/td><\/tr><tr><td class=\"has-text-align-center\" data-align=\"center\"><a href=\"https:\/\/www.uni-potsdam.de\/de\/zessko\/studieneingangsphase\/esist\/dsh\">Universidade de Potsdam<\/a><\/td><td class=\"has-text-align-center\" data-align=\"center\">C1<\/td><td class=\"has-text-align-center\" data-align=\"center\">400\/curso<\/td><\/tr><tr><td class=\"has-text-align-center\" data-align=\"center\"><a href=\"https:\/\/www.uni-siegen.de\/starting\/daf\/?lang=de\">Universidade de Siegen<\/a><\/td><td class=\"has-text-align-center\" data-align=\"center\">B1-C2<\/td><td class=\"has-text-align-center\" data-align=\"center\">500\/semestre<\/td><\/tr><tr><td class=\"has-text-align-center\" data-align=\"center\"><a href=\"https:\/\/www.uni-stuttgart.de\/studium\/international\/deutschkurse\/studienvorbereitend\/\">Universidade de Estugarda<\/a><\/td><td class=\"has-text-align-center\" data-align=\"center\">B1-C1<\/td><td class=\"has-text-align-center\" data-align=\"center\">956 a 1460\/passo<\/td><\/tr><tr><td class=\"has-text-align-center\" data-align=\"center\"><a href=\"https:\/\/www.sli.uni-wuppertal.de\/de\/deutsch.html\" target=\"_blank\" rel=\"noreferrer noopener\">Universidade de Wuppertal<\/a><\/td><td class=\"has-text-align-center\" data-align=\"center\">A2-C1<\/td><td class=\"has-text-align-center\" data-align=\"center\">500\/semestre<\/td><\/tr><tr><td class=\"has-text-align-center\" data-align=\"center\"><a href=\"https:\/\/www.uni-muenster.de\/studieninteressierte\/studienvoraussetzungen\/sprachkurse\/dsh.html\" data-type=\"URL\" data-id=\"https:\/\/www.uni-muenster.de\/studieninteressierte\/studienvoraussetzungen\/sprachkurse\/dsh.html\" target=\"_blank\" rel=\"noreferrer noopener\">Westf\u00e4lische Wilhelms-Universit\u00e4t M\u00fcnster<\/a><\/td><td class=\"has-text-align-center\" data-align=\"center\">B2-C1<\/td><td class=\"has-text-align-center\" data-align=\"center\">500\/semestre<\/td><\/tr><tr><td class=\"has-text-align-center\" data-align=\"center\"><a href=\"https:\/\/isz.uni-heidelberg.de\/d_kurse_ksk.html\" data-type=\"URL\" data-id=\"https:\/\/isz.uni-heidelberg.de\/d_kurse_ksk.html\">Universidade de Heidelberg<\/a><\/td><td class=\"has-text-align-center\" data-align=\"center\">A1-C1<\/td><td class=\"has-text-align-center\" data-align=\"center\">1200\/semestre.<\/td><\/tr><\/tbody><\/table><\/figure>\n\n\n\n<p class=\"wp-block-paragraph\"><\/p>","protected":false},"excerpt":{"rendered":"<p>\u041d\u0435\u043a\u043e\u0442\u043e\u0440\u044b\u0435 \u043a\u0443\u0440\u0441\u044b \u043d\u0435 \u0438\u043c\u0435\u044e\u0442 \u0433\u0438\u0431\u043a\u0438\u0445 \u0441\u0440\u043e\u043a\u043e\u0432 \u043d\u0430\u0447\u0430\u043b\u0430 \u043e\u0431\u0443\u0447\u0435\u043d\u0438\u044f \u0438 \u0431\u0435\u0441\u043f\u0440\u0435\u043f\u044f\u0442\u0441\u0442\u0432\u0435\u043d\u043d\u043e\u0433\u043e \u0440\u0430\u0441\u0442\u043e\u0440\u0436\u0435\u043d\u0438\u044f \u0434\u043e\u0433\u043e\u0432\u043e\u0440\u0430. \u0412 \u0442\u0430\u0431\u043b\u0438\u0446\u0435 \u043f\u0440\u0438\u0432\u0435\u0434\u0435\u043d \u0441\u043f\u0438\u0441\u043e\u043a \u0443\u043d\u0438\u0432\u0435\u0440\u0441\u0438\u0442\u0435\u0442\u043e\u0432, \u043f\u0440\u0435\u0434\u043e\u0441\u0442\u0430\u0432\u043b\u044f\u044e\u0449\u0438\u0445 \u044f\u0437\u044b\u043a\u043e\u0432\u044b\u0435 \u043a\u0443\u0440\u0441\u044b, \u0434\u043e\u0441\u0442\u0443\u043f\u043d\u044b\u0435 \u0443\u0440\u043e\u0432\u043d\u0438 \u0438 \u043f\u0440\u0438\u0431\u043b\u0438\u0437\u0438\u0442\u0435\u043b\u044c\u043d\u0430\u044f \u0441\u0442\u043e\u0438\u043c\u043e\u0441\u0442\u044c. \u041e\u0431\u0440\u0430\u0442\u0438\u0442\u0435 \u0432\u043d\u0438\u043c\u0430\u043d\u0438\u0435, \u0447\u0442\u043e \u0431\u043e\u043b\u044c\u0448\u0438\u043d\u0441\u0442\u0432\u043e \u043a\u0443\u0440\u0441\u043e\u0432 \u043f\u0440\u0438\u043d\u0438\u043c\u0430\u044e\u0442 \u0438\u0441\u043a\u043b\u0443\u0447\u0438\u0442\u0435\u043b\u044c\u043d\u043e \u0441\u0442\u0443\u0434\u0435\u043d\u0442\u043e\u0432 \u0441 \u043f\u0440\u044f\u043c\u044b\u043c \u0434\u043e\u043f\u0443\u0441\u043a\u043e\u043c (HZB). \u0415\u0441\u043b\u0438 \u0432\u044b \u0445\u043e\u0442\u0438\u0442\u0435 \u043f\u043e\u0434\u0442\u044f\u043d\u0443\u0442\u044c \u044f\u0437\u044b\u043a \u043f\u0435\u0440\u0435\u0434 \u0448\u0442\u0443\u0434\u0438\u0435\u043d\u043a\u043e\u043b\u043b\u0435\u0433\u043e\u043c, \u0432\u0430\u043c \u043d\u0443\u0436\u043d\u044b \u0447\u0430\u0441\u0442\u043d\u044b\u0435 \u0448\u043a\u043e\u043b\u044b. \u041c\u044b \u043e\u0441\u0443\u0449\u0435\u0441\u0442\u0432\u043b\u044f\u0435\u043c \u043f\u043e\u0441\u0442\u0443\u043f\u043b\u0435\u043d\u0438\u0435 \u043d\u0430 \u044f\u0437\u044b\u043a\u043e\u0432\u044b\u0435 \u043a\u0443\u0440\u0441\u044b \u043f\u0440\u0438 &hellip; <a href=\"https:\/\/uniapplygermany.com\/pt\/lingua\/universidade\/\" class=\"more-link\">Continuar a ler <span class=\"screen-reader-text\">cursos universit\u00e1rios<\/span><\/a><\/p>","protected":false},"author":189993925,"featured_media":0,"parent":320,"menu_order":0,"comment_status":"closed","ping_status":"closed","template":"","meta":{"_coblocks_attr":"","_coblocks_dimensions":"","_coblocks_responsive_height":"","_coblocks_accordion_ie_support":"","_crdt_document":"","content-type":"","advanced_seo_description":"","jetpack_seo_html_title":"","jetpack_seo_noindex":false,"footnotes":""},"tags":[],"class_list":["post-350","page","type-page","status-publish","hentry"],"jetpack_likes_enabled":false,"jetpack_sharing_enabled":false,"jetpack_shortlink":"https:\/\/wp.me\/Pcd2VE-5E","jetpack-related-posts":[],"_links":{"self":[{"href":"https:\/\/uniapplygermany.com\/pt\/wp-json\/wp\/v2\/pages\/350","targetHints":{"allow":["GET"]}}],"collection":[{"href":"https:\/\/uniapplygermany.com\/pt\/wp-json\/wp\/v2\/pages"}],"about":[{"href":"https:\/\/uniapplygermany.com\/pt\/wp-json\/wp\/v2\/types\/page"}],"author":[{"embeddable":true,"href":"https:\/\/uniapplygermany.com\/pt\/wp-json\/wp\/v2\/users\/189993925"}],"replies":[{"embeddable":true,"href":"https:\/\/uniapplygermany.com\/pt\/wp-json\/wp\/v2\/comments?post=350"}],"version-history":[{"count":33,"href":"https:\/\/uniapplygermany.com\/pt\/wp-json\/wp\/v2\/pages\/350\/revisions"}],"predecessor-version":[{"id":6855,"href":"https:\/\/uniapplygermany.com\/pt\/wp-json\/wp\/v2\/pages\/350\/revisions\/6855"}],"up":[{"embeddable":true,"href":"https:\/\/uniapplygermany.com\/pt\/wp-json\/wp\/v2\/pages\/320"}],"wp:attachment":[{"href":"https:\/\/uniapplygermany.com\/pt\/wp-json\/wp\/v2\/media?parent=350"}],"wp:term":[{"taxonomy":"post_tag","embeddable":true,"href":"https:\/\/uniapplygermany.com\/pt\/wp-json\/wp\/v2\/tags?post=350"}],"curies":[{"name":"wp","href":"https:\/\/api.w.org\/{rel}","templated":true}]}}