{"id":4195,"date":"2023-12-18T19:13:21","date_gmt":"2023-12-18T16:13:21","guid":{"rendered":"https:\/\/uniapplygermany.com\/?page_id=4195"},"modified":"2023-12-20T19:17:38","modified_gmt":"2023-12-20T16:17:38","slug":"lindenberg","status":"publish","type":"page","link":"https:\/\/uniapplygermany.com\/pt\/lingua\/acampamentos\/instituto-humboldt\/lindenberg\/","title":{"rendered":"Acampamento de Lindenberg"},"content":{"rendered":"<div class=\"wp-block-group alignwide\"><div class=\"wp-block-group__inner-container is-layout-constrained wp-block-group-is-layout-constrained\">\n<p class=\"wp-block-paragraph\"><strong>Lindenberg<\/strong><\/p>\n\n\n\n<p class=\"wp-block-paragraph\">O Humboldt-Institut Lindenberg pode acolher at\u00e9 200 estudantes e est\u00e1 aberto todo o ano - mesmo durante as f\u00e9rias de inverno.<\/p>\n\n\n\n<p class=\"wp-block-paragraph\">O campus disp\u00f5e de uma variedade de instala\u00e7\u00f5es recreativas interiores e exteriores. O conceito de internato evita longas dist\u00e2ncias e proporciona uma rotina di\u00e1ria estruturada. As salas de aula oferecem uma vista espetacular sobre os Alpes.<\/p>\n\n\n\n<p class=\"wp-block-paragraph\">Os alunos podem viver em dormit\u00f3rios no campus ou com uma fam\u00edlia de acolhimento (apenas no ver\u00e3o).<\/p>\n\n\n\n<ul class=\"wp-block-list\">\n<li>Idade: 13-17 anos<\/li>\n\n\n\n<li>30 horas de alem\u00e3o por semana<\/li>\n\n\n\n<li>Tamanho da turma: 11 pessoas<\/li>\n<\/ul>\n\n\n\n<figure class=\"wp-block-gallery has-nested-images columns-default is-cropped wp-block-gallery-1 is-layout-flex wp-block-gallery-is-layout-flex\">\n<figure class=\"wp-block-image size-large\"><img data-recalc-dims=\"1\" loading=\"lazy\" decoding=\"async\" width=\"900\" height=\"506\" data-attachment-id=\"4183\" data-permalink=\"https:\/\/uniapplygermany.com\/pt\/lingua\/acampamentos\/lindenberg-billiards_in_the_leisure_area-2203-16x9-1\/\" data-orig-file=\"https:\/\/i0.wp.com\/uniapplygermany.com\/wp-content\/uploads\/2023\/12\/Lindenberg-Billiards_in_the_leisure_area-2203-16x9-1.jpg?fit=1920%2C1080&amp;ssl=1\" data-orig-size=\"1920,1080\" data-comments-opened=\"1\" data-image-meta=\"{&quot;aperture&quot;:&quot;4&quot;,&quot;credit&quot;:&quot;&quot;,&quot;camera&quot;:&quot;X-S10&quot;,&quot;caption&quot;:&quot;&quot;,&quot;created_timestamp&quot;:&quot;1664513785&quot;,&quot;copyright&quot;:&quot;&quot;,&quot;focal_length&quot;:&quot;20.2&quot;,&quot;iso&quot;:&quot;1000&quot;,&quot;shutter_speed&quot;:&quot;0.0083333333333333&quot;,&quot;title&quot;:&quot;&quot;,&quot;orientation&quot;:&quot;1&quot;}\" data-image-title=\"Lindenberg-Billiards_in_the_leisure_area-2203-16&amp;#215;9-1\" data-image-description=\"\" data-image-caption=\"\" data-medium-file=\"https:\/\/i0.wp.com\/uniapplygermany.com\/wp-content\/uploads\/2023\/12\/Lindenberg-Billiards_in_the_leisure_area-2203-16x9-1.jpg?fit=300%2C169&amp;ssl=1\" data-large-file=\"https:\/\/i0.wp.com\/uniapplygermany.com\/wp-content\/uploads\/2023\/12\/Lindenberg-Billiards_in_the_leisure_area-2203-16x9-1.jpg?fit=900%2C506&amp;ssl=1\" data-id=\"4183\" src=\"https:\/\/i0.wp.com\/uniapplygermany.com\/wp-content\/uploads\/2023\/12\/Lindenberg-Billiards_in_the_leisure_area-2203-16x9-1.jpg?resize=900%2C506&#038;ssl=1\" alt=\"\" class=\"wp-image-4183\" srcset=\"https:\/\/i0.wp.com\/uniapplygermany.com\/wp-content\/uploads\/2023\/12\/Lindenberg-Billiards_in_the_leisure_area-2203-16x9-1.jpg?resize=1024%2C576&amp;ssl=1 1024w, https:\/\/i0.wp.com\/uniapplygermany.com\/wp-content\/uploads\/2023\/12\/Lindenberg-Billiards_in_the_leisure_area-2203-16x9-1.jpg?resize=300%2C169&amp;ssl=1 300w, https:\/\/i0.wp.com\/uniapplygermany.com\/wp-content\/uploads\/2023\/12\/Lindenberg-Billiards_in_the_leisure_area-2203-16x9-1.jpg?resize=768%2C432&amp;ssl=1 768w, https:\/\/i0.wp.com\/uniapplygermany.com\/wp-content\/uploads\/2023\/12\/Lindenberg-Billiards_in_the_leisure_area-2203-16x9-1.jpg?resize=1536%2C864&amp;ssl=1 1536w, https:\/\/i0.wp.com\/uniapplygermany.com\/wp-content\/uploads\/2023\/12\/Lindenberg-Billiards_in_the_leisure_area-2203-16x9-1.jpg?resize=1200%2C675&amp;ssl=1 1200w, https:\/\/i0.wp.com\/uniapplygermany.com\/wp-content\/uploads\/2023\/12\/Lindenberg-Billiards_in_the_leisure_area-2203-16x9-1.jpg?w=1920&amp;ssl=1 1920w, https:\/\/i0.wp.com\/uniapplygermany.com\/wp-content\/uploads\/2023\/12\/Lindenberg-Billiards_in_the_leisure_area-2203-16x9-1.jpg?w=1800&amp;ssl=1 1800w\" sizes=\"auto, (max-width: 900px) 100vw, 900px\" \/><\/figure>\n\n\n\n<figure class=\"wp-block-image size-large\"><img data-recalc-dims=\"1\" loading=\"lazy\" decoding=\"async\" width=\"900\" height=\"506\" data-attachment-id=\"4184\" data-permalink=\"https:\/\/uniapplygermany.com\/pt\/lingua\/acampamentos\/lindenberg-indoor_pool-143402865-16x9-1\/\" data-orig-file=\"https:\/\/i0.wp.com\/uniapplygermany.com\/wp-content\/uploads\/2023\/12\/Lindenberg-Indoor_pool-143402865-16x9-1.jpg?fit=1920%2C1080&amp;ssl=1\" data-orig-size=\"1920,1080\" data-comments-opened=\"1\" data-image-meta=\"{&quot;aperture&quot;:&quot;2.2&quot;,&quot;credit&quot;:&quot;&quot;,&quot;camera&quot;:&quot;moto g 5G&quot;,&quot;caption&quot;:&quot;&quot;,&quot;created_timestamp&quot;:&quot;1666967644&quot;,&quot;copyright&quot;:&quot;&quot;,&quot;focal_length&quot;:&quot;1.373&quot;,&quot;iso&quot;:&quot;100&quot;,&quot;shutter_speed&quot;:&quot;0.0010152284263959&quot;,&quot;title&quot;:&quot;&quot;,&quot;orientation&quot;:&quot;1&quot;}\" data-image-title=\"Lindenberg-Indoor_pool-143402865-16&amp;#215;9-1\" data-image-description=\"\" data-image-caption=\"\" data-medium-file=\"https:\/\/i0.wp.com\/uniapplygermany.com\/wp-content\/uploads\/2023\/12\/Lindenberg-Indoor_pool-143402865-16x9-1.jpg?fit=300%2C169&amp;ssl=1\" data-large-file=\"https:\/\/i0.wp.com\/uniapplygermany.com\/wp-content\/uploads\/2023\/12\/Lindenberg-Indoor_pool-143402865-16x9-1.jpg?fit=900%2C506&amp;ssl=1\" data-id=\"4184\" src=\"https:\/\/i0.wp.com\/uniapplygermany.com\/wp-content\/uploads\/2023\/12\/Lindenberg-Indoor_pool-143402865-16x9-1.jpg?resize=900%2C506&#038;ssl=1\" alt=\"\" class=\"wp-image-4184\" srcset=\"https:\/\/i0.wp.com\/uniapplygermany.com\/wp-content\/uploads\/2023\/12\/Lindenberg-Indoor_pool-143402865-16x9-1.jpg?resize=1024%2C576&amp;ssl=1 1024w, https:\/\/i0.wp.com\/uniapplygermany.com\/wp-content\/uploads\/2023\/12\/Lindenberg-Indoor_pool-143402865-16x9-1.jpg?resize=300%2C169&amp;ssl=1 300w, https:\/\/i0.wp.com\/uniapplygermany.com\/wp-content\/uploads\/2023\/12\/Lindenberg-Indoor_pool-143402865-16x9-1.jpg?resize=768%2C432&amp;ssl=1 768w, https:\/\/i0.wp.com\/uniapplygermany.com\/wp-content\/uploads\/2023\/12\/Lindenberg-Indoor_pool-143402865-16x9-1.jpg?resize=1536%2C864&amp;ssl=1 1536w, https:\/\/i0.wp.com\/uniapplygermany.com\/wp-content\/uploads\/2023\/12\/Lindenberg-Indoor_pool-143402865-16x9-1.jpg?resize=1200%2C675&amp;ssl=1 1200w, https:\/\/i0.wp.com\/uniapplygermany.com\/wp-content\/uploads\/2023\/12\/Lindenberg-Indoor_pool-143402865-16x9-1.jpg?w=1920&amp;ssl=1 1920w, https:\/\/i0.wp.com\/uniapplygermany.com\/wp-content\/uploads\/2023\/12\/Lindenberg-Indoor_pool-143402865-16x9-1.jpg?w=1800&amp;ssl=1 1800w\" sizes=\"auto, (max-width: 900px) 100vw, 900px\" \/><\/figure>\n\n\n\n<figure class=\"wp-block-image size-large\"><img data-recalc-dims=\"1\" loading=\"lazy\" decoding=\"async\" width=\"900\" height=\"506\" data-attachment-id=\"4185\" data-permalink=\"https:\/\/uniapplygermany.com\/pt\/lingua\/acampamentos\/lindenberg-raum_342-4641-16x9-1\/\" data-orig-file=\"https:\/\/i0.wp.com\/uniapplygermany.com\/wp-content\/uploads\/2023\/12\/Lindenberg-Raum_342-4641-16x9-1.jpg?fit=1920%2C1080&amp;ssl=1\" data-orig-size=\"1920,1080\" data-comments-opened=\"1\" data-image-meta=\"{&quot;aperture&quot;:&quot;0&quot;,&quot;credit&quot;:&quot;&quot;,&quot;camera&quot;:&quot;&quot;,&quot;caption&quot;:&quot;&quot;,&quot;created_timestamp&quot;:&quot;0&quot;,&quot;copyright&quot;:&quot;&quot;,&quot;focal_length&quot;:&quot;0&quot;,&quot;iso&quot;:&quot;0&quot;,&quot;shutter_speed&quot;:&quot;0&quot;,&quot;title&quot;:&quot;&quot;,&quot;orientation&quot;:&quot;1&quot;}\" data-image-title=\"Lindenberg-Raum_342-4641-16&amp;#215;9-1\" data-image-description=\"\" data-image-caption=\"\" data-medium-file=\"https:\/\/i0.wp.com\/uniapplygermany.com\/wp-content\/uploads\/2023\/12\/Lindenberg-Raum_342-4641-16x9-1.jpg?fit=300%2C169&amp;ssl=1\" data-large-file=\"https:\/\/i0.wp.com\/uniapplygermany.com\/wp-content\/uploads\/2023\/12\/Lindenberg-Raum_342-4641-16x9-1.jpg?fit=900%2C506&amp;ssl=1\" data-id=\"4185\" src=\"https:\/\/i0.wp.com\/uniapplygermany.com\/wp-content\/uploads\/2023\/12\/Lindenberg-Raum_342-4641-16x9-1.jpg?resize=900%2C506&#038;ssl=1\" alt=\"\" class=\"wp-image-4185\" srcset=\"https:\/\/i0.wp.com\/uniapplygermany.com\/wp-content\/uploads\/2023\/12\/Lindenberg-Raum_342-4641-16x9-1.jpg?resize=1024%2C576&amp;ssl=1 1024w, https:\/\/i0.wp.com\/uniapplygermany.com\/wp-content\/uploads\/2023\/12\/Lindenberg-Raum_342-4641-16x9-1.jpg?resize=300%2C169&amp;ssl=1 300w, https:\/\/i0.wp.com\/uniapplygermany.com\/wp-content\/uploads\/2023\/12\/Lindenberg-Raum_342-4641-16x9-1.jpg?resize=768%2C432&amp;ssl=1 768w, https:\/\/i0.wp.com\/uniapplygermany.com\/wp-content\/uploads\/2023\/12\/Lindenberg-Raum_342-4641-16x9-1.jpg?resize=1536%2C864&amp;ssl=1 1536w, https:\/\/i0.wp.com\/uniapplygermany.com\/wp-content\/uploads\/2023\/12\/Lindenberg-Raum_342-4641-16x9-1.jpg?resize=1200%2C675&amp;ssl=1 1200w, https:\/\/i0.wp.com\/uniapplygermany.com\/wp-content\/uploads\/2023\/12\/Lindenberg-Raum_342-4641-16x9-1.jpg?w=1920&amp;ssl=1 1920w, https:\/\/i0.wp.com\/uniapplygermany.com\/wp-content\/uploads\/2023\/12\/Lindenberg-Raum_342-4641-16x9-1.jpg?w=1800&amp;ssl=1 1800w\" sizes=\"auto, (max-width: 900px) 100vw, 900px\" \/><\/figure>\n\n\n\n<figure class=\"wp-block-image size-large\"><img data-recalc-dims=\"1\" loading=\"lazy\" decoding=\"async\" width=\"900\" height=\"506\" data-attachment-id=\"4182\" data-permalink=\"https:\/\/uniapplygermany.com\/pt\/lingua\/acampamentos\/stadtpfarrkirche-st-peter-und-paul-vor-berge-in-lindenberg\/\" data-orig-file=\"https:\/\/i0.wp.com\/uniapplygermany.com\/wp-content\/uploads\/2023\/12\/Lindenberg-Aerial_view-Stadtansicht_CopyrightThomasGretler-16x9-1.jpg?fit=1920%2C1080&amp;ssl=1\" data-orig-size=\"1920,1080\" data-comments-opened=\"1\" data-image-meta=\"{&quot;aperture&quot;:&quot;5&quot;,&quot;credit&quot;:&quot;Thomas Gretler&quot;,&quot;camera&quot;:&quot;NIKON D800&quot;,&quot;caption&quot;:&quot;Stadtpfarrkirche St. Peter und Paul, Berge&quot;,&quot;created_timestamp&quot;:&quot;1371153791&quot;,&quot;copyright&quot;:&quot;(C) 2013 Thomas Gretler&quot;,&quot;focal_length&quot;:&quot;120&quot;,&quot;iso&quot;:&quot;200&quot;,&quot;shutter_speed&quot;:&quot;0.008&quot;,&quot;title&quot;:&quot;Stadtpfarrkirche St. Peter und Paul vor Berge in Lindenberg&quot;,&quot;orientation&quot;:&quot;1&quot;}\" data-image-title=\"Stadtpfarrkirche St. Peter und Paul vor Berge in Lindenberg\" data-image-description=\"\" data-image-caption=\"&lt;p&gt;Stadtpfarrkirche St. Peter und Paul, Berge&lt;\/p&gt;\" data-medium-file=\"https:\/\/i0.wp.com\/uniapplygermany.com\/wp-content\/uploads\/2023\/12\/Lindenberg-Aerial_view-Stadtansicht_CopyrightThomasGretler-16x9-1.jpg?fit=300%2C169&amp;ssl=1\" data-large-file=\"https:\/\/i0.wp.com\/uniapplygermany.com\/wp-content\/uploads\/2023\/12\/Lindenberg-Aerial_view-Stadtansicht_CopyrightThomasGretler-16x9-1.jpg?fit=900%2C506&amp;ssl=1\" data-id=\"4182\" src=\"https:\/\/i0.wp.com\/uniapplygermany.com\/wp-content\/uploads\/2023\/12\/Lindenberg-Aerial_view-Stadtansicht_CopyrightThomasGretler-16x9-1.jpg?resize=900%2C506&#038;ssl=1\" alt=\"\" class=\"wp-image-4182\" srcset=\"https:\/\/i0.wp.com\/uniapplygermany.com\/wp-content\/uploads\/2023\/12\/Lindenberg-Aerial_view-Stadtansicht_CopyrightThomasGretler-16x9-1.jpg?resize=1024%2C576&amp;ssl=1 1024w, https:\/\/i0.wp.com\/uniapplygermany.com\/wp-content\/uploads\/2023\/12\/Lindenberg-Aerial_view-Stadtansicht_CopyrightThomasGretler-16x9-1.jpg?resize=300%2C169&amp;ssl=1 300w, https:\/\/i0.wp.com\/uniapplygermany.com\/wp-content\/uploads\/2023\/12\/Lindenberg-Aerial_view-Stadtansicht_CopyrightThomasGretler-16x9-1.jpg?resize=768%2C432&amp;ssl=1 768w, https:\/\/i0.wp.com\/uniapplygermany.com\/wp-content\/uploads\/2023\/12\/Lindenberg-Aerial_view-Stadtansicht_CopyrightThomasGretler-16x9-1.jpg?resize=1536%2C864&amp;ssl=1 1536w, https:\/\/i0.wp.com\/uniapplygermany.com\/wp-content\/uploads\/2023\/12\/Lindenberg-Aerial_view-Stadtansicht_CopyrightThomasGretler-16x9-1.jpg?resize=1200%2C675&amp;ssl=1 1200w, https:\/\/i0.wp.com\/uniapplygermany.com\/wp-content\/uploads\/2023\/12\/Lindenberg-Aerial_view-Stadtansicht_CopyrightThomasGretler-16x9-1.jpg?w=1920&amp;ssl=1 1920w, https:\/\/i0.wp.com\/uniapplygermany.com\/wp-content\/uploads\/2023\/12\/Lindenberg-Aerial_view-Stadtansicht_CopyrightThomasGretler-16x9-1.jpg?w=1800&amp;ssl=1 1800w\" sizes=\"auto, (max-width: 900px) 100vw, 900px\" \/><\/figure>\n<\/figure>\n\n\n\n<p class=\"wp-block-paragraph\"><strong>Quartos de estudantes no campus<\/strong><\/p>\n\n\n\n<p class=\"wp-block-paragraph\">Os estudantes vivem no campus de Lindenberg. Os quartos duplos, bem como os poucos quartos individuais, triplos e qu\u00e1druplos, t\u00eam uma bela vista para os Alpes ou para a floresta. Todos os quartos t\u00eam casa de banho privativa e mobili\u00e1rio de qualidade.<\/p>\n\n\n\n<p class=\"wp-block-paragraph\">O campo de f\u00e9rias garante que os colegas de quarto t\u00eam um n\u00edvel de alem\u00e3o compar\u00e1vel, s\u00e3o da mesma idade, mas falam l\u00ednguas maternas diferentes. Assim, incentiva-os a falar e a praticar alem\u00e3o uns com os outros fora das aulas. Os rapazes e as raparigas s\u00e3o alojados separadamente.<\/p>\n\n\n\n<p class=\"wp-block-paragraph\">S\u00e3o organizadas tr\u00eas refei\u00e7\u00f5es por dia (pequeno-almo\u00e7o, almo\u00e7o e jantar) na cantina da escola. O pessoal da cozinha assegura uma alimenta\u00e7\u00e3o variada e saud\u00e1vel e prepara diariamente todas as refei\u00e7\u00f5es com produtos frescos.<\/p>\n\n\n\n<p class=\"wp-block-paragraph\">Todos os estudantes disp\u00f5em de um servi\u00e7o de lavandaria gratuito para lavar diariamente a sua roupa pessoal. A roupa de cama e as toalhas s\u00e3o fornecidas e mudadas regularmente.<\/p>\n\n\n\n<p class=\"wp-block-paragraph\"><strong>Fam\u00edlias convidadas<\/strong><\/p>\n\n\n\n<p class=\"wp-block-paragraph\">Durante os meses de julho e agosto, os alunos t\u00eam tamb\u00e9m a oportunidade de viver com uma fam\u00edlia alem\u00e3 local, onde ficam alojados em quartos individuais ou duplos. Os alunos tomam o pequeno-almo\u00e7o com a fam\u00edlia h\u00f3spede, todas as outras refei\u00e7\u00f5es s\u00e3o tomadas na escola. Isto assegura a integra\u00e7\u00e3o dos alunos no grupo de estudantes que vivem no campus.<\/p>\n\n\n\n<p class=\"wp-block-paragraph\">Todas as fam\u00edlias de acolhimento em Lindenberg s\u00e3o escolhidas com muito cuidado e a dire\u00e7\u00e3o do campo conhece-as pessoalmente, pelo que pode garantir que os nossos alunos ser\u00e3o bem tratados. Ao escolher os colegas de quarto, aplicam-se as mesmas regras que nas resid\u00eancias - idade e l\u00edngua materna. A maioria das fam\u00edlias de acolhimento vive a uma dist\u00e2ncia que pode ser percorrida a p\u00e9 (10 a 20 minutos) da escola. Se a fam\u00edlia viver mais longe, a escola organizar\u00e1 o transporte di\u00e1rio de e para a escola.<\/p>\n\n\n\n<p class=\"wp-block-paragraph\"><strong>Custo<\/strong><\/p>\n\n\n\n<p class=\"wp-block-paragraph\">O pre\u00e7o do curso inclui aulas, material did\u00e1tico, alojamento, pens\u00e3o completa, supervis\u00e3o 24 horas por dia, programa de actividades di\u00e1rias, excurs\u00f5es semanais (incluindo entradas), servi\u00e7o de lavandaria e certificado.<\/p>\n\n\n\n<p class=\"wp-block-paragraph\">Um acampamento em Lindenberg custa 1.350 euros por semana. Na \u00e9poca de ver\u00e3o, com uma sobretaxa de 50 euros por semana. Para reservas de 10 semanas ou mais, o pre\u00e7o por semana desce para 1.100 euros.<\/p>\n\n\n\n<p class=\"wp-block-paragraph\"><strong>Registo<\/strong><\/p>\n\n\n\n<p class=\"wp-block-paragraph\">Ao inscrever-se no campo de f\u00e9rias atrav\u00e9s de n\u00f3s, estar\u00e1 a <strong>saltar a marca\u00e7\u00e3o<\/strong>Receber\u00e1 apoio de qualidade, comunica\u00e7\u00e3o com a escola e uma pessoa de contacto na Alemanha. Al\u00e9m disso, beneficia de um desconto de 10% nos pacotes de apoio \"St\u00fcdienkolleg\" e \"Universidade\".<\/p>\n\n\n\n<div class=\"wp-block-leadin-hubspot-form-block\">\n\t\t\t\t\t\t<script>\n\t\t\t\t\t\t\twindow.hsFormsOnReady = window.hsFormsOnReady || [];\n\t\t\t\t\t\t\twindow.hsFormsOnReady.push(()=>{\n\t\t\t\t\t\t\t\thbspt.forms.create({\n\t\t\t\t\t\t\t\t\tportalId: 26801513,\n\t\t\t\t\t\t\t\t\tformId: \"e08955e9-eccb-4ea4-8e9d-8028a895aa5b\",\n\t\t\t\t\t\t\t\t\ttarget: \"#hbspt-form-1775473707000-5565332138\",\n\t\t\t\t\t\t\t\t\tregion: \"eu1\",\n\t\t\t\t\t\t\t\t\t\n\t\t\t\t\t\t\t})});\n\t\t\t\t\t\t<\/script>\n\t\t\t\t\t\t<div class=\"hbspt-form\" id=\"hbspt-form-1775473707000-5565332138\"><\/div><\/div>\n\n\n\n<p class=\"wp-block-paragraph\"><strong>Alguma pergunta?<\/strong><\/p>\n\n\n\n<p class=\"wp-block-paragraph\">Contacte-nos em<a href=\"https:\/\/wa.me\/message\/FSIJPB6LJFHVB1\" target=\"_blank\" rel=\"noreferrer noopener\">WhatsApp<\/a> ou <a href=\"http:\/\/t.me\/uniapply_de\" target=\"_blank\" rel=\"noreferrer noopener\">Telegram<\/a>.<\/p>\n<\/div><\/div>","protected":false},"excerpt":{"rendered":"<p>\u041b\u0438\u043d\u0434\u0435\u043d\u0431\u0435\u0440\u0433 \u0425\u0443\u043c\u0431\u043e\u043b\u044c\u0434\u0442-\u0418\u043d\u0441\u0442\u0438\u0442\u0443\u0442 \u041b\u0438\u043d\u0434\u0435\u043d\u0431\u0435\u0440\u0433 \u043c\u043e\u0436\u0435\u0442 \u043f\u0440\u0438\u043d\u044f\u0442\u044c \u0434\u043e 200 \u0441\u0442\u0443\u0434\u0435\u043d\u0442\u043e\u0432 \u0438 \u043e\u0442\u043a\u0440\u044b\u0442 \u043a\u0440\u0443\u0433\u043b\u044b\u0439 \u0433\u043e\u0434 &#8212; \u0434\u0430\u0436\u0435 \u0432\u043e \u0432\u0440\u0435\u043c\u044f \u0437\u0438\u043c\u043d\u0438\u0445 \u043a\u0430\u043d\u0438\u043a\u0443\u043b. \u041a\u0430\u043c\u043f\u0443\u0441 \u0440\u0430\u0441\u043f\u043e\u043b\u0430\u0433\u0430\u0435\u0442 \u0440\u0430\u0437\u043d\u043e\u043e\u0431\u0440\u0430\u0437\u043d\u044b\u043c\u0438 \u0432\u043e\u0437\u043c\u043e\u0436\u043d\u043e\u0441\u0442\u044f\u043c\u0438 \u0434\u043b\u044f \u043f\u0440\u043e\u0432\u0435\u0434\u0435\u043d\u0438\u044f \u0434\u043e\u0441\u0443\u0433\u0430 \u043a\u0430\u043a \u0432 \u043f\u043e\u043c\u0435\u0449\u0435\u043d\u0438\u0438, \u0442\u0430\u043a \u0438 \u043d\u0430 \u043e\u0442\u043a\u0440\u044b\u0442\u043e\u043c \u0432\u043e\u0437\u0434\u0443\u0445\u0435. \u041a\u043e\u043d\u0446\u0435\u043f\u0446\u0438\u044f \u0448\u043a\u043e\u043b\u044b-\u043f\u0430\u043d\u0441\u0438\u043e\u043d\u0430 \u043f\u043e\u0437\u0432\u043e\u043b\u044f\u0435\u0442 \u0438\u0437\u0431\u0435\u0436\u0430\u0442\u044c \u0431\u043e\u043b\u044c\u0448\u0438\u0445 \u0440\u0430\u0441\u0441\u0442\u043e\u044f\u043d\u0438\u0439 \u0438 \u043e\u0431\u0435\u0441\u043f\u0435\u0447\u0438\u0442\u044c \u0441\u0442\u0440\u0443\u043a\u0442\u0443\u0440\u0438\u0440\u043e\u0432\u0430\u043d\u043d\u044b\u0439 \u0440\u0430\u0441\u043f\u043e\u0440\u044f\u0434\u043e\u043a \u0434\u043d\u044f. \u0418\u0437 \u043a\u043b\u0430\u0441\u0441\u043d\u044b\u0445 \u043a\u043e\u043c\u043d\u0430\u0442 \u043e\u0442\u043a\u0440\u044b\u0432\u0430\u0435\u0442\u0441\u044f \u0437\u0430\u0445\u0432\u0430\u0442\u044b\u0432\u0430\u044e\u0449\u0438\u0439 \u0432\u0438\u0434 \u043d\u0430 \u0410\u043b\u044c\u043f\u044b. \u0421\u0442\u0443\u0434\u0435\u043d\u0442\u044b \u043c\u043e\u0433\u0443\u0442 \u043f\u043e\u0441\u0435\u043b\u0438\u0442\u044c\u0441\u044f &hellip; <a href=\"https:\/\/uniapplygermany.com\/pt\/lingua\/acampamentos\/instituto-humboldt\/lindenberg\/\" class=\"more-link\">Continuar a ler <span class=\"screen-reader-text\">Acampamento de Lindenberg<\/span><\/a><\/p>","protected":false},"author":189993925,"featured_media":0,"parent":4206,"menu_order":0,"comment_status":"closed","ping_status":"closed","template":"","meta":{"_coblocks_attr":"","_coblocks_dimensions":"","_coblocks_responsive_height":"","_coblocks_accordion_ie_support":"","_crdt_document":"","content-type":"","advanced_seo_description":"\u0418\u0441\u0441\u043b\u0435\u0434\u0443\u0439\u0442\u0435 \u0432\u043e\u0437\u043c\u043e\u0436\u043d\u043e\u0441\u0442\u0438 \u043e\u0431\u0443\u0447\u0435\u043d\u0438\u044f \u043d\u0435\u043c\u0435\u0446\u043a\u043e\u043c\u0443 \u044f\u0437\u044b\u043a\u0443 \u0441 Humboldt-Institut e.V. \u043d\u0430 \u043d\u0430\u0448\u0435\u0439 \u0441\u0442\u0440\u0430\u043d\u0438\u0446\u0435! \u041e\u0442 \u043a\u0443\u0440\u0441\u043e\u0432 \u0434\u043e \u043a\u0443\u043b\u044c\u0442\u0443\u0440\u043d\u044b\u0445 \u0437\u0430\u043d\u044f\u0442\u0438\u0439, \u043c\u044b \u043f\u0440\u0435\u0434\u043b\u0430\u0433\u0430\u0435\u043c \u0443\u043d\u0438\u043a\u0430\u043b\u044c\u043d\u044b\u0439 \u043e\u043f\u044b\u0442 \u0434\u043b\u044f \u0441\u0442\u0443\u0434\u0435\u043d\u0442\u043e\u0432 \u0432\u0441\u0435\u0445 \u0443\u0440\u043e\u0432\u043d\u0435\u0439 \u043f\u043e\u0434 \u0440\u0443\u043a\u043e\u0432\u043e\u0434\u0441\u0442\u0432\u043e\u043c \u043e\u043f\u044b\u0442\u043d\u044b\u0445 \u043f\u0440\u0435\u043f\u043e\u0434\u0430\u0432\u0430\u0442\u0435\u043b\u0435\u0439. \u041f\u043e\u0433\u0440\u0443\u0437\u0438\u0442\u0435\u0441\u044c \u0432 \u043e\u0431\u0441\u0442\u0430\u043d\u043e\u0432\u043a\u0443 \u044f\u0437\u044b\u043a\u043e\u0432\u043e\u0439 \u0438\u043c\u043c\u0435\u0440\u0441\u0438\u0438 \u0432 \u0413\u0435\u0440\u043c\u0430\u043d\u0438\u0438 \u0438 \u0440\u0430\u0441\u0448\u0438\u0440\u044c\u0442\u0435 \u0441\u0432\u043e\u0438 \u0433\u043e\u0440\u0438\u0437\u043e\u043d\u0442\u044b \u0441 \u043d\u0430\u0448\u0438\u043c \u043b\u0430\u0433\u0435\u0440\u0435\u043c Humboldt-Institut e.V.","jetpack_seo_html_title":"\u041e\u0442\u043a\u0440\u043e\u0439\u0442\u0435 \u041c\u0438\u0440 \u042f\u0437\u044b\u043a\u043e\u0432\u044b\u0445 \u041f\u0440\u0438\u043a\u043b\u044e\u0447\u0435\u043d\u0438\u0439 \u0441 Humboldt-Institut e.V.: \u0418\u0434\u0435\u0430\u043b\u044c\u043d\u044b\u0439 \u041b\u0430\u0433\u0435\u0440\u044c \u0434\u043b\u044f \u0418\u0437\u0443\u0447\u0435\u043d\u0438\u044f \u041d\u0435\u043c\u0435\u0446\u043a\u043e\u0433\u043e \u0432 \u0413\u0435\u0440\u043c\u0430\u043d\u0438\u0438","jetpack_seo_noindex":false,"jetpack_post_was_ever_published":false,"footnotes":""},"tags":[],"class_list":["post-4195","page","type-page","status-publish","hentry"],"jetpack_likes_enabled":false,"jetpack_sharing_enabled":true,"jetpack_shortlink":"https:\/\/wp.me\/Pcd2VE-15F","jetpack-related-posts":[],"_links":{"self":[{"href":"https:\/\/uniapplygermany.com\/pt\/wp-json\/wp\/v2\/pages\/4195","targetHints":{"allow":["GET"]}}],"collection":[{"href":"https:\/\/uniapplygermany.com\/pt\/wp-json\/wp\/v2\/pages"}],"about":[{"href":"https:\/\/uniapplygermany.com\/pt\/wp-json\/wp\/v2\/types\/page"}],"author":[{"embeddable":true,"href":"https:\/\/uniapplygermany.com\/pt\/wp-json\/wp\/v2\/users\/189993925"}],"replies":[{"embeddable":true,"href":"https:\/\/uniapplygermany.com\/pt\/wp-json\/wp\/v2\/comments?post=4195"}],"version-history":[{"count":13,"href":"https:\/\/uniapplygermany.com\/pt\/wp-json\/wp\/v2\/pages\/4195\/revisions"}],"predecessor-version":[{"id":4364,"href":"https:\/\/uniapplygermany.com\/pt\/wp-json\/wp\/v2\/pages\/4195\/revisions\/4364"}],"up":[{"embeddable":true,"href":"https:\/\/uniapplygermany.com\/pt\/wp-json\/wp\/v2\/pages\/4206"}],"wp:attachment":[{"href":"https:\/\/uniapplygermany.com\/pt\/wp-json\/wp\/v2\/media?parent=4195"}],"wp:term":[{"taxonomy":"post_tag","embeddable":true,"href":"https:\/\/uniapplygermany.com\/pt\/wp-json\/wp\/v2\/tags?post=4195"}],"curies":[{"name":"wp","href":"https:\/\/api.w.org\/{rel}","templated":true}]}}