{"id":4764,"date":"2024-02-16T12:00:53","date_gmt":"2024-02-16T09:00:53","guid":{"rendered":"https:\/\/uniapplygermany.com\/?page_id=4764"},"modified":"2026-01-25T20:24:29","modified_gmt":"2026-01-25T17:24:29","slug":"carlduisberg","status":"publish","type":"page","link":"https:\/\/uniapplygermany.com\/pt\/lingua\/escola-de-linguas\/carlduisberg\/","title":{"rendered":"Carl Duisberg"},"content":{"rendered":"<div class=\"wp-block-group alignwide\"><div class=\"wp-block-group__inner-container is-layout-constrained wp-block-group-is-layout-constrained\">\n<p class=\"alignwide is-style-error wp-block-paragraph\">O Carl Duisberg Centren encerrar\u00e1 todas as escolas a partir de 2 de fevereiro de 2026. O registo j\u00e1 n\u00e3o \u00e9 poss\u00edvel.<a href=\"https:\/\/uniapplygermany.com\/pt\/lingua\/escola-de-linguas\/\"> Alternativas. <\/a><\/p>\n\n\n\n<p class=\"wp-block-paragraph\">A rede de escolas de l\u00ednguas Carl Duisberg, com 60 anos de hist\u00f3ria, oferece programas de estudo intensivo, aulas individuais e cursos especiais de prepara\u00e7\u00e3o para exames de l\u00edngua alem\u00e3, como o TestDaF ou o Goethe-Zertifikat. A Carl Duisberg \u00e9 um centro de exames para o TestDaF e tel.<\/p>\n\n\n\n<figure class=\"wp-block-gallery has-nested-images columns-2 is-cropped wp-block-gallery-1 is-layout-flex wp-block-gallery-is-layout-flex\">\n<figure class=\"wp-block-image size-large\"><img data-recalc-dims=\"1\" loading=\"lazy\" decoding=\"async\" width=\"790\" height=\"444\" data-attachment-id=\"4327\" data-permalink=\"https:\/\/uniapplygermany.com\/pt\/lingua\/acampamentos\/carlduisberg\/curso-de-ferias\/carl-duisberg-centrum-radolfzell_1592848650962-jpg\/\" data-orig-file=\"https:\/\/i0.wp.com\/uniapplygermany.com\/wp-content\/uploads\/2023\/12\/carl-duisberg-centrum-radolfzell_1592848650962.jpg.webp?fit=790%2C444&amp;ssl=1\" data-orig-size=\"790,444\" data-comments-opened=\"1\" data-image-meta=\"{&quot;aperture&quot;:&quot;0&quot;,&quot;credit&quot;:&quot;&quot;,&quot;camera&quot;:&quot;&quot;,&quot;caption&quot;:&quot;&quot;,&quot;created_timestamp&quot;:&quot;0&quot;,&quot;copyright&quot;:&quot;&quot;,&quot;focal_length&quot;:&quot;0&quot;,&quot;iso&quot;:&quot;0&quot;,&quot;shutter_speed&quot;:&quot;0&quot;,&quot;title&quot;:&quot;&quot;,&quot;orientation&quot;:&quot;0&quot;}\" data-image-title=\"carl-duisberg-centrum-radolfzell_1592848650962.jpg\" data-image-description=\"\" data-image-caption=\"\" data-large-file=\"https:\/\/i0.wp.com\/uniapplygermany.com\/wp-content\/uploads\/2023\/12\/carl-duisberg-centrum-radolfzell_1592848650962.jpg.webp?fit=790%2C444&amp;ssl=1\" data-id=\"4327\" src=\"https:\/\/i0.wp.com\/uniapplygermany.com\/wp-content\/uploads\/2023\/12\/carl-duisberg-centrum-radolfzell_1592848650962.jpg.webp?resize=790%2C444&#038;ssl=1\" alt=\"\" class=\"wp-image-4327\" srcset=\"https:\/\/i0.wp.com\/uniapplygermany.com\/wp-content\/uploads\/2023\/12\/carl-duisberg-centrum-radolfzell_1592848650962.jpg.webp?w=790&amp;ssl=1 790w, https:\/\/i0.wp.com\/uniapplygermany.com\/wp-content\/uploads\/2023\/12\/carl-duisberg-centrum-radolfzell_1592848650962.jpg.webp?resize=300%2C169&amp;ssl=1 300w, https:\/\/i0.wp.com\/uniapplygermany.com\/wp-content\/uploads\/2023\/12\/carl-duisberg-centrum-radolfzell_1592848650962.jpg.webp?resize=768%2C432&amp;ssl=1 768w\" sizes=\"auto, (max-width: 790px) 100vw, 790px\" \/><\/figure>\n\n\n\n<figure class=\"wp-block-image size-large\"><img data-recalc-dims=\"1\" loading=\"lazy\" decoding=\"async\" width=\"600\" height=\"400\" data-attachment-id=\"4308\" data-permalink=\"https:\/\/uniapplygermany.com\/pt\/lingua\/acampamentos\/carlduisberg\/campo-de-futebol\/camp_fussball_09_daf\/\" data-orig-file=\"https:\/\/i0.wp.com\/uniapplygermany.com\/wp-content\/uploads\/2023\/12\/camp_fussball_09_daf.jpg?fit=600%2C400&amp;ssl=1\" data-orig-size=\"600,400\" data-comments-opened=\"1\" data-image-meta=\"{&quot;aperture&quot;:&quot;0&quot;,&quot;credit&quot;:&quot;&quot;,&quot;camera&quot;:&quot;&quot;,&quot;caption&quot;:&quot;&quot;,&quot;created_timestamp&quot;:&quot;0&quot;,&quot;copyright&quot;:&quot;&quot;,&quot;focal_length&quot;:&quot;0&quot;,&quot;iso&quot;:&quot;0&quot;,&quot;shutter_speed&quot;:&quot;0&quot;,&quot;title&quot;:&quot;&quot;,&quot;orientation&quot;:&quot;0&quot;}\" data-image-title=\"camp_fussball_09_daf\" data-image-description=\"\" data-image-caption=\"\" data-large-file=\"https:\/\/i0.wp.com\/uniapplygermany.com\/wp-content\/uploads\/2023\/12\/camp_fussball_09_daf.jpg?fit=600%2C400&amp;ssl=1\" data-id=\"4308\" src=\"https:\/\/i0.wp.com\/uniapplygermany.com\/wp-content\/uploads\/2023\/12\/camp_fussball_09_daf.jpg?resize=600%2C400&#038;ssl=1\" alt=\"\" class=\"wp-image-4308\" srcset=\"https:\/\/i0.wp.com\/uniapplygermany.com\/wp-content\/uploads\/2023\/12\/camp_fussball_09_daf.jpg?w=600&amp;ssl=1 600w, https:\/\/i0.wp.com\/uniapplygermany.com\/wp-content\/uploads\/2023\/12\/camp_fussball_09_daf.jpg?resize=300%2C200&amp;ssl=1 300w\" sizes=\"auto, (max-width: 600px) 100vw, 600px\" \/><\/figure>\n\n\n\n<figure class=\"wp-block-image size-large\"><img data-recalc-dims=\"1\" loading=\"lazy\" decoding=\"async\" width=\"900\" height=\"600\" data-attachment-id=\"4328\" data-permalink=\"https:\/\/uniapplygermany.com\/pt\/lingua\/acampamentos\/carlduisberg\/curso-de-ferias\/cdc-radolfzell-top-scaled-1\/\" data-orig-file=\"https:\/\/i0.wp.com\/uniapplygermany.com\/wp-content\/uploads\/2023\/12\/cdc-radolfzell-top-scaled-1.jpg?fit=2560%2C1707&amp;ssl=1\" data-orig-size=\"2560,1707\" data-comments-opened=\"1\" data-image-meta=\"{&quot;aperture&quot;:&quot;0&quot;,&quot;credit&quot;:&quot;Christoph Letzner&quot;,&quot;camera&quot;:&quot;&quot;,&quot;caption&quot;:&quot;&quot;,&quot;created_timestamp&quot;:&quot;0&quot;,&quot;copyright&quot;:&quot;www.ChrisLet.de&quot;,&quot;focal_length&quot;:&quot;0&quot;,&quot;iso&quot;:&quot;0&quot;,&quot;shutter_speed&quot;:&quot;0&quot;,&quot;title&quot;:&quot;&quot;,&quot;orientation&quot;:&quot;0&quot;}\" data-image-title=\"cdc-radolfzell-top-scaled-1\" data-image-description=\"\" data-image-caption=\"\" data-large-file=\"https:\/\/i0.wp.com\/uniapplygermany.com\/wp-content\/uploads\/2023\/12\/cdc-radolfzell-top-scaled-1.jpg?fit=900%2C600&amp;ssl=1\" data-id=\"4328\" src=\"https:\/\/i0.wp.com\/uniapplygermany.com\/wp-content\/uploads\/2023\/12\/cdc-radolfzell-top-scaled-1.jpg?resize=900%2C600&#038;ssl=1\" alt=\"\" class=\"wp-image-4328\" srcset=\"https:\/\/i0.wp.com\/uniapplygermany.com\/wp-content\/uploads\/2023\/12\/cdc-radolfzell-top-scaled-1.jpg?resize=1024%2C683&amp;ssl=1 1024w, https:\/\/i0.wp.com\/uniapplygermany.com\/wp-content\/uploads\/2023\/12\/cdc-radolfzell-top-scaled-1.jpg?resize=300%2C200&amp;ssl=1 300w, https:\/\/i0.wp.com\/uniapplygermany.com\/wp-content\/uploads\/2023\/12\/cdc-radolfzell-top-scaled-1.jpg?resize=768%2C512&amp;ssl=1 768w, https:\/\/i0.wp.com\/uniapplygermany.com\/wp-content\/uploads\/2023\/12\/cdc-radolfzell-top-scaled-1.jpg?resize=1536%2C1024&amp;ssl=1 1536w, https:\/\/i0.wp.com\/uniapplygermany.com\/wp-content\/uploads\/2023\/12\/cdc-radolfzell-top-scaled-1.jpg?resize=2048%2C1366&amp;ssl=1 2048w, https:\/\/i0.wp.com\/uniapplygermany.com\/wp-content\/uploads\/2023\/12\/cdc-radolfzell-top-scaled-1.jpg?resize=1200%2C800&amp;ssl=1 1200w, https:\/\/i0.wp.com\/uniapplygermany.com\/wp-content\/uploads\/2023\/12\/cdc-radolfzell-top-scaled-1.jpg?w=1800&amp;ssl=1 1800w\" sizes=\"auto, (max-width: 900px) 100vw, 900px\" \/><\/figure>\n<\/figure>\n\n\n\n<ul class=\"wp-block-list\">\n<li>Escolas nas localidades centrais de Berlim, Munique, Col\u00f3nia, Marburgo e Radolfzell<\/li>\n\n\n\n<li>Pequenos grupos com um m\u00e1ximo de 15 alunos<\/li>\n\n\n\n<li>Programa de tempo livre<\/li>\n\n\n\n<li>Alojamento em resid\u00eancias universit\u00e1rias, hot\u00e9is no campus ou fam\u00edlias de acolhimento<\/li>\n<\/ul>\n\n\n\n<p class=\"is-style-info wp-block-paragraph\">Carl Duisberg oferece um curso de alem\u00e3o intensivo (20 horas por semana) a partir de 170 euros e um curso premium (24 horas por semana) a partir de 190 euros.<\/p>\n\n\n\n<p class=\"wp-block-paragraph\">Para cursos com dura\u00e7\u00e3o igual ou superior a tr\u00eas meses, \u00e9 necess\u00e1rio um visto nacional. Para reservas de cursos de seis meses ou mais, apoio para vistos do UniApply Germany&nbsp;<strong>livre<\/strong>.<\/p>\n<\/div><\/div>","protected":false},"excerpt":{"rendered":"<p>O Carl Duisberg Centren encerrar\u00e1 todas as escolas a partir de 2 de fevereiro de 2026. O registo j\u00e1 n\u00e3o \u00e9 poss\u00edvel. Alternativas. A rede de escolas de l\u00ednguas Carl Duisberg, com 60 anos de hist\u00f3ria, oferece programas de estudo intensivo, aulas individuais e cursos especiais de prepara\u00e7\u00e3o para exames de l\u00edngua alem\u00e3, como o TestDaF ou o Goethe-Zertifikat. A Carl Duisberg \u00e9 um centro de exames para o TestDaF e o tel. Carl ... <a href=\"https:\/\/uniapplygermany.com\/pt\/lingua\/escola-de-linguas\/carlduisberg\/\" class=\"more-link\">Continuar a ler <span class=\"screen-reader-text\">Carl Duisberg<\/span><\/a><\/p>","protected":false},"author":189993925,"featured_media":0,"parent":394,"menu_order":0,"comment_status":"closed","ping_status":"closed","template":"","meta":{"_coblocks_attr":"","_coblocks_dimensions":"","_coblocks_responsive_height":"","_coblocks_accordion_ie_support":"","_crdt_document":"","content-type":"","advanced_seo_description":"\u041f\u043b\u0430\u043d\u0438\u0440\u0443\u0435\u0442\u0435 \u0438\u0437\u0443\u0447\u0430\u0442\u044c \u043d\u0435\u043c\u0435\u0446\u043a\u0438\u0439 \u044f\u0437\u044b\u043a \u0432 \u0413\u0435\u0440\u043c\u0430\u043d\u0438\u0438? \u0423\u0437\u043d\u0430\u0439\u0442\u0435 \u043e \u043f\u0440\u043e\u0433\u0440\u0430\u043c\u043c\u0435 \u044f\u0437\u044b\u043a\u043e\u0432\u043e\u0439 \u0448\u043a\u043e\u043b\u044b Carl Duisberg \u0438 \u043f\u0440\u043e\u0446\u0435\u0434\u0443\u0440\u0435 \u043f\u043e\u043b\u0443\u0447\u0435\u043d\u0438\u044f \u043d\u0430\u0446\u0438\u043e\u043d\u0430\u043b\u044c\u043d\u043e\u0439 \u0432\u0438\u0437\u044b. \u041d\u0430\u0448\u0430 \u0448\u043a\u043e\u043b\u0430 \u043f\u0440\u0435\u0434\u043b\u0430\u0433\u0430\u0435\u0442 \u0432\u044b\u0441\u043e\u043a\u043e\u043a\u0430\u0447\u0435\u0441\u0442\u0432\u0435\u043d\u043d\u044b\u0435 \u043a\u0443\u0440\u0441\u044b \u043d\u0435\u043c\u0435\u0446\u043a\u043e\u0433\u043e \u044f\u0437\u044b\u043a\u0430 \u0434\u043b\u044f \u0438\u043d\u043e\u0441\u0442\u0440\u0430\u043d\u043d\u044b\u0445 \u0441\u0442\u0443\u0434\u0435\u043d\u0442\u043e\u0432 \u0432\u0441\u0435\u0445 \u0443\u0440\u043e\u0432\u043d\u0435\u0439. \u041c\u044b \u0442\u0430\u043a\u0436\u0435 \u043f\u0440\u0435\u0434\u043e\u0441\u0442\u0430\u0432\u043b\u044f\u0435\u043c \u0432\u0441\u044e \u043d\u0435\u043e\u0431\u0445\u043e\u0434\u0438\u043c\u0443\u044e \u0438\u043d\u0444\u043e\u0440\u043c\u0430\u0446\u0438\u044e \u0438 \u043f\u043e\u0434\u0434\u0435\u0440\u0436\u043a\u0443 \u0434\u043b\u044f \u0443\u0441\u043f\u0435\u0448\u043d\u043e\u0433\u043e \u043f\u043e\u043b\u0443\u0447\u0435\u043d\u0438\u044f \u043d\u0430\u0446\u0438\u043e\u043d\u0430\u043b\u044c\u043d\u043e\u0439 \u0432\u0438\u0437\u044b, \u043f\u043e\u043c\u043e\u0433\u0430\u044f \u0432\u0430\u043c \u0441\u0434\u0435\u043b\u0430\u0442\u044c \u043f\u0435\u0440\u0432\u044b\u0439 \u0448\u0430\u0433 \u043a \u0432\u0430\u0448\u0435\u0439 \u0443\u0447\u0435\u0431\u0435 \u0438 \u0436\u0438\u0437\u043d\u0438 \u0432 \u0413\u0435\u0440\u043c\u0430\u043d\u0438\u0438.","jetpack_seo_html_title":"\u0418\u0437\u0443\u0447\u0435\u043d\u0438\u0435 \u043d\u0435\u043c\u0435\u0446\u043a\u043e\u0433\u043e \u0432 \u0413\u0435\u0440\u043c\u0430\u043d\u0438\u0438 \u0441 \u044f\u0437\u044b\u043a\u043e\u0432\u043e\u0439 \u0448\u043a\u043e\u043b\u043e\u0439 Carl Duisberg: \u041f\u043e\u043b\u0443\u0447\u0435\u043d\u0438\u0435 \u043d\u0430\u0446\u0438\u043e\u043d\u0430\u043b\u044c\u043d\u043e\u0439 \u0432\u0438\u0437\u044b","jetpack_seo_noindex":false,"jetpack_post_was_ever_published":false,"footnotes":""},"tags":[],"class_list":["post-4764","page","type-page","status-publish","hentry"],"jetpack_likes_enabled":false,"jetpack_sharing_enabled":false,"jetpack_shortlink":"https:\/\/wp.me\/Pcd2VE-1eQ","jetpack-related-posts":[],"_links":{"self":[{"href":"https:\/\/uniapplygermany.com\/pt\/wp-json\/wp\/v2\/pages\/4764","targetHints":{"allow":["GET"]}}],"collection":[{"href":"https:\/\/uniapplygermany.com\/pt\/wp-json\/wp\/v2\/pages"}],"about":[{"href":"https:\/\/uniapplygermany.com\/pt\/wp-json\/wp\/v2\/types\/page"}],"author":[{"embeddable":true,"href":"https:\/\/uniapplygermany.com\/pt\/wp-json\/wp\/v2\/users\/189993925"}],"replies":[{"embeddable":true,"href":"https:\/\/uniapplygermany.com\/pt\/wp-json\/wp\/v2\/comments?post=4764"}],"version-history":[{"count":9,"href":"https:\/\/uniapplygermany.com\/pt\/wp-json\/wp\/v2\/pages\/4764\/revisions"}],"predecessor-version":[{"id":6888,"href":"https:\/\/uniapplygermany.com\/pt\/wp-json\/wp\/v2\/pages\/4764\/revisions\/6888"}],"up":[{"embeddable":true,"href":"https:\/\/uniapplygermany.com\/pt\/wp-json\/wp\/v2\/pages\/394"}],"wp:attachment":[{"href":"https:\/\/uniapplygermany.com\/pt\/wp-json\/wp\/v2\/media?parent=4764"}],"wp:term":[{"taxonomy":"post_tag","embeddable":true,"href":"https:\/\/uniapplygermany.com\/pt\/wp-json\/wp\/v2\/tags?post=4764"}],"curies":[{"name":"wp","href":"https:\/\/api.w.org\/{rel}","templated":true}]}}