{"id":4774,"date":"2024-02-16T16:57:10","date_gmt":"2024-02-16T13:57:10","guid":{"rendered":"https:\/\/uniapplygermany.com\/?page_id=4774"},"modified":"2024-02-16T16:57:10","modified_gmt":"2024-02-16T13:57:10","slug":"fez","status":"publish","type":"page","link":"https:\/\/uniapplygermany.com\/pt\/lingua\/escola-de-linguas\/fez\/","title":{"rendered":"did Sprachinstitut - escola de l\u00ednguas did"},"content":{"rendered":"<div class=\"wp-block-group alignwide\"><div class=\"wp-block-group__inner-container is-layout-constrained wp-block-group-is-layout-constrained\">\n<p class=\"wp-block-paragraph\">A escola de l\u00ednguas did, fundada em 1970, com instala\u00e7\u00f5es em Berlim, Hamburgo, Munique e Frankfurt, \u00e9 uma das escolas mais populares e reconhecidas na Alemanha. A did \u00e9 um centro de exames TestDaF e telc.<\/p>\n\n\n\n<figure class=\"wp-block-gallery has-nested-images columns-default is-cropped wp-block-gallery-1 is-layout-flex wp-block-gallery-is-layout-flex\">\n<figure class=\"wp-block-image size-large\"><img data-recalc-dims=\"1\" loading=\"lazy\" decoding=\"async\" width=\"900\" height=\"506\" data-attachment-id=\"4778\" data-permalink=\"https:\/\/uniapplygermany.com\/pt\/lingua\/escola-de-linguas\/fez\/did_hamburg_lobby\/\" data-orig-file=\"https:\/\/i0.wp.com\/uniapplygermany.com\/wp-content\/uploads\/2024\/02\/did_hamburg_lobby.jpg?fit=1920%2C1080&amp;ssl=1\" data-orig-size=\"1920,1080\" data-comments-opened=\"1\" data-image-meta=\"{&quot;aperture&quot;:&quot;0&quot;,&quot;credit&quot;:&quot;&quot;,&quot;camera&quot;:&quot;&quot;,&quot;caption&quot;:&quot;&quot;,&quot;created_timestamp&quot;:&quot;0&quot;,&quot;copyright&quot;:&quot;&quot;,&quot;focal_length&quot;:&quot;0&quot;,&quot;iso&quot;:&quot;0&quot;,&quot;shutter_speed&quot;:&quot;0&quot;,&quot;title&quot;:&quot;&quot;,&quot;orientation&quot;:&quot;0&quot;}\" data-image-title=\"did_hamburg_lobby\" data-image-description=\"\" data-image-caption=\"\" data-medium-file=\"https:\/\/i0.wp.com\/uniapplygermany.com\/wp-content\/uploads\/2024\/02\/did_hamburg_lobby.jpg?fit=300%2C169&amp;ssl=1\" data-large-file=\"https:\/\/i0.wp.com\/uniapplygermany.com\/wp-content\/uploads\/2024\/02\/did_hamburg_lobby.jpg?fit=900%2C506&amp;ssl=1\" data-id=\"4778\" src=\"https:\/\/i0.wp.com\/uniapplygermany.com\/wp-content\/uploads\/2024\/02\/did_hamburg_lobby.jpg?resize=900%2C506&#038;ssl=1\" alt=\"\" class=\"wp-image-4778\" srcset=\"https:\/\/i0.wp.com\/uniapplygermany.com\/wp-content\/uploads\/2024\/02\/did_hamburg_lobby.jpg?resize=1024%2C576&amp;ssl=1 1024w, https:\/\/i0.wp.com\/uniapplygermany.com\/wp-content\/uploads\/2024\/02\/did_hamburg_lobby.jpg?resize=300%2C169&amp;ssl=1 300w, https:\/\/i0.wp.com\/uniapplygermany.com\/wp-content\/uploads\/2024\/02\/did_hamburg_lobby.jpg?resize=768%2C432&amp;ssl=1 768w, https:\/\/i0.wp.com\/uniapplygermany.com\/wp-content\/uploads\/2024\/02\/did_hamburg_lobby.jpg?resize=1536%2C864&amp;ssl=1 1536w, https:\/\/i0.wp.com\/uniapplygermany.com\/wp-content\/uploads\/2024\/02\/did_hamburg_lobby.jpg?resize=1200%2C675&amp;ssl=1 1200w, https:\/\/i0.wp.com\/uniapplygermany.com\/wp-content\/uploads\/2024\/02\/did_hamburg_lobby.jpg?w=1920&amp;ssl=1 1920w, https:\/\/i0.wp.com\/uniapplygermany.com\/wp-content\/uploads\/2024\/02\/did_hamburg_lobby.jpg?w=1800&amp;ssl=1 1800w\" sizes=\"auto, (max-width: 900px) 100vw, 900px\" \/><\/figure>\n\n\n\n<figure class=\"wp-block-image size-large\"><img data-recalc-dims=\"1\" loading=\"lazy\" decoding=\"async\" width=\"900\" height=\"506\" data-attachment-id=\"4780\" data-permalink=\"https:\/\/uniapplygermany.com\/pt\/lingua\/escola-de-linguas\/fez\/01_galeria_estudantil_de_frankfurt\/\" data-orig-file=\"https:\/\/i0.wp.com\/uniapplygermany.com\/wp-content\/uploads\/2024\/02\/01_gallerie_studentenwohnheim_frankfurt.jpg?fit=1920%2C1080&amp;ssl=1\" data-orig-size=\"1920,1080\" data-comments-opened=\"1\" data-image-meta=\"{&quot;aperture&quot;:&quot;0&quot;,&quot;credit&quot;:&quot;&quot;,&quot;camera&quot;:&quot;&quot;,&quot;caption&quot;:&quot;&quot;,&quot;created_timestamp&quot;:&quot;0&quot;,&quot;copyright&quot;:&quot;&quot;,&quot;focal_length&quot;:&quot;0&quot;,&quot;iso&quot;:&quot;0&quot;,&quot;shutter_speed&quot;:&quot;0&quot;,&quot;title&quot;:&quot;&quot;,&quot;orientation&quot;:&quot;0&quot;}\" data-image-title=\"01_gallerie_studentenwohnheim_frankfurt\" data-image-description=\"\" data-image-caption=\"\" data-medium-file=\"https:\/\/i0.wp.com\/uniapplygermany.com\/wp-content\/uploads\/2024\/02\/01_gallerie_studentenwohnheim_frankfurt.jpg?fit=300%2C169&amp;ssl=1\" data-large-file=\"https:\/\/i0.wp.com\/uniapplygermany.com\/wp-content\/uploads\/2024\/02\/01_gallerie_studentenwohnheim_frankfurt.jpg?fit=900%2C506&amp;ssl=1\" data-id=\"4780\" src=\"https:\/\/i0.wp.com\/uniapplygermany.com\/wp-content\/uploads\/2024\/02\/01_gallerie_studentenwohnheim_frankfurt.jpg?resize=900%2C506&#038;ssl=1\" alt=\"\" class=\"wp-image-4780\" srcset=\"https:\/\/i0.wp.com\/uniapplygermany.com\/wp-content\/uploads\/2024\/02\/01_gallerie_studentenwohnheim_frankfurt.jpg?resize=1024%2C576&amp;ssl=1 1024w, https:\/\/i0.wp.com\/uniapplygermany.com\/wp-content\/uploads\/2024\/02\/01_gallerie_studentenwohnheim_frankfurt.jpg?resize=300%2C169&amp;ssl=1 300w, https:\/\/i0.wp.com\/uniapplygermany.com\/wp-content\/uploads\/2024\/02\/01_gallerie_studentenwohnheim_frankfurt.jpg?resize=768%2C432&amp;ssl=1 768w, https:\/\/i0.wp.com\/uniapplygermany.com\/wp-content\/uploads\/2024\/02\/01_gallerie_studentenwohnheim_frankfurt.jpg?resize=1536%2C864&amp;ssl=1 1536w, https:\/\/i0.wp.com\/uniapplygermany.com\/wp-content\/uploads\/2024\/02\/01_gallerie_studentenwohnheim_frankfurt.jpg?resize=1200%2C675&amp;ssl=1 1200w, https:\/\/i0.wp.com\/uniapplygermany.com\/wp-content\/uploads\/2024\/02\/01_gallerie_studentenwohnheim_frankfurt.jpg?w=1920&amp;ssl=1 1920w, https:\/\/i0.wp.com\/uniapplygermany.com\/wp-content\/uploads\/2024\/02\/01_gallerie_studentenwohnheim_frankfurt.jpg?w=1800&amp;ssl=1 1800w\" sizes=\"auto, (max-width: 900px) 100vw, 900px\" \/><\/figure>\n\n\n\n<figure class=\"wp-block-image size-large\"><img data-recalc-dims=\"1\" loading=\"lazy\" decoding=\"async\" width=\"900\" height=\"506\" data-attachment-id=\"4779\" data-permalink=\"https:\/\/uniapplygermany.com\/pt\/lingua\/escola-de-linguas\/fez\/did_german_courses_general\/\" data-orig-file=\"https:\/\/i0.wp.com\/uniapplygermany.com\/wp-content\/uploads\/2024\/02\/did_german_courses_general.jpg?fit=1280%2C720&amp;ssl=1\" data-orig-size=\"1280,720\" data-comments-opened=\"1\" data-image-meta=\"{&quot;aperture&quot;:&quot;0&quot;,&quot;credit&quot;:&quot;&quot;,&quot;camera&quot;:&quot;&quot;,&quot;caption&quot;:&quot;&quot;,&quot;created_timestamp&quot;:&quot;0&quot;,&quot;copyright&quot;:&quot;&quot;,&quot;focal_length&quot;:&quot;0&quot;,&quot;iso&quot;:&quot;0&quot;,&quot;shutter_speed&quot;:&quot;0&quot;,&quot;title&quot;:&quot;&quot;,&quot;orientation&quot;:&quot;0&quot;}\" data-image-title=\"did_german_courses_general\" data-image-description=\"\" data-image-caption=\"\" data-medium-file=\"https:\/\/i0.wp.com\/uniapplygermany.com\/wp-content\/uploads\/2024\/02\/did_german_courses_general.jpg?fit=300%2C169&amp;ssl=1\" data-large-file=\"https:\/\/i0.wp.com\/uniapplygermany.com\/wp-content\/uploads\/2024\/02\/did_german_courses_general.jpg?fit=900%2C506&amp;ssl=1\" data-id=\"4779\" src=\"https:\/\/i0.wp.com\/uniapplygermany.com\/wp-content\/uploads\/2024\/02\/did_german_courses_general.jpg?resize=900%2C506&#038;ssl=1\" alt=\"\" class=\"wp-image-4779\" srcset=\"https:\/\/i0.wp.com\/uniapplygermany.com\/wp-content\/uploads\/2024\/02\/did_german_courses_general.jpg?resize=1024%2C576&amp;ssl=1 1024w, https:\/\/i0.wp.com\/uniapplygermany.com\/wp-content\/uploads\/2024\/02\/did_german_courses_general.jpg?resize=300%2C169&amp;ssl=1 300w, https:\/\/i0.wp.com\/uniapplygermany.com\/wp-content\/uploads\/2024\/02\/did_german_courses_general.jpg?resize=768%2C432&amp;ssl=1 768w, https:\/\/i0.wp.com\/uniapplygermany.com\/wp-content\/uploads\/2024\/02\/did_german_courses_general.jpg?resize=1200%2C675&amp;ssl=1 1200w, https:\/\/i0.wp.com\/uniapplygermany.com\/wp-content\/uploads\/2024\/02\/did_german_courses_general.jpg?w=1280&amp;ssl=1 1280w\" sizes=\"auto, (max-width: 900px) 100vw, 900px\" \/><\/figure>\n\n\n\n<figure class=\"wp-block-image size-large\"><img data-recalc-dims=\"1\" loading=\"lazy\" decoding=\"async\" width=\"900\" height=\"601\" data-attachment-id=\"4777\" data-permalink=\"https:\/\/uniapplygermany.com\/pt\/lingua\/escola-de-linguas\/fez\/did_augebsurg_students_certificate_01\/\" data-orig-file=\"https:\/\/i0.wp.com\/uniapplygermany.com\/wp-content\/uploads\/2024\/02\/did_augebsurg_students_certificate_01.jpg?fit=1980%2C1322&amp;ssl=1\" data-orig-size=\"1980,1322\" data-comments-opened=\"1\" data-image-meta=\"{&quot;aperture&quot;:&quot;6.3&quot;,&quot;credit&quot;:&quot;&quot;,&quot;camera&quot;:&quot;NIKON D750&quot;,&quot;caption&quot;:&quot;&quot;,&quot;created_timestamp&quot;:&quot;1502287437&quot;,&quot;copyright&quot;:&quot;&quot;,&quot;focal_length&quot;:&quot;19&quot;,&quot;iso&quot;:&quot;800&quot;,&quot;shutter_speed&quot;:&quot;0.01&quot;,&quot;title&quot;:&quot;&quot;,&quot;orientation&quot;:&quot;0&quot;}\" data-image-title=\"did_augebsurg_students_certificate_01\" data-image-description=\"\" data-image-caption=\"\" data-medium-file=\"https:\/\/i0.wp.com\/uniapplygermany.com\/wp-content\/uploads\/2024\/02\/did_augebsurg_students_certificate_01.jpg?fit=300%2C200&amp;ssl=1\" data-large-file=\"https:\/\/i0.wp.com\/uniapplygermany.com\/wp-content\/uploads\/2024\/02\/did_augebsurg_students_certificate_01.jpg?fit=900%2C601&amp;ssl=1\" data-id=\"4777\" src=\"https:\/\/i0.wp.com\/uniapplygermany.com\/wp-content\/uploads\/2024\/02\/did_augebsurg_students_certificate_01.jpg?resize=900%2C601&#038;ssl=1\" alt=\"\" class=\"wp-image-4777\" srcset=\"https:\/\/i0.wp.com\/uniapplygermany.com\/wp-content\/uploads\/2024\/02\/did_augebsurg_students_certificate_01.jpg?resize=1024%2C684&amp;ssl=1 1024w, https:\/\/i0.wp.com\/uniapplygermany.com\/wp-content\/uploads\/2024\/02\/did_augebsurg_students_certificate_01.jpg?resize=300%2C200&amp;ssl=1 300w, https:\/\/i0.wp.com\/uniapplygermany.com\/wp-content\/uploads\/2024\/02\/did_augebsurg_students_certificate_01.jpg?resize=768%2C513&amp;ssl=1 768w, https:\/\/i0.wp.com\/uniapplygermany.com\/wp-content\/uploads\/2024\/02\/did_augebsurg_students_certificate_01.jpg?resize=1536%2C1026&amp;ssl=1 1536w, https:\/\/i0.wp.com\/uniapplygermany.com\/wp-content\/uploads\/2024\/02\/did_augebsurg_students_certificate_01.jpg?resize=1200%2C801&amp;ssl=1 1200w, https:\/\/i0.wp.com\/uniapplygermany.com\/wp-content\/uploads\/2024\/02\/did_augebsurg_students_certificate_01.jpg?w=1980&amp;ssl=1 1980w, https:\/\/i0.wp.com\/uniapplygermany.com\/wp-content\/uploads\/2024\/02\/did_augebsurg_students_certificate_01.jpg?w=1800&amp;ssl=1 1800w\" sizes=\"auto, (max-width: 900px) 100vw, 900px\" \/><\/figure>\n<\/figure>\n\n\n\n<ul class=\"wp-block-list\">\n<li>Localiza\u00e7\u00f5es em locais centrais em Berlim, Hamburgo, Munique e Frankfurt<\/li>\n\n\n\n<li>Pequenos grupos de 10 a 15 alunos<\/li>\n\n\n\n<li>Programa de tempo livre<\/li>\n\n\n\n<li>Alojamento numa resid\u00eancia ou em fam\u00edlias de h\u00f3spedes<\/li>\n<\/ul>\n\n\n\n<p class=\"is-style-info wp-block-paragraph\">A did oferece um curso de alem\u00e3o standard (20 horas por semana) a partir de 120 euros, um curso intensivo (24 horas por semana) a partir de 167 euros e um curso premium (28 horas por semana) a partir de 217 euros.<\/p>\n\n\n\n<p class=\"wp-block-paragraph\">Para cursos com dura\u00e7\u00e3o igual ou superior a tr\u00eas meses, \u00e9 necess\u00e1rio um visto nacional. Para reservas de cursos de seis meses ou mais, apoio para vistos do UniApply Germany&nbsp;<strong>livre<\/strong>.<\/p>\n\n\n\n<p class=\"wp-block-paragraph\">Preencha o formul\u00e1rio e entraremos em contacto consigo por correio eletr\u00f3nico:<\/p>\n\n\n\n<div class=\"wp-block-leadin-hubspot-form-block\">\n\t\t\t\t\t\t<script>\n\t\t\t\t\t\t\twindow.hsFormsOnReady = window.hsFormsOnReady || [];\n\t\t\t\t\t\t\twindow.hsFormsOnReady.push(()=>{\n\t\t\t\t\t\t\t\thbspt.forms.create({\n\t\t\t\t\t\t\t\t\tportalId: 26801513,\n\t\t\t\t\t\t\t\t\tformId: \"e08955e9-eccb-4ea4-8e9d-8028a895aa5b\",\n\t\t\t\t\t\t\t\t\ttarget: \"#hbspt-form-1775493734000-5139528884\",\n\t\t\t\t\t\t\t\t\tregion: \"eu1\",\n\t\t\t\t\t\t\t\t\t\n\t\t\t\t\t\t\t})});\n\t\t\t\t\t\t<\/script>\n\t\t\t\t\t\t<div class=\"hbspt-form\" id=\"hbspt-form-1775493734000-5139528884\"><\/div><\/div>\n<\/div><\/div>","protected":false},"excerpt":{"rendered":"<p>A escola de l\u00ednguas did, fundada em 1970, com instala\u00e7\u00f5es em Berlim, Hamburgo, Munique e Frankfurt, \u00e9 uma das escolas mais populares e reconhecidas na Alemanha. A did \u00e9 um centro de exames TestDaF e telc. A did oferece um curso de alem\u00e3o normal (20 horas por semana) a partir de 120 euros, um curso intensivo (24 horas por semana) a partir de 167 euros e ... <a href=\"https:\/\/uniapplygermany.com\/pt\/lingua\/escola-de-linguas\/fez\/\" class=\"more-link\">Continuar a ler <span class=\"screen-reader-text\">did Sprachinstitut - escola de l\u00ednguas did<\/span><\/a><\/p>","protected":false},"author":189993925,"featured_media":0,"parent":394,"menu_order":0,"comment_status":"closed","ping_status":"closed","template":"","meta":{"_coblocks_attr":"","_coblocks_dimensions":"","_coblocks_responsive_height":"","_coblocks_accordion_ie_support":"","_crdt_document":"","content-type":"","advanced_seo_description":"\u041f\u043b\u0430\u043d\u0438\u0440\u0443\u0435\u0442\u0435 \u0438\u0437\u0443\u0447\u0430\u0442\u044c \u043d\u0435\u043c\u0435\u0446\u043a\u0438\u0439 \u044f\u0437\u044b\u043a \u0432 \u0413\u0435\u0440\u043c\u0430\u043d\u0438\u0438? \u042f\u0437\u044b\u043a\u043e\u0432\u0430\u044f \u0448\u043a\u043e\u043b\u0430 DID \u043f\u0440\u0435\u0434\u043b\u0430\u0433\u0430\u0435\u0442 \u0432\u044b\u0441\u043e\u043a\u043e\u043a\u0430\u0447\u0435\u0441\u0442\u0432\u0435\u043d\u043d\u044b\u0435 \u043a\u0443\u0440\u0441\u044b, \u0430 \u0442\u0430\u043a\u0436\u0435 \u043f\u043e\u043c\u043e\u0449\u044c \u0432 \u043f\u043e\u043b\u0443\u0447\u0435\u043d\u0438\u0438 \u043d\u0430\u0446\u0438\u043e\u043d\u0430\u043b\u044c\u043d\u043e\u0439 \u0432\u0438\u0437\u044b \u0434\u043b\u044f \u0443\u0447\u0435\u0431\u044b. \u0423\u0437\u043d\u0430\u0439\u0442\u0435 \u043e \u043d\u0430\u0448\u0438\u0445 \u043f\u0440\u043e\u0433\u0440\u0430\u043c\u043c\u0430\u0445 \u043e\u0431\u0443\u0447\u0435\u043d\u0438\u044f \u0438 \u0432\u0430\u0436\u043d\u044b\u0445 \u0434\u0435\u0442\u0430\u043b\u044f\u0445 \u043e\u0444\u043e\u0440\u043c\u043b\u0435\u043d\u0438\u044f \u0432\u0438\u0437\u044b, \u0447\u0442\u043e\u0431\u044b \u0441\u0434\u0435\u043b\u0430\u0442\u044c \u0432\u0430\u0448\u0435 \u043f\u0443\u0442\u0435\u0448\u0435\u0441\u0442\u0432\u0438\u0435 \u043a \u0438\u0437\u0443\u0447\u0435\u043d\u0438\u044e \u044f\u0437\u044b\u043a\u0430 \u0432 \u0413\u0435\u0440\u043c\u0430\u043d\u0438\u0438 \u043b\u0435\u0433\u043a\u0438\u043c \u0438 \u0431\u0435\u0437\u0437\u0430\u0431\u043e\u0442\u043d\u044b\u043c.","jetpack_seo_html_title":"\u0418\u0437\u0443\u0447\u0435\u043d\u0438\u0435 \u043d\u0435\u043c\u0435\u0446\u043a\u043e\u0433\u043e \u044f\u0437\u044b\u043a\u0430 \u0432 \u0413\u0435\u0440\u043c\u0430\u043d\u0438\u0438: \u042f\u0437\u044b\u043a\u043e\u0432\u0430\u044f \u0448\u043a\u043e\u043b\u0430 DID \u0438 \u043f\u0440\u043e\u0446\u0435\u0441\u0441 \u043f\u043e\u043b\u0443\u0447\u0435\u043d\u0438\u044f \u043d\u0430\u0446\u0438\u043e\u043d\u0430\u043b\u044c\u043d\u043e\u0439 \u0432\u0438\u0437\u044b","jetpack_seo_noindex":false,"jetpack_post_was_ever_published":false,"footnotes":""},"tags":[],"class_list":["post-4774","page","type-page","status-publish","hentry"],"jetpack_likes_enabled":false,"jetpack_sharing_enabled":false,"jetpack_shortlink":"https:\/\/wp.me\/Pcd2VE-1f0","jetpack-related-posts":[],"_links":{"self":[{"href":"https:\/\/uniapplygermany.com\/pt\/wp-json\/wp\/v2\/pages\/4774","targetHints":{"allow":["GET"]}}],"collection":[{"href":"https:\/\/uniapplygermany.com\/pt\/wp-json\/wp\/v2\/pages"}],"about":[{"href":"https:\/\/uniapplygermany.com\/pt\/wp-json\/wp\/v2\/types\/page"}],"author":[{"embeddable":true,"href":"https:\/\/uniapplygermany.com\/pt\/wp-json\/wp\/v2\/users\/189993925"}],"replies":[{"embeddable":true,"href":"https:\/\/uniapplygermany.com\/pt\/wp-json\/wp\/v2\/comments?post=4774"}],"version-history":[{"count":4,"href":"https:\/\/uniapplygermany.com\/pt\/wp-json\/wp\/v2\/pages\/4774\/revisions"}],"predecessor-version":[{"id":4782,"href":"https:\/\/uniapplygermany.com\/pt\/wp-json\/wp\/v2\/pages\/4774\/revisions\/4782"}],"up":[{"embeddable":true,"href":"https:\/\/uniapplygermany.com\/pt\/wp-json\/wp\/v2\/pages\/394"}],"wp:attachment":[{"href":"https:\/\/uniapplygermany.com\/pt\/wp-json\/wp\/v2\/media?parent=4774"}],"wp:term":[{"taxonomy":"post_tag","embeddable":true,"href":"https:\/\/uniapplygermany.com\/pt\/wp-json\/wp\/v2\/tags?post=4774"}],"curies":[{"name":"wp","href":"https:\/\/api.w.org\/{rel}","templated":true}]}}