{"id":789,"date":"2020-10-15T13:28:32","date_gmt":"2020-10-15T10:28:32","guid":{"rendered":"http:\/\/uniapplygermany.com\/?page_id=789"},"modified":"2024-11-19T17:00:03","modified_gmt":"2024-11-19T14:00:03","slug":"bacharel","status":"publish","type":"page","link":"https:\/\/uniapplygermany.com\/pt\/estudo\/universidade\/bacharel\/","title":{"rendered":"diploma de bacharelato"},"content":{"rendered":"<div class=\"wp-block-group alignwide\"><div class=\"wp-block-group__inner-container is-layout-flow wp-block-group-is-layout-flow\">\n<h2 class=\"wp-block-heading\">quem pode entrar? <\/h2>\n\n\n\n<p class=\"wp-block-paragraph\">Pode candidatar-se diretamente a um curso de licenciatura numa universidade alem\u00e3 se tiver:<\/p>\n\n\n\n<ul class=\"wp-block-list\">\n<li>um diploma do ensino secund\u00e1rio;<\/li>\n\n\n\n<li>pelo menos um ano de estudos numa universidade acreditada pelo Minist\u00e9rio da Educa\u00e7\u00e3o no pa\u00eds de origem;<\/li>\n\n\n\n<li>prova de conhecimentos lingu\u00edsticos (DSH, TestDaF (com uma nota m\u00ednima de 4 em cada uma das 4 partes, etc.). Pode sempre encontrar informa\u00e7\u00f5es pormenorizadas no s\u00edtio Web da universidade da sua escolha).<\/li>\n<\/ul>\n\n\n\n<h2 class=\"wp-block-heading\">Posso candidatar-me diretamente da escola?<\/h2>\n\n\n\n<p class=\"wp-block-paragraph\">N\u00e3o. Se apenas tiver um certificado de conclus\u00e3o do ensino secund\u00e1rio, ter\u00e1 de efetuar um ano de forma\u00e7\u00e3o pr\u00e9-universit\u00e1ria no St\u00fcdienkolleg. Para mais informa\u00e7\u00f5es, contactar <a href=\"https:\/\/uniapplygermany.com\/pt\/escola-superior\/\">refer\u00eancia<\/a>.<\/p>\n\n\n\n<h2 class=\"wp-block-heading\">como posso candidatar-me?<\/h2>\n\n\n\n<p class=\"wp-block-paragraph\">A candidatura \u00e0 admiss\u00e3o \u00e9 uma quest\u00e3o individual. O processo de candidatura pode variar ligeiramente consoante a universidade escolhida. <\/p>\n\n\n\n<div class=\"wp-block-buttons is-content-justification-left is-layout-flex wp-container-core-buttons-is-layout-63375db1 wp-block-buttons-is-layout-flex\">\n<div class=\"wp-block-button\"><a class=\"wp-block-button__link has-background wp-element-button\" href=\"https:\/\/uniapplygermany.com\/pt\/servico\/consulta\/\" style=\"border-radius:100px;background-color:#a9c85c\">aconselhamento individual<\/a><\/div>\n<\/div>\n\n\n\n<div style=\"height:20px\" aria-hidden=\"true\" class=\"wp-block-spacer\"><\/div>\n\n\n\n<p class=\"wp-block-paragraph\">A maioria das universidades aceita candidaturas de estudantes internacionais atrav\u00e9s de um \u00fanico servi\u00e7o <a href=\"http:\/\/uniapplygermany.com\/pt\/universidade\/assistencia-uni\/\">uni-assist<\/a>.<\/p>\n\n\n\n<div class=\"wp-block-jetpack-layout-grid alignfull column1-desktop-grid__span-2 column1-desktop-grid__start-2 column1-desktop-grid__row-1 column2-desktop-grid__span-5 column2-desktop-grid__start-4 column2-desktop-grid__row-1 column1-tablet-grid__span-4 column1-tablet-grid__row-1 column2-tablet-grid__span-4 column2-tablet-grid__start-5 column2-tablet-grid__row-1 column1-mobile-grid__span-4 column1-mobile-grid__row-1 column2-mobile-grid__span-4 column2-mobile-grid__row-2 are-vertically-aligned-center wp-block-jetpack-layout-gutter__small\">\n<div class=\"wp-block-jetpack-layout-grid-column wp-block-jetpack-layout-grid__padding-none is-vertically-aligned-center\"><div class=\"wp-block-image\">\n<figure class=\"aligncenter size-large is-resized\"><img data-recalc-dims=\"1\" loading=\"lazy\" decoding=\"async\" width=\"500\" height=\"500\" data-attachment-id=\"797\" data-permalink=\"https:\/\/uniapplygermany.com\/pt\/tempo\/\" data-orig-file=\"https:\/\/i0.wp.com\/uniapplygermany.com\/wp-content\/uploads\/2020\/10\/time.png?fit=500%2C500&amp;ssl=1\" data-orig-size=\"500,500\" data-comments-opened=\"1\" data-image-meta=\"{&quot;aperture&quot;:&quot;0&quot;,&quot;credit&quot;:&quot;&quot;,&quot;camera&quot;:&quot;&quot;,&quot;caption&quot;:&quot;&quot;,&quot;created_timestamp&quot;:&quot;0&quot;,&quot;copyright&quot;:&quot;&quot;,&quot;focal_length&quot;:&quot;0&quot;,&quot;iso&quot;:&quot;0&quot;,&quot;shutter_speed&quot;:&quot;0&quot;,&quot;title&quot;:&quot;&quot;,&quot;orientation&quot;:&quot;0&quot;}\" data-image-title=\"time\" data-image-description=\"\" data-image-caption=\"\" data-large-file=\"https:\/\/i0.wp.com\/uniapplygermany.com\/wp-content\/uploads\/2020\/10\/time.png?fit=500%2C500&amp;ssl=1\" src=\"https:\/\/i0.wp.com\/uniapplygermany.com\/wp-content\/uploads\/2020\/10\/time.png?resize=500%2C500&#038;ssl=1\" alt=\"\" class=\"wp-image-797\" style=\"width:125px;height:125px\"\/><\/figure>\n<\/div><\/div>\n\n\n\n<div class=\"wp-block-jetpack-layout-grid-column wp-block-jetpack-layout-grid__padding-none is-vertically-aligned-center\">\n<h5 class=\"wp-block-heading\">Documentos necess\u00e1rios a tratar em primeiro lugar:<\/h5>\n\n\n\n<ul class=\"wp-block-list\">\n<li>tradu\u00e7\u00e3o dos documentos escolares numa l\u00edngua diferente do alem\u00e3o ou do ingl\u00eas. A tradu\u00e7\u00e3o deve ser efectuada, de prefer\u00eancia, por um tradutor ajuramentado que conste da base de dados oficial do Minist\u00e9rio da Justi\u00e7a alem\u00e3o;<\/li>\n\n\n\n<li>c\u00f3pias autenticadas de todos os documentos de escolaridade e de transfer\u00eancia.<\/li>\n<\/ul>\n<\/div>\n<\/div>\n<\/div><\/div>\n\n\n\n<div class=\"wp-block-group alignwide\"><div class=\"wp-block-group__inner-container is-layout-flow wp-block-group-is-layout-flow\">\n<h2 class=\"wp-block-heading\">Quando \u00e9 que me inscrevo?<\/h2>\n\n\n\n<p class=\"wp-block-paragraph\">Pode iniciar os seus estudos numa universidade alem\u00e3 duas vezes por ano, consoante a sua especialidade. <\/p>\n\n\n\n<p class=\"wp-block-paragraph\">As apresenta\u00e7\u00f5es s\u00e3o normalmente efectuadas antes:<\/p>\n\n\n\n<ul class=\"wp-block-list\">\n<li><strong>15 de julho<\/strong>Se est\u00e1 a planear iniciar os seus estudos em <strong>per\u00edodo de inverno <\/strong>(setembro\/outubro);<\/li>\n\n\n\n<li><strong>15 de janeiro<\/strong>Se est\u00e1 a planear iniciar os seus estudos em <strong>per\u00edodo de ver\u00e3o <\/strong>(mar\u00e7o\/abril).<\/li>\n<\/ul>\n\n\n\n<h2 class=\"wp-block-heading\">qual o valor da propina?<\/h2>\n\n\n\n<p class=\"wp-block-paragraph\">O ensino superior na Alemanha \u00e9 gratuito. Aos estudantes \u00e9 cobrada uma taxa semestral de cerca de 100-300 euros, que inclui um bilhete de viagem.<\/p>\n\n\n\n<p class=\"wp-block-paragraph\">A exce\u00e7\u00e3o \u00e9 o Estado de Baden-W\u00fcrttemberg. Um semestre custa 1500 euros. <\/p>\n\n\n\n<p class=\"wp-block-paragraph\">A partir do outono de 2024, a Universidade T\u00e9cnica de Munique introduziu propinas, que custam 2000\/3000 euros por semestre para os cursos de licenciatura e 4000\/6000 euros para os cursos de mestrado. Em algumas universidades de ci\u00eancias aplicadas da Baviera, as propinas custam 500 euros por semestre.<\/p>\n\n\n\n<h2 class=\"wp-block-heading\">Como \u00e9 que o UniApply pode ajudar?<\/h2>\n\n\n\n<p class=\"wp-block-paragraph\">Prestamos um servi\u00e7o de admiss\u00e3o personalizado, desde a sele\u00e7\u00e3o do programa at\u00e9 ao apoio total.<\/p>\n\n\n\n<div class=\"wp-block-buttons is-content-justification-left is-layout-flex wp-container-core-buttons-is-layout-63375db1 wp-block-buttons-is-layout-flex\">\n<div class=\"wp-block-button\"><a class=\"wp-block-button__link has-background wp-element-button\" href=\"https:\/\/uniapplygermany.com\/pt\/servico\/uni-preise\/\" style=\"border-radius:100px;background-color:#a9c85c\">Familiarizar-se com a oferta<\/a><\/div>\n<\/div>\n\n\n\n<div style=\"height:20px\" aria-hidden=\"true\" class=\"wp-block-spacer\"><\/div>\n\n\n\n<h2 class=\"wp-block-heading\">Mais alguma pergunta?<\/h2>\n\n\n\n<p class=\"wp-block-paragraph\">Marque uma sess\u00e3o de aconselhamento inicial com uma avalia\u00e7\u00e3o das suas hip\u00f3teses de admiss\u00e3o.<\/p>\n\n\n\n<div class=\"wp-block-buttons is-content-justification-left is-layout-flex wp-container-core-buttons-is-layout-63375db1 wp-block-buttons-is-layout-flex\">\n<div class=\"wp-block-button\"><a class=\"wp-block-button__link has-background wp-element-button\" href=\"https:\/\/uniapplygermany.com\/pt\/servico\/consulta\/\" style=\"border-radius:100px;background-color:#a9c85c\">marcar uma consulta<\/a><\/div>\n<\/div>\n<\/div><\/div>","protected":false},"excerpt":{"rendered":"<p>quem pode candidatar-se? Pode candidatar-se diretamente a um curso de licenciatura numa universidade alem\u00e3 se tiver: Posso candidatar-me diretamente da escola? N\u00e3o. Se apenas tiver um certificado escolar, tem de completar um ano de forma\u00e7\u00e3o pr\u00e9-universit\u00e1ria num St\u00fcdienkolleg. Para mais informa\u00e7\u00f5es, consulte a hiperliga\u00e7\u00e3o. Como posso candidatar-me? A candidatura \u00e0 admiss\u00e3o \u00e9 uma quest\u00e3o individual. O processo de candidatura pode variar ligeiramente consoante a ... <a href=\"https:\/\/uniapplygermany.com\/pt\/estudo\/universidade\/bacharel\/\" class=\"more-link\">Continuar a ler <span class=\"screen-reader-text\">diploma de bacharelato<\/span><\/a><\/p>","protected":false},"author":189993925,"featured_media":0,"parent":746,"menu_order":0,"comment_status":"closed","ping_status":"closed","template":"","meta":{"_coblocks_attr":"","_coblocks_dimensions":"","_coblocks_responsive_height":"","_coblocks_accordion_ie_support":"","_crdt_document":"","content-type":"","advanced_seo_description":"","jetpack_seo_html_title":"","jetpack_seo_noindex":false,"jetpack_post_was_ever_published":false,"footnotes":""},"tags":[706306511,26226337,706306649,706306603,189930090,704051100,706306632,427090862,706306425,706306659,339468578,706306592],"class_list":["post-789","page","type-page","status-publish","hentry","tag-706306511","tag-26226337","tag-706306649","tag-706306603","tag-189930090","tag-704051100","tag-706306632","tag-427090862","tag-706306425","tag-706306659","tag-339468578","tag-706306592"],"jetpack_likes_enabled":false,"jetpack_sharing_enabled":false,"jetpack_shortlink":"https:\/\/wp.me\/Pcd2VE-cJ","jetpack-related-posts":[],"_links":{"self":[{"href":"https:\/\/uniapplygermany.com\/pt\/wp-json\/wp\/v2\/pages\/789","targetHints":{"allow":["GET"]}}],"collection":[{"href":"https:\/\/uniapplygermany.com\/pt\/wp-json\/wp\/v2\/pages"}],"about":[{"href":"https:\/\/uniapplygermany.com\/pt\/wp-json\/wp\/v2\/types\/page"}],"author":[{"embeddable":true,"href":"https:\/\/uniapplygermany.com\/pt\/wp-json\/wp\/v2\/users\/189993925"}],"replies":[{"embeddable":true,"href":"https:\/\/uniapplygermany.com\/pt\/wp-json\/wp\/v2\/comments?post=789"}],"version-history":[{"count":30,"href":"https:\/\/uniapplygermany.com\/pt\/wp-json\/wp\/v2\/pages\/789\/revisions"}],"predecessor-version":[{"id":5420,"href":"https:\/\/uniapplygermany.com\/pt\/wp-json\/wp\/v2\/pages\/789\/revisions\/5420"}],"up":[{"embeddable":true,"href":"https:\/\/uniapplygermany.com\/pt\/wp-json\/wp\/v2\/pages\/746"}],"wp:attachment":[{"href":"https:\/\/uniapplygermany.com\/pt\/wp-json\/wp\/v2\/media?parent=789"}],"wp:term":[{"taxonomy":"post_tag","embeddable":true,"href":"https:\/\/uniapplygermany.com\/pt\/wp-json\/wp\/v2\/tags?post=789"}],"curies":[{"name":"wp","href":"https:\/\/api.w.org\/{rel}","templated":true}]}}