{"id":837,"date":"2020-10-16T17:50:45","date_gmt":"2020-10-16T14:50:45","guid":{"rendered":"http:\/\/uniapplygermany.com\/?page_id=837"},"modified":"2023-02-19T17:10:23","modified_gmt":"2023-02-19T14:10:23","slug":"mestre","status":"publish","type":"page","link":"https:\/\/uniapplygermany.com\/pt\/estudo\/universidade\/mestre\/","title":{"rendered":"magistratura"},"content":{"rendered":"<div class=\"wp-block-jetpack-layout-grid alignfull column1-desktop-grid__span-1 column1-desktop-grid__start-3 column1-desktop-grid__row-1 column2-desktop-grid__span-6 column2-desktop-grid__start-4 column2-desktop-grid__row-1 column1-tablet-grid__span-4 column1-tablet-grid__row-1 column2-tablet-grid__span-4 column2-tablet-grid__start-5 column2-tablet-grid__row-1 column1-mobile-grid__span-4 column1-mobile-grid__row-1 column2-mobile-grid__span-4 column2-mobile-grid__row-2 wp-block-jetpack-layout-gutter__small\">\n<div class=\"wp-block-jetpack-layout-grid-column wp-block-jetpack-layout-grid__padding-none\"><div class=\"wp-block-image\">\n<figure class=\"aligncenter size-large is-resized\"><img data-recalc-dims=\"1\" loading=\"lazy\" decoding=\"async\" data-attachment-id=\"843\" data-permalink=\"https:\/\/uniapplygermany.com\/pt\/1-3\/\" data-orig-file=\"https:\/\/i0.wp.com\/uniapplygermany.com\/wp-content\/uploads\/2020\/10\/1-3.png?fit=500%2C500&amp;ssl=1\" data-orig-size=\"500,500\" data-comments-opened=\"1\" data-image-meta=\"{&quot;aperture&quot;:&quot;0&quot;,&quot;credit&quot;:&quot;&quot;,&quot;camera&quot;:&quot;&quot;,&quot;caption&quot;:&quot;&quot;,&quot;created_timestamp&quot;:&quot;0&quot;,&quot;copyright&quot;:&quot;&quot;,&quot;focal_length&quot;:&quot;0&quot;,&quot;iso&quot;:&quot;0&quot;,&quot;shutter_speed&quot;:&quot;0&quot;,&quot;title&quot;:&quot;&quot;,&quot;orientation&quot;:&quot;0&quot;}\" data-image-title=\"1-3\" data-image-description=\"\" data-image-caption=\"\" data-medium-file=\"https:\/\/i0.wp.com\/uniapplygermany.com\/wp-content\/uploads\/2020\/10\/1-3.png?fit=300%2C300&amp;ssl=1\" data-large-file=\"https:\/\/i0.wp.com\/uniapplygermany.com\/wp-content\/uploads\/2020\/10\/1-3.png?fit=500%2C500&amp;ssl=1\" src=\"https:\/\/i0.wp.com\/uniapplygermany.com\/wp-content\/uploads\/2020\/10\/1-3.png?resize=80%2C80&#038;ssl=1\" alt=\"\" class=\"wp-image-843\" width=\"80\" height=\"80\"\/><\/figure>\n<\/div><\/div>\n\n\n\n<div class=\"wp-block-jetpack-layout-grid-column wp-block-jetpack-layout-grid__padding-none\">\n<p class=\"wp-block-paragraph\">O primeiro passo para um programa de mestrado na Alemanha \u00e9 definir claramente os seus objectivos acad\u00e9micos e profissionais. Com base nestes objectivos, pesquise bem o mercado e selecione os programas que lhe interessam. Os principais factores a ter em conta s\u00e3o o programa de estudos, a classifica\u00e7\u00e3o e a localiza\u00e7\u00e3o da universidade, a orienta\u00e7\u00e3o pr\u00e1tica ou te\u00f3rica. Nesta fase, n\u00e3o recomendamos que se limite a um pequeno n\u00famero de programas.<\/p>\n<\/div>\n<\/div>\n\n\n\n<div class=\"wp-block-jetpack-layout-grid alignfull column1-desktop-grid__span-1 column1-desktop-grid__start-3 column1-desktop-grid__row-1 column2-desktop-grid__span-6 column2-desktop-grid__start-4 column2-desktop-grid__row-1 column1-tablet-grid__span-4 column1-tablet-grid__row-1 column2-tablet-grid__span-4 column2-tablet-grid__start-5 column2-tablet-grid__row-1 column1-mobile-grid__span-4 column1-mobile-grid__row-1 column2-mobile-grid__span-4 column2-mobile-grid__row-2 wp-block-jetpack-layout-gutter__small\">\n<div class=\"wp-block-jetpack-layout-grid-column wp-block-jetpack-layout-grid__padding-none\"><div class=\"wp-block-image\">\n<figure class=\"aligncenter size-large is-resized\"><img data-recalc-dims=\"1\" loading=\"lazy\" decoding=\"async\" data-attachment-id=\"844\" data-permalink=\"https:\/\/uniapplygermany.com\/pt\/2-3\/\" data-orig-file=\"https:\/\/i0.wp.com\/uniapplygermany.com\/wp-content\/uploads\/2020\/10\/2-3.png?fit=500%2C500&amp;ssl=1\" data-orig-size=\"500,500\" data-comments-opened=\"1\" data-image-meta=\"{&quot;aperture&quot;:&quot;0&quot;,&quot;credit&quot;:&quot;&quot;,&quot;camera&quot;:&quot;&quot;,&quot;caption&quot;:&quot;&quot;,&quot;created_timestamp&quot;:&quot;0&quot;,&quot;copyright&quot;:&quot;&quot;,&quot;focal_length&quot;:&quot;0&quot;,&quot;iso&quot;:&quot;0&quot;,&quot;shutter_speed&quot;:&quot;0&quot;,&quot;title&quot;:&quot;&quot;,&quot;orientation&quot;:&quot;0&quot;}\" data-image-title=\"2-3\" data-image-description=\"\" data-image-caption=\"\" data-medium-file=\"https:\/\/i0.wp.com\/uniapplygermany.com\/wp-content\/uploads\/2020\/10\/2-3.png?fit=300%2C300&amp;ssl=1\" data-large-file=\"https:\/\/i0.wp.com\/uniapplygermany.com\/wp-content\/uploads\/2020\/10\/2-3.png?fit=500%2C500&amp;ssl=1\" src=\"https:\/\/i0.wp.com\/uniapplygermany.com\/wp-content\/uploads\/2020\/10\/2-3.png?resize=80%2C80&#038;ssl=1\" alt=\"\" class=\"wp-image-844\" width=\"80\" height=\"80\"\/><\/figure>\n<\/div><\/div>\n\n\n\n<div class=\"wp-block-jetpack-layout-grid-column wp-block-jetpack-layout-grid__padding-none\">\n<p class=\"wp-block-paragraph\">Explorar diretamente todos os requisitos para \u00e1reas de interesse <strong>no s\u00edtio Web da universidade<\/strong>. Recomendamos que o fa\u00e7a com, pelo menos, um ano de anteced\u00eancia. Durante este per\u00edodo, ter\u00e1 a oportunidade de melhorar alguns dos crit\u00e9rios:<\/p>\n\n\n\n<ul class=\"wp-block-list\">\n<li>conhecimentos lingu\u00edsticos suficientes confirmados por certificados;<\/li>\n\n\n\n<li>pr\u00e1tica obrigat\u00f3ria;<\/li>\n\n\n\n<li>disponibilidade de certificados (TestAS, GMAT, etc.)<\/li>\n\n\n\n<li>um n\u00famero suficiente de pontos no ECTS em mat\u00e9rias-chave.<\/li>\n<\/ul>\n<\/div>\n<\/div>\n\n\n\n<div class=\"wp-block-jetpack-layout-grid alignfull column1-desktop-grid__span-1 column1-desktop-grid__start-3 column1-desktop-grid__row-1 column2-desktop-grid__span-6 column2-desktop-grid__start-4 column2-desktop-grid__row-1 column1-tablet-grid__span-4 column1-tablet-grid__row-1 column2-tablet-grid__span-4 column2-tablet-grid__start-5 column2-tablet-grid__row-1 column1-mobile-grid__span-4 column1-mobile-grid__row-1 column2-mobile-grid__span-4 column2-mobile-grid__row-2 wp-block-jetpack-layout-gutter__small\">\n<div class=\"wp-block-jetpack-layout-grid-column wp-block-jetpack-layout-grid__padding-none\"><div class=\"wp-block-image\">\n<figure class=\"aligncenter size-large is-resized\"><img data-recalc-dims=\"1\" loading=\"lazy\" decoding=\"async\" data-attachment-id=\"847\" data-permalink=\"https:\/\/uniapplygermany.com\/pt\/3\/\" data-orig-file=\"https:\/\/i0.wp.com\/uniapplygermany.com\/wp-content\/uploads\/2020\/10\/3.png?fit=500%2C500&amp;ssl=1\" data-orig-size=\"500,500\" data-comments-opened=\"1\" data-image-meta=\"{&quot;aperture&quot;:&quot;0&quot;,&quot;credit&quot;:&quot;&quot;,&quot;camera&quot;:&quot;&quot;,&quot;caption&quot;:&quot;&quot;,&quot;created_timestamp&quot;:&quot;0&quot;,&quot;copyright&quot;:&quot;&quot;,&quot;focal_length&quot;:&quot;0&quot;,&quot;iso&quot;:&quot;0&quot;,&quot;shutter_speed&quot;:&quot;0&quot;,&quot;title&quot;:&quot;&quot;,&quot;orientation&quot;:&quot;0&quot;}\" data-image-title=\"3\" data-image-description=\"\" data-image-caption=\"\" data-medium-file=\"https:\/\/i0.wp.com\/uniapplygermany.com\/wp-content\/uploads\/2020\/10\/3.png?fit=300%2C300&amp;ssl=1\" data-large-file=\"https:\/\/i0.wp.com\/uniapplygermany.com\/wp-content\/uploads\/2020\/10\/3.png?fit=500%2C500&amp;ssl=1\" src=\"https:\/\/i0.wp.com\/uniapplygermany.com\/wp-content\/uploads\/2020\/10\/3.png?resize=80%2C80&#038;ssl=1\" alt=\"\" class=\"wp-image-847\" width=\"80\" height=\"80\"\/><\/figure>\n<\/div><\/div>\n\n\n\n<div class=\"wp-block-jetpack-layout-grid-column wp-block-jetpack-layout-grid__padding-none\">\n<p class=\"wp-block-paragraph\">Quando tiver a certeza de que corresponde plenamente ao perfil do candidato, deve come\u00e7ar a preparar o dossier de candidatura:<\/p>\n\n\n\n<ul class=\"wp-block-list\">\n<li>tradu\u00e7\u00f5es de todos os documentos escolares por um tradutor ajuramentado;<\/li>\n\n\n\n<li>c\u00f3pias autenticadas dos documentos. Se tiver v\u00e1rios conjuntos de tradu\u00e7\u00f5es dos seus documentos escolares, n\u00e3o precisa de os autenticar;<\/li>\n\n\n\n<li>biografia sob a forma de um quadro sem omiss\u00f5es;<\/li>\n\n\n\n<li><a href=\"http:\/\/uniapplygermany.com\/pt\/?page_id=867\">carta de motiva\u00e7\u00e3o<\/a>. Uma carta de motiva\u00e7\u00e3o deve seguir os requisitos formais, mas caraterizar-se pela criatividade.<\/li>\n<\/ul>\n<\/div>\n<\/div>\n\n\n\n<div class=\"wp-block-jetpack-layout-grid alignfull column1-desktop-grid__span-1 column1-desktop-grid__start-3 column1-desktop-grid__row-1 column2-desktop-grid__span-6 column2-desktop-grid__start-4 column2-desktop-grid__row-1 column1-tablet-grid__span-4 column1-tablet-grid__row-1 column2-tablet-grid__span-4 column2-tablet-grid__start-5 column2-tablet-grid__row-1 column1-mobile-grid__span-4 column1-mobile-grid__row-1 column2-mobile-grid__span-4 column2-mobile-grid__row-2 wp-block-jetpack-layout-gutter__small\">\n<div class=\"wp-block-jetpack-layout-grid-column wp-block-jetpack-layout-grid__padding-none\"><div class=\"wp-block-image\">\n<figure class=\"aligncenter size-large is-resized\"><img data-recalc-dims=\"1\" loading=\"lazy\" decoding=\"async\" data-attachment-id=\"848\" data-permalink=\"https:\/\/uniapplygermany.com\/pt\/4\/\" data-orig-file=\"https:\/\/i0.wp.com\/uniapplygermany.com\/wp-content\/uploads\/2020\/10\/4.png?fit=500%2C500&amp;ssl=1\" data-orig-size=\"500,500\" data-comments-opened=\"1\" data-image-meta=\"{&quot;aperture&quot;:&quot;0&quot;,&quot;credit&quot;:&quot;&quot;,&quot;camera&quot;:&quot;&quot;,&quot;caption&quot;:&quot;&quot;,&quot;created_timestamp&quot;:&quot;0&quot;,&quot;copyright&quot;:&quot;&quot;,&quot;focal_length&quot;:&quot;0&quot;,&quot;iso&quot;:&quot;0&quot;,&quot;shutter_speed&quot;:&quot;0&quot;,&quot;title&quot;:&quot;&quot;,&quot;orientation&quot;:&quot;0&quot;}\" data-image-title=\"4\" data-image-description=\"\" data-image-caption=\"\" data-medium-file=\"https:\/\/i0.wp.com\/uniapplygermany.com\/wp-content\/uploads\/2020\/10\/4.png?fit=300%2C300&amp;ssl=1\" data-large-file=\"https:\/\/i0.wp.com\/uniapplygermany.com\/wp-content\/uploads\/2020\/10\/4.png?fit=500%2C500&amp;ssl=1\" src=\"https:\/\/i0.wp.com\/uniapplygermany.com\/wp-content\/uploads\/2020\/10\/4.png?resize=80%2C80&#038;ssl=1\" alt=\"\" class=\"wp-image-848\" width=\"80\" height=\"80\"\/><\/figure>\n<\/div><\/div>\n\n\n\n<div class=\"wp-block-jetpack-layout-grid-column wp-block-jetpack-layout-grid__padding-none\">\n<p class=\"wp-block-paragraph\">O s\u00edtio Web de cada uma das universidades selecionadas cont\u00e9m informa\u00e7\u00f5es sobre o processo de candidatura. Existem v\u00e1rios procedimentos b\u00e1sicos:<\/p>\n\n\n\n<ul class=\"wp-block-list\">\n<li>arquivamento direto;<\/li>\n\n\n\n<li>arquivamento via <a href=\"http:\/\/uniapplygermany.com\/pt\/universidade\/assistencia-uni\/\">uni-assist<\/a>;<\/li>\n\n\n\n<li>inqu\u00e9rito <a href=\"http:\/\/uniapplygermany.com\/pt\/?page_id=865\">VPD<\/a> e depois candidatar-se diretamente \u00e0 universidade.<\/li>\n<\/ul>\n<\/div>\n<\/div>\n\n\n\n<div class=\"wp-block-jetpack-layout-grid alignfull column1-desktop-grid__span-1 column1-desktop-grid__start-3 column1-desktop-grid__row-1 column2-desktop-grid__span-6 column2-desktop-grid__start-4 column2-desktop-grid__row-1 column1-tablet-grid__span-4 column1-tablet-grid__row-1 column2-tablet-grid__span-4 column2-tablet-grid__start-5 column2-tablet-grid__row-1 column1-mobile-grid__span-4 column1-mobile-grid__row-1 column2-mobile-grid__span-4 column2-mobile-grid__row-2 wp-block-jetpack-layout-gutter__small\">\n<div class=\"wp-block-jetpack-layout-grid-column wp-block-jetpack-layout-grid__padding-none\"><div class=\"wp-block-image\">\n<figure class=\"aligncenter size-large is-resized\"><img data-recalc-dims=\"1\" loading=\"lazy\" decoding=\"async\" data-attachment-id=\"849\" data-permalink=\"https:\/\/uniapplygermany.com\/pt\/5\/\" data-orig-file=\"https:\/\/i0.wp.com\/uniapplygermany.com\/wp-content\/uploads\/2020\/10\/5.png?fit=500%2C500&amp;ssl=1\" data-orig-size=\"500,500\" data-comments-opened=\"1\" data-image-meta=\"{&quot;aperture&quot;:&quot;0&quot;,&quot;credit&quot;:&quot;&quot;,&quot;camera&quot;:&quot;&quot;,&quot;caption&quot;:&quot;&quot;,&quot;created_timestamp&quot;:&quot;0&quot;,&quot;copyright&quot;:&quot;&quot;,&quot;focal_length&quot;:&quot;0&quot;,&quot;iso&quot;:&quot;0&quot;,&quot;shutter_speed&quot;:&quot;0&quot;,&quot;title&quot;:&quot;&quot;,&quot;orientation&quot;:&quot;0&quot;}\" data-image-title=\"5\" data-image-description=\"\" data-image-caption=\"\" data-medium-file=\"https:\/\/i0.wp.com\/uniapplygermany.com\/wp-content\/uploads\/2020\/10\/5.png?fit=300%2C300&amp;ssl=1\" data-large-file=\"https:\/\/i0.wp.com\/uniapplygermany.com\/wp-content\/uploads\/2020\/10\/5.png?fit=500%2C500&amp;ssl=1\" src=\"https:\/\/i0.wp.com\/uniapplygermany.com\/wp-content\/uploads\/2020\/10\/5.png?resize=80%2C80&#038;ssl=1\" alt=\"\" class=\"wp-image-849\" width=\"80\" height=\"80\"\/><\/figure>\n<\/div><\/div>\n\n\n\n<div class=\"wp-block-jetpack-layout-grid-column wp-block-jetpack-layout-grid__padding-none\">\n<p class=\"wp-block-paragraph\">Ap\u00f3s o envio de todos os documentos, resta aguardar o convite (Zulassung). <\/p>\n\n\n\n<p class=\"wp-block-paragraph\">Note-se que algumas universidades tamb\u00e9m organizam entrevistas (Auswahlgespr\u00e4ch), esta informa\u00e7\u00e3o pode sempre ser encontrada no s\u00edtio Web da universidade.<\/p>\n<\/div>\n<\/div>\n\n\n\n<div class=\"wp-block-jetpack-layout-grid alignfull column1-desktop-grid__span-1 column1-desktop-grid__start-3 column1-desktop-grid__row-1 column2-desktop-grid__span-6 column2-desktop-grid__start-4 column2-desktop-grid__row-1 column1-tablet-grid__span-4 column1-tablet-grid__row-1 column2-tablet-grid__span-4 column2-tablet-grid__start-5 column2-tablet-grid__row-1 column1-mobile-grid__span-4 column1-mobile-grid__row-1 column2-mobile-grid__span-4 column2-mobile-grid__row-2 wp-block-jetpack-layout-gutter__small\">\n<div class=\"wp-block-jetpack-layout-grid-column wp-block-jetpack-layout-grid__padding-none\"><div class=\"wp-block-image\">\n<figure class=\"aligncenter size-large is-resized\"><img data-recalc-dims=\"1\" loading=\"lazy\" decoding=\"async\" data-attachment-id=\"850\" data-permalink=\"https:\/\/uniapplygermany.com\/pt\/6\/\" data-orig-file=\"https:\/\/i0.wp.com\/uniapplygermany.com\/wp-content\/uploads\/2020\/10\/6.png?fit=500%2C500&amp;ssl=1\" data-orig-size=\"500,500\" data-comments-opened=\"1\" data-image-meta=\"{&quot;aperture&quot;:&quot;0&quot;,&quot;credit&quot;:&quot;&quot;,&quot;camera&quot;:&quot;&quot;,&quot;caption&quot;:&quot;&quot;,&quot;created_timestamp&quot;:&quot;0&quot;,&quot;copyright&quot;:&quot;&quot;,&quot;focal_length&quot;:&quot;0&quot;,&quot;iso&quot;:&quot;0&quot;,&quot;shutter_speed&quot;:&quot;0&quot;,&quot;title&quot;:&quot;&quot;,&quot;orientation&quot;:&quot;0&quot;}\" data-image-title=\"6\" data-image-description=\"\" data-image-caption=\"\" data-medium-file=\"https:\/\/i0.wp.com\/uniapplygermany.com\/wp-content\/uploads\/2020\/10\/6.png?fit=300%2C300&amp;ssl=1\" data-large-file=\"https:\/\/i0.wp.com\/uniapplygermany.com\/wp-content\/uploads\/2020\/10\/6.png?fit=500%2C500&amp;ssl=1\" src=\"https:\/\/i0.wp.com\/uniapplygermany.com\/wp-content\/uploads\/2020\/10\/6.png?resize=80%2C80&#038;ssl=1\" alt=\"\" class=\"wp-image-850\" width=\"80\" height=\"80\"\/><\/figure>\n<\/div><\/div>\n\n\n\n<div class=\"wp-block-jetpack-layout-grid-column wp-block-jetpack-layout-grid__padding-none\">\n<p class=\"wp-block-paragraph\">Depois de ter o cobi\u00e7ado Zulassung nas suas m\u00e3os, \u00e9 altura de come\u00e7ar a trabalhar. <a href=\"http:\/\/uniapplygermany.com\/pt\/visto\/\">visto de estudante<\/a> \u0438 <a href=\"https:\/\/uniapplygermany.com\/pt\/seguro-de-doenca\/\">seguro de sa\u00fade<\/a><\/p>\n<\/div>\n<\/div>\n\n\n\n<div class=\"wp-block-group alignwide\"><div class=\"wp-block-group__inner-container is-layout-flow wp-block-group-is-layout-flow\">\n<h2 class=\"wp-block-heading\">Como \u00e9 que o UniApply pode ajudar?<\/h2>\n\n\n\n<p class=\"wp-block-paragraph\">Prestamos um servi\u00e7o de admiss\u00e3o personalizado, desde a sele\u00e7\u00e3o do programa at\u00e9 ao apoio total.<\/p>\n\n\n\n<div class=\"wp-block-buttons coblocks-animate is-content-justification-left is-layout-flex wp-container-core-buttons-is-layout-63375db1 wp-block-buttons-is-layout-flex\" data-coblocks-animation=\"slideInLeft\">\n<div class=\"wp-block-button\"><a class=\"wp-block-button__link has-background wp-element-button\" href=\"https:\/\/uniapplygermany.com\/pt\/servico\/uni-preise\/\" style=\"background-color:#a9c85c\">Familiarizar-se com a oferta<\/a><\/div>\n<\/div>\n<\/div><\/div>\n\n\n\n<div style=\"height:20px\" aria-hidden=\"true\" class=\"wp-block-spacer\"><\/div>\n\n\n\n<div class=\"wp-block-group alignwide\"><div class=\"wp-block-group__inner-container is-layout-flow wp-block-group-is-layout-flow\">\n<h2 class=\"wp-block-heading\">Mais alguma pergunta?<\/h2>\n\n\n\n<p class=\"wp-block-paragraph\">Marque uma sess\u00e3o de aconselhamento inicial com uma avalia\u00e7\u00e3o das suas hip\u00f3teses de admiss\u00e3o.<\/p>\n\n\n\n<div class=\"wp-block-buttons coblocks-animate is-content-justification-left is-layout-flex wp-container-core-buttons-is-layout-63375db1 wp-block-buttons-is-layout-flex\" data-coblocks-animation=\"slideInLeft\">\n<div class=\"wp-block-button\"><a class=\"wp-block-button__link has-background wp-element-button\" href=\"https:\/\/uniapplygermany.com\/pt\/servico\/consulta\/\" style=\"background-color:#a9c85c\">marcar uma consulta<\/a><\/div>\n<\/div>\n<\/div><\/div>\n\n\n\n<p class=\"wp-block-paragraph\"><\/p>","protected":false},"excerpt":{"rendered":"<p>\u041f\u0435\u0440\u0432\u044b\u043c \u0448\u0430\u0433\u043e\u043c \u043d\u0430 \u043f\u0443\u0442\u0438 \u043a \u043c\u0430\u0433\u0438\u0441\u0442\u0440\u0430\u0442\u0443\u0440\u0435 \u0432 \u0413\u0435\u0440\u043c\u0430\u043d\u0438\u0438 \u0441\u0442\u043e\u0438\u0442 \u0447\u0435\u0442\u043a\u043e \u043e\u043f\u0440\u0435\u0434\u0435\u043b\u0438\u0442\u044c \u0441\u0432\u043e\u0438 \u0430\u043a\u0430\u0434\u0435\u043c\u0438\u0447\u0435\u0441\u043a\u0438\u0435 \u0438 \u043a\u0430\u0440\u044c\u0435\u0440\u043d\u044b\u0435 \u0446\u0435\u043b\u0438. \u0418\u0441\u0445\u043e\u0434\u044f \u0438\u0437 \u044d\u0442\u0438\u0445 \u0446\u0435\u043b\u0435\u0439 \u0442\u0449\u0430\u0442\u0435\u043b\u044c\u043d\u043e \u0438\u0437\u0443\u0447\u0438\u0442\u044c \u0440\u044b\u043d\u043e\u043a \u0438 \u043f\u043e\u0434\u043e\u0431\u0440\u0430\u0442\u044c \u0438\u043d\u0442\u0435\u0440\u0435\u0441\u0443\u044e\u0449\u0438\u0435 \u0432\u0430\u0441 \u043f\u0440\u043e\u0433\u0440\u0430\u043c\u043c\u044b. \u041a\u043b\u044e\u0447\u0435\u0432\u044b\u043c\u0438 \u0444\u0430\u043a\u0442\u043e\u0440\u0430\u043c\u0438 \u0437\u0434\u0435\u0441\u044c \u043c\u043e\u0436\u0435\u0442 \u0432\u044b\u0441\u0442\u0443\u043f\u0430\u0442\u044c \u043f\u0440\u043e\u0433\u0440\u0430\u043c\u043c\u0430 \u043e\u0431\u0443\u0447\u0435\u043d\u0438\u044f, \u0440\u0435\u0439\u0442\u0438\u043d\u0433 \u0438 \u043c\u0435\u0441\u0442\u043e\u043f\u043e\u043b\u043e\u0436\u0435\u043d\u0438\u0435 \u0412\u0423\u0417\u0430, \u043f\u0440\u0430\u043a\u0442\u0438\u0447\u0435\u0441\u043a\u0430\u044f \u0438\u043b\u0438 \u0442\u0435\u043e\u0440\u0435\u0442\u0438\u0447\u0435\u0441\u043a\u0430\u044f \u043d\u0430\u043f\u0440\u0430\u0432\u043b\u0435\u043d\u043d\u043e\u0441\u0442\u044c. \u041d\u0430 \u044d\u0442\u043e\u043c \u044d\u0442\u0430\u043f\u0435 \u043c\u044b \u043d\u0435 \u0441\u043e\u0432\u0435\u0442\u0443\u0435\u043c \u043e\u0433\u0440\u0430\u043d\u0438\u0447\u0438\u0432\u0430\u0442\u044c\u0441\u044f \u043c\u0430\u043b\u044b\u043c \u043a\u043e\u043b\u0438\u0447\u0435\u0441\u0442\u0432\u043e\u043c \u043f\u0440\u043e\u0433\u0440\u0430\u043c\u043c. \u0418\u0437\u0443\u0447\u0438\u0442\u044c \u0432\u0441\u0435 &hellip; <a href=\"https:\/\/uniapplygermany.com\/pt\/estudo\/universidade\/mestre\/\" class=\"more-link\">Continuar a ler <span class=\"screen-reader-text\">magistratura<\/span><\/a><\/p>","protected":false},"author":189993925,"featured_media":0,"parent":746,"menu_order":0,"comment_status":"closed","ping_status":"closed","template":"","meta":{"_coblocks_attr":"","_coblocks_dimensions":"","_coblocks_responsive_height":"","_coblocks_accordion_ie_support":"","_crdt_document":"","content-type":"","advanced_seo_description":"","jetpack_seo_html_title":"","jetpack_seo_noindex":false,"jetpack_post_was_ever_published":false,"footnotes":""},"tags":[703105950,305630,706306439,189930090,706306361,704051100,305314092,706306431,706306425,11198449],"class_list":["post-837","page","type-page","status-publish","hentry","tag-703105950","tag-305630","tag-706306439","tag-189930090","tag-706306361","tag-704051100","tag-305314092","tag-706306431","tag-706306425","tag-11198449"],"jetpack_likes_enabled":false,"jetpack_sharing_enabled":false,"jetpack_shortlink":"https:\/\/wp.me\/Pcd2VE-dv","jetpack-related-posts":[],"_links":{"self":[{"href":"https:\/\/uniapplygermany.com\/pt\/wp-json\/wp\/v2\/pages\/837","targetHints":{"allow":["GET"]}}],"collection":[{"href":"https:\/\/uniapplygermany.com\/pt\/wp-json\/wp\/v2\/pages"}],"about":[{"href":"https:\/\/uniapplygermany.com\/pt\/wp-json\/wp\/v2\/types\/page"}],"author":[{"embeddable":true,"href":"https:\/\/uniapplygermany.com\/pt\/wp-json\/wp\/v2\/users\/189993925"}],"replies":[{"embeddable":true,"href":"https:\/\/uniapplygermany.com\/pt\/wp-json\/wp\/v2\/comments?post=837"}],"version-history":[{"count":27,"href":"https:\/\/uniapplygermany.com\/pt\/wp-json\/wp\/v2\/pages\/837\/revisions"}],"predecessor-version":[{"id":3361,"href":"https:\/\/uniapplygermany.com\/pt\/wp-json\/wp\/v2\/pages\/837\/revisions\/3361"}],"up":[{"embeddable":true,"href":"https:\/\/uniapplygermany.com\/pt\/wp-json\/wp\/v2\/pages\/746"}],"wp:attachment":[{"href":"https:\/\/uniapplygermany.com\/pt\/wp-json\/wp\/v2\/media?parent=837"}],"wp:term":[{"taxonomy":"post_tag","embeddable":true,"href":"https:\/\/uniapplygermany.com\/pt\/wp-json\/wp\/v2\/tags?post=837"}],"curies":[{"name":"wp","href":"https:\/\/api.w.org\/{rel}","templated":true}]}}