{"id":937,"date":"2021-04-15T00:05:11","date_gmt":"2021-04-14T21:05:11","guid":{"rendered":"http:\/\/uniapplygermany.com\/?page_id=937"},"modified":"2023-07-15T22:27:47","modified_gmt":"2023-07-15T19:27:47","slug":"plano-de-acao","status":"publish","type":"page","link":"https:\/\/uniapplygermany.com\/pt\/servico\/plano-de-acao\/","title":{"rendered":"plano de inscri\u00e7\u00e3o individualizado"},"content":{"rendered":"<div class=\"wp-block-group alignwide\"><div class=\"wp-block-group__inner-container is-layout-constrained wp-block-group-is-layout-constrained\">\n<p class=\"is-style-warning wp-block-paragraph\">Nota: j\u00e1 n\u00e3o oferecemos este produto. Os nossos clientes preferem pacotes de apoio personalizados. Reserve um pacote de apoio completo em <a href=\"https:\/\/uniapplygermany.com\/pt\/servico\/\">refer\u00eancia<\/a>.<\/p>\n<\/div><\/div>\n\n\n\n<h4 class=\"wp-block-heading alignwide\">O que est\u00e1 inclu\u00eddo num plano individualizado?<\/h4>\n\n\n\n<div class=\"wp-block-jetpack-send-a-message\"><\/div>\n\n\n\n<div class=\"wp-block-group alignwide\"><div class=\"wp-block-group__inner-container is-layout-constrained wp-block-group-is-layout-constrained\">\n<ul class=\"wp-block-list\">\n<li><strong>sele\u00e7\u00e3o de um m\u00e1ximo de 5 programas de forma\u00e7\u00e3o<\/strong> estritamente em fun\u00e7\u00e3o dos seus antecedentes: cr\u00e9ditos do seu diploma, n\u00edvel lingu\u00edstico, certificados de exames internacionais (por exemplo, GMAT), experi\u00eancia profissional, etc.<\/li>\n\n\n\n<li>pormenorizado <strong>lista de documentos<\/strong>com requisitos universit\u00e1rios espec\u00edficos para tradu\u00e7\u00f5es e certifica\u00e7\u00e3o de c\u00f3pias<\/li>\n\n\n\n<li><strong>descri\u00e7\u00e3o do procedimento de apresenta\u00e7\u00e3o<\/strong> Candidaturas \u00e0s universidades, incluindo prazos, portais atrav\u00e9s dos quais as candidaturas s\u00e3o efectuadas e endere\u00e7os postais, se necess\u00e1rio<\/li>\n\n\n\n<li>pormenorizado <strong>orienta\u00e7\u00e3o<\/strong> sobre a utiliza\u00e7\u00e3o do uni-assist (<a href=\"https:\/\/uniapplygermany.com\/pt\/universidade\/assistencia-uni\/\">o que \u00e9 um uni-assist?<\/a>)<\/li>\n<\/ul>\n<\/div><\/div>\n\n\n\n<div class=\"wp-block-group alignwide\"><div class=\"wp-block-group__inner-container is-layout-constrained wp-block-group-is-layout-constrained\">\n<h4 class=\"wp-block-heading\">Em que \u00e9 que um plano de admiss\u00e3o individual difere da sele\u00e7\u00e3o de programas?<\/h4>\n<\/div><\/div>\n\n\n\n<div class=\"wp-block-group alignwide\"><div class=\"wp-block-group__inner-container is-layout-constrained wp-block-group-is-layout-constrained\">\n<p class=\"wp-block-paragraph\">A sele\u00e7\u00e3o do programa n\u00e3o inclui orienta\u00e7\u00f5es sobre a forma de solicitar e utilizar o uni-assist.<\/p>\n<\/div><\/div>\n\n\n\n<div class=\"wp-block-group alignwide\"><div class=\"wp-block-group__inner-container is-layout-constrained wp-block-group-is-layout-constrained\">\n<p class=\"wp-block-paragraph\"><strong>Deixe os seus dados de contacto e n\u00f3s entraremos em contacto consigo!<\/strong><\/p>\n<\/div><\/div>\n\n\n\n<div class=\"wp-block-buttons is-layout-flex wp-block-buttons-is-layout-flex\">\n<div class=\"wp-block-button\"><a class=\"wp-block-button__link has-background wp-element-button\" href=\"https:\/\/uniapplygermany.com\/pt\/servico\/\" style=\"background-color:#a9c85c\">regresso aos servi\u00e7os<\/a><\/div>\n<\/div>\n\n\n\n<hr class=\"wp-block-separator has-alpha-channel-opacity\"\/>\n\n\n\n<div class=\"wp-block-group alignwide\"><div class=\"wp-block-group__inner-container is-layout-constrained wp-block-group-is-layout-constrained\"><\/div><\/div>","protected":false},"excerpt":{"rendered":"<p>Nota: j\u00e1 n\u00e3o oferecemos este produto. Os nossos clientes preferem pacotes de apoio personalizados. Reserve um pacote de apoio completo clicando aqui. O que est\u00e1 inclu\u00eddo num plano individualizado? Em que \u00e9 que um plano de inscri\u00e7\u00e3o individual difere de uma sele\u00e7\u00e3o de programa? A sele\u00e7\u00e3o de programas n\u00e3o inclui orienta\u00e7\u00f5es sobre como aplicar e utilizar o uni-assist. Deixe os seus dados de contacto e n\u00f3s entraremos em contacto consigo!<\/p>","protected":false},"author":189993925,"featured_media":0,"parent":572,"menu_order":0,"comment_status":"closed","ping_status":"closed","template":"","meta":{"_coblocks_attr":"","_coblocks_dimensions":"","_coblocks_responsive_height":"","_coblocks_accordion_ie_support":"","_crdt_document":"","content-type":"","advanced_seo_description":"","jetpack_seo_html_title":"","jetpack_seo_noindex":false,"jetpack_post_was_ever_published":false,"footnotes":""},"tags":[],"class_list":["post-937","page","type-page","status-publish","hentry"],"jetpack_likes_enabled":false,"jetpack_sharing_enabled":false,"jetpack_shortlink":"https:\/\/wp.me\/Pcd2VE-f7","jetpack-related-posts":[],"_links":{"self":[{"href":"https:\/\/uniapplygermany.com\/pt\/wp-json\/wp\/v2\/pages\/937","targetHints":{"allow":["GET"]}}],"collection":[{"href":"https:\/\/uniapplygermany.com\/pt\/wp-json\/wp\/v2\/pages"}],"about":[{"href":"https:\/\/uniapplygermany.com\/pt\/wp-json\/wp\/v2\/types\/page"}],"author":[{"embeddable":true,"href":"https:\/\/uniapplygermany.com\/pt\/wp-json\/wp\/v2\/users\/189993925"}],"replies":[{"embeddable":true,"href":"https:\/\/uniapplygermany.com\/pt\/wp-json\/wp\/v2\/comments?post=937"}],"version-history":[{"count":21,"href":"https:\/\/uniapplygermany.com\/pt\/wp-json\/wp\/v2\/pages\/937\/revisions"}],"predecessor-version":[{"id":3805,"href":"https:\/\/uniapplygermany.com\/pt\/wp-json\/wp\/v2\/pages\/937\/revisions\/3805"}],"up":[{"embeddable":true,"href":"https:\/\/uniapplygermany.com\/pt\/wp-json\/wp\/v2\/pages\/572"}],"wp:attachment":[{"href":"https:\/\/uniapplygermany.com\/pt\/wp-json\/wp\/v2\/media?parent=937"}],"wp:term":[{"taxonomy":"post_tag","embeddable":true,"href":"https:\/\/uniapplygermany.com\/pt\/wp-json\/wp\/v2\/tags?post=937"}],"curies":[{"name":"wp","href":"https:\/\/api.w.org\/{rel}","templated":true}]}}